{"id":8577,"date":"2022-10-21T10:59:55","date_gmt":"2022-10-21T10:59:55","guid":{"rendered":"http:\/\/ssakimya.com\/?post_type=product&#038;p=8577"},"modified":"2022-10-21T10:59:55","modified_gmt":"2022-10-21T10:59:55","slug":"nbr-lite-24-986","status":"publish","type":"product","link":"http:\/\/ssakimya.com\/index.php\/product\/nbr-lite-24-986\/","title":{"rendered":"NBR-Lite\u00ae 24-986"},"content":{"rendered":"","protected":false},"excerpt":{"rendered":"<h2 class=\"glove-title hidden-xs\">NBR-Lite<sup>\u00ae<\/sup>\u00a024-986<\/h2>\n<p>&nbsp;<\/p>\n<div class=\"row glove-info\">\n<div class=\"col-md-12\">\n<table class=\"table table-bordered table-glove-details\">\n<tbody>\n<tr>\n<th width=\"50%\">Tasar\u0131m<\/th>\n<td>Tam kaplamal\u0131<\/td>\n<\/tr>\n<tr>\n<th width=\"50%\">Uzunluk (Boyut 10)<\/th>\n<td>27 cm<\/td>\n<\/tr>\n<tr>\n<th width=\"50%\">Avu\u00e7 kal\u0131nl\u0131\u011f\u0131<\/th>\n<td>1.10 mm<\/td>\n<\/tr>\n<tr>\n<th width=\"50%\">Boylar<\/th>\n<td>Boy 6 (XS) &#8211; Boy 10 (XL)<\/td>\n<\/tr>\n<tr>\n<th>\u00a0EN 388:2016 + A1:2018<\/th>\n<td>4121X<\/td>\n<\/tr>\n<\/tbody>\n<\/table>\n<p><strong>DOK\u00dcMANLAR<\/strong><\/p>\n<p><a href=\"https:\/\/www.atg-glovesolutions.com\/tr\/nbr-lite\/nbr-lite\/24-986\"><span style=\"color: #ff0000;\">ATG Teknik Dok\u00fcman<\/span><\/a><\/p>\n<\/div>\n<\/div>\n","protected":false},"featured_media":8578,"comment_status":"closed","ping_status":"closed","template":"","meta":[],"product_cat":[281,301,67],"product_tag":[],"class_list":["post-8577","product","type-product","status-publish","has-post-thumbnail","hentry","product_cat-atg","product_cat-classic-range","product_cat-el-kol-koruyucular"],"_links":{"self":[{"href":"http:\/\/ssakimya.com\/index.php\/wp-json\/wp\/v2\/product\/8577","targetHints":{"allow":["GET"]}}],"collection":[{"href":"http:\/\/ssakimya.com\/index.php\/wp-json\/wp\/v2\/product"}],"about":[{"href":"http:\/\/ssakimya.com\/index.php\/wp-json\/wp\/v2\/types\/product"}],"replies":[{"embeddable":true,"href":"http:\/\/ssakimya.com\/index.php\/wp-json\/wp\/v2\/comments?post=8577"}],"wp:featuredmedia":[{"embeddable":true,"href":"http:\/\/ssakimya.com\/index.php\/wp-json\/wp\/v2\/media\/8578"}],"wp:attachment":[{"href":"http:\/\/ssakimya.com\/index.php\/wp-json\/wp\/v2\/media?parent=8577"}],"wp:term":[{"taxonomy":"product_cat","embeddable":true,"href":"http:\/\/ssakimya.com\/index.php\/wp-json\/wp\/v2\/product_cat?post=8577"},{"taxonomy":"product_tag","embeddable":true,"href":"http:\/\/ssakimya.com\/index.php\/wp-json\/wp\/v2\/product_tag?post=8577"}],"curies":[{"name":"wp","href":"https:\/\/api.w.org\/{rel}","templated":true}]}}