{"id":8512,"date":"2022-10-20T21:33:39","date_gmt":"2022-10-20T21:33:39","guid":{"rendered":"http:\/\/ssakimya.com\/?post_type=product&#038;p=8512"},"modified":"2022-10-20T21:33:40","modified_gmt":"2022-10-20T21:33:40","slug":"maxiflex-comfort-34-924","status":"publish","type":"product","link":"http:\/\/ssakimya.com\/index.php\/product\/maxiflex-comfort-34-924\/","title":{"rendered":"MaxiFlex\u00ae Comfort\u2122 34-924"},"content":{"rendered":"","protected":false},"excerpt":{"rendered":"<table class=\"table table-bordered table-glove-details\" style=\"height: 231px;\" width=\"541\">\n<tbody>\n<tr>\n<th width=\"50%\">Tasar\u0131m<\/th>\n<td>Avu\u00e7 kaplamal\u0131 \u00f6rg\u00fcl\u00fc bilek<\/td>\n<\/tr>\n<tr>\n<th width=\"50%\">Uzunluk (Boyut 10)<\/th>\n<td>23 cm<\/td>\n<\/tr>\n<tr>\n<th width=\"50%\">Avu\u00e7 kal\u0131nl\u0131\u011f\u0131<\/th>\n<td>1.10 mm<\/td>\n<\/tr>\n<tr>\n<th width=\"50%\">Boylar<\/th>\n<td>Boy 5 (XXS) &#8211; Boy 11 (XXL)<\/td>\n<\/tr>\n<tr>\n<th>Silikon i\u00e7ermez<\/th>\n<td>Evet<\/td>\n<\/tr>\n<tr>\n<th>FDA compliant<\/th>\n<td>Evet<\/td>\n<\/tr>\n<tr>\n<th>\u00a0G\u0131dayla Temas (AB)<\/th>\n<td>Evet<\/td>\n<\/tr>\n<tr>\n<th>\u00a0Dokunmatik ekran uyumlu<\/th>\n<td>Evet<\/td>\n<\/tr>\n<tr>\n<th>\u00a0EN 388:2016 + A1:2018<\/th>\n<td>4121A<\/td>\n<\/tr>\n<tr>\n<th>\u00a0EN 407:2020<\/th>\n<td>X1XXXX<\/td>\n<\/tr>\n<\/tbody>\n<\/table>\n<p><strong>DOK\u00dcMANLAR<\/strong><\/p>\n<p><a href=\"https:\/\/www.atg-glovesolutions.com\/tr\/maxiflex\/maxiflex-comfort\/34-924\"><span style=\"color: #ff0000;\">ATG Teknik Dok\u00fcman<\/span><\/a><\/p>\n","protected":false},"featured_media":8513,"comment_status":"closed","ping_status":"closed","template":"","meta":[],"product_cat":[281,67,297],"product_tag":[],"class_list":["post-8512","product","type-product","status-publish","has-post-thumbnail","hentry","product_cat-atg","product_cat-el-kol-koruyucular","product_cat-maxiflex"],"_links":{"self":[{"href":"http:\/\/ssakimya.com\/index.php\/wp-json\/wp\/v2\/product\/8512","targetHints":{"allow":["GET"]}}],"collection":[{"href":"http:\/\/ssakimya.com\/index.php\/wp-json\/wp\/v2\/product"}],"about":[{"href":"http:\/\/ssakimya.com\/index.php\/wp-json\/wp\/v2\/types\/product"}],"replies":[{"embeddable":true,"href":"http:\/\/ssakimya.com\/index.php\/wp-json\/wp\/v2\/comments?post=8512"}],"wp:featuredmedia":[{"embeddable":true,"href":"http:\/\/ssakimya.com\/index.php\/wp-json\/wp\/v2\/media\/8513"}],"wp:attachment":[{"href":"http:\/\/ssakimya.com\/index.php\/wp-json\/wp\/v2\/media?parent=8512"}],"wp:term":[{"taxonomy":"product_cat","embeddable":true,"href":"http:\/\/ssakimya.com\/index.php\/wp-json\/wp\/v2\/product_cat?post=8512"},{"taxonomy":"product_tag","embeddable":true,"href":"http:\/\/ssakimya.com\/index.php\/wp-json\/wp\/v2\/product_tag?post=8512"}],"curies":[{"name":"wp","href":"https:\/\/api.w.org\/{rel}","templated":true}]}}