{"id":8368,"date":"2022-09-22T22:04:53","date_gmt":"2022-09-22T22:04:53","guid":{"rendered":"http:\/\/ssakimya.com\/?post_type=product&#038;p=8368"},"modified":"2022-09-22T22:04:53","modified_gmt":"2022-09-22T22:04:53","slug":"slip-x-100","status":"publish","type":"product","link":"http:\/\/ssakimya.com\/index.php\/product\/slip-x-100\/","title":{"rendered":"SLIP-X 100"},"content":{"rendered":"","protected":false},"excerpt":{"rendered":"<p><b>\u00d6zellikler:<\/b><\/p>\n<p>&#8211; PU\/PU D\u0131\u015f taban<br \/>\n&#8211; Y\u00fcksek kaliteli, 1.8 mm mikrofiber saya<br \/>\n&#8211; Hava alabilir tekstil astar<br \/>\n&#8211; %50 Daha hafif kompozit burun<br \/>\n&#8211; Kevlar ara taban (Opsiyonel)<br \/>\n&#8211; ESD d\u0131\u015f taban (Opsiyonel)<br \/>\n&#8211; Y\u00fcksek danste ESD Karbon i\u00e7 tabanl\u0131k<br \/>\n&#8211; 35 \/ 48 Numara aral\u0131\u011f\u0131<\/p>\n","protected":false},"featured_media":8370,"comment_status":"closed","ping_status":"closed","template":"","meta":[],"product_cat":[74,340,287],"product_tag":[],"class_list":["post-8368","product","type-product","status-publish","has-post-thumbnail","hentry","product_cat-ayak-koruyucular","product_cat-s1-s1p-sw","product_cat-swolx"],"_links":{"self":[{"href":"http:\/\/ssakimya.com\/index.php\/wp-json\/wp\/v2\/product\/8368","targetHints":{"allow":["GET"]}}],"collection":[{"href":"http:\/\/ssakimya.com\/index.php\/wp-json\/wp\/v2\/product"}],"about":[{"href":"http:\/\/ssakimya.com\/index.php\/wp-json\/wp\/v2\/types\/product"}],"replies":[{"embeddable":true,"href":"http:\/\/ssakimya.com\/index.php\/wp-json\/wp\/v2\/comments?post=8368"}],"wp:featuredmedia":[{"embeddable":true,"href":"http:\/\/ssakimya.com\/index.php\/wp-json\/wp\/v2\/media\/8370"}],"wp:attachment":[{"href":"http:\/\/ssakimya.com\/index.php\/wp-json\/wp\/v2\/media?parent=8368"}],"wp:term":[{"taxonomy":"product_cat","embeddable":true,"href":"http:\/\/ssakimya.com\/index.php\/wp-json\/wp\/v2\/product_cat?post=8368"},{"taxonomy":"product_tag","embeddable":true,"href":"http:\/\/ssakimya.com\/index.php\/wp-json\/wp\/v2\/product_tag?post=8368"}],"curies":[{"name":"wp","href":"https:\/\/api.w.org\/{rel}","templated":true}]}}