{"id":8338,"date":"2022-09-22T21:05:17","date_gmt":"2022-09-22T21:05:17","guid":{"rendered":"http:\/\/ssakimya.com\/?post_type=product&#038;p=8338"},"modified":"2022-09-22T21:05:17","modified_gmt":"2022-09-22T21:05:17","slug":"class-xl-50","status":"publish","type":"product","link":"http:\/\/ssakimya.com\/index.php\/product\/class-xl-50\/","title":{"rendered":"CLASS-XL 50"},"content":{"rendered":"","protected":false},"excerpt":{"rendered":"<p><b>\u00d6zellikler:<\/b><\/p>\n<p>&#8211; PU\/PU D\u0131\u015f taban<br \/>\n&#8211; Y\u00fcksek kalite 1.8-2.0 mm dana vidala deri saya<br \/>\n&#8211; Nefes alabilir tekstil astar<br \/>\n&#8211; %50 Daha hafif 200J kompozit burun<br \/>\n&#8211; Kevlar ara taban (Opsiyonel)<br \/>\n&#8211; Ayak anatomisine uygun i\u00e7 taban<br \/>\n&#8211; 35 \/ 48 Numara aral\u0131\u011f\u0131<\/p>\n","protected":false},"featured_media":8340,"comment_status":"closed","ping_status":"closed","template":"","meta":[],"product_cat":[74,341,342,287],"product_tag":[],"class_list":["post-8338","product","type-product","status-publish","has-post-thumbnail","hentry","product_cat-ayak-koruyucular","product_cat-s2-sw","product_cat-s3-sw","product_cat-swolx"],"_links":{"self":[{"href":"http:\/\/ssakimya.com\/index.php\/wp-json\/wp\/v2\/product\/8338","targetHints":{"allow":["GET"]}}],"collection":[{"href":"http:\/\/ssakimya.com\/index.php\/wp-json\/wp\/v2\/product"}],"about":[{"href":"http:\/\/ssakimya.com\/index.php\/wp-json\/wp\/v2\/types\/product"}],"replies":[{"embeddable":true,"href":"http:\/\/ssakimya.com\/index.php\/wp-json\/wp\/v2\/comments?post=8338"}],"wp:featuredmedia":[{"embeddable":true,"href":"http:\/\/ssakimya.com\/index.php\/wp-json\/wp\/v2\/media\/8340"}],"wp:attachment":[{"href":"http:\/\/ssakimya.com\/index.php\/wp-json\/wp\/v2\/media?parent=8338"}],"wp:term":[{"taxonomy":"product_cat","embeddable":true,"href":"http:\/\/ssakimya.com\/index.php\/wp-json\/wp\/v2\/product_cat?post=8338"},{"taxonomy":"product_tag","embeddable":true,"href":"http:\/\/ssakimya.com\/index.php\/wp-json\/wp\/v2\/product_tag?post=8338"}],"curies":[{"name":"wp","href":"https:\/\/api.w.org\/{rel}","templated":true}]}}