{"id":8298,"date":"2022-09-22T02:03:11","date_gmt":"2022-09-22T02:03:11","guid":{"rendered":"http:\/\/ssakimya.com\/?post_type=product&#038;p=8298"},"modified":"2022-09-22T02:03:11","modified_gmt":"2022-09-22T02:03:11","slug":"trigon-x-10","status":"publish","type":"product","link":"http:\/\/ssakimya.com\/index.php\/product\/trigon-x-10\/","title":{"rendered":"TRIGON-X 10"},"content":{"rendered":"","protected":false},"excerpt":{"rendered":"<p><b>\u00d6zellikler:<\/b><\/p>\n<p>&#8211; PU\/PU D\u0131\u015f taban<br \/>\n&#8211; 1.8-2.0 mm s\u00fcet deri saya<br \/>\n&#8211; Nefes alabilir tekstil astar<br \/>\n&#8211; %50 Daha hafif 200J kompozit burun<br \/>\n&#8211; Kevlar ara taban (Opsiyonel)<br \/>\n&#8211; Ayak anatomisine uygun i\u00e7 taban<br \/>\n&#8211; 35 \/ 48 Numara aral\u0131\u011f\u0131<\/p>\n","protected":false},"featured_media":8299,"comment_status":"closed","ping_status":"closed","template":"","meta":[],"product_cat":[74,340,287],"product_tag":[],"class_list":["post-8298","product","type-product","status-publish","has-post-thumbnail","hentry","product_cat-ayak-koruyucular","product_cat-s1-s1p-sw","product_cat-swolx"],"_links":{"self":[{"href":"http:\/\/ssakimya.com\/index.php\/wp-json\/wp\/v2\/product\/8298","targetHints":{"allow":["GET"]}}],"collection":[{"href":"http:\/\/ssakimya.com\/index.php\/wp-json\/wp\/v2\/product"}],"about":[{"href":"http:\/\/ssakimya.com\/index.php\/wp-json\/wp\/v2\/types\/product"}],"replies":[{"embeddable":true,"href":"http:\/\/ssakimya.com\/index.php\/wp-json\/wp\/v2\/comments?post=8298"}],"wp:featuredmedia":[{"embeddable":true,"href":"http:\/\/ssakimya.com\/index.php\/wp-json\/wp\/v2\/media\/8299"}],"wp:attachment":[{"href":"http:\/\/ssakimya.com\/index.php\/wp-json\/wp\/v2\/media?parent=8298"}],"wp:term":[{"taxonomy":"product_cat","embeddable":true,"href":"http:\/\/ssakimya.com\/index.php\/wp-json\/wp\/v2\/product_cat?post=8298"},{"taxonomy":"product_tag","embeddable":true,"href":"http:\/\/ssakimya.com\/index.php\/wp-json\/wp\/v2\/product_tag?post=8298"}],"curies":[{"name":"wp","href":"https:\/\/api.w.org\/{rel}","templated":true}]}}