{"id":8272,"date":"2022-09-22T01:33:59","date_gmt":"2022-09-22T01:33:59","guid":{"rendered":"http:\/\/ssakimya.com\/?post_type=product&#038;p=8272"},"modified":"2022-09-22T01:33:59","modified_gmt":"2022-09-22T01:33:59","slug":"combo-x-950-pro","status":"publish","type":"product","link":"http:\/\/ssakimya.com\/index.php\/product\/combo-x-950-pro\/","title":{"rendered":"COMBO-X 950 PRO"},"content":{"rendered":"","protected":false},"excerpt":{"rendered":"<p><b>\u00d6zellikler:<\/b><\/p>\n<p>&#8211; PU\/PU D\u0131\u015f taban<br \/>\n&#8211; Kau\u00e7uk d\u0131\u015f taban. HRO 300(Opsiyonel)<br \/>\n&#8211; Y\u00fcksek kaliteli, suya dayan\u0131kl\u0131 1.8-2.0 mm pull up-crazy deri saya<br \/>\n&#8211; PRO-TEX su ge\u00e7irmez saya (Opsiyonel)<br \/>\n&#8211; COOLMAX astar<br \/>\n&#8211; %50 Daha hafif kompozit burun<br \/>\n&#8211; Kevlar ara taban<br \/>\n&#8211; Y\u00fcksek danste ESD Karbon i\u00e7 tabanl\u0131k<br \/>\n&#8211; Nifco ak\u0131ll\u0131 ba\u011fc\u0131k sistemi<br \/>\n&#8211; 35 \/ 48 Numara aral\u0131\u011f\u0131<\/p>\n","protected":false},"featured_media":8274,"comment_status":"closed","ping_status":"closed","template":"","meta":[],"product_cat":[74,342,287],"product_tag":[],"class_list":["post-8272","product","type-product","status-publish","has-post-thumbnail","hentry","product_cat-ayak-koruyucular","product_cat-s3-sw","product_cat-swolx"],"_links":{"self":[{"href":"http:\/\/ssakimya.com\/index.php\/wp-json\/wp\/v2\/product\/8272","targetHints":{"allow":["GET"]}}],"collection":[{"href":"http:\/\/ssakimya.com\/index.php\/wp-json\/wp\/v2\/product"}],"about":[{"href":"http:\/\/ssakimya.com\/index.php\/wp-json\/wp\/v2\/types\/product"}],"replies":[{"embeddable":true,"href":"http:\/\/ssakimya.com\/index.php\/wp-json\/wp\/v2\/comments?post=8272"}],"wp:featuredmedia":[{"embeddable":true,"href":"http:\/\/ssakimya.com\/index.php\/wp-json\/wp\/v2\/media\/8274"}],"wp:attachment":[{"href":"http:\/\/ssakimya.com\/index.php\/wp-json\/wp\/v2\/media?parent=8272"}],"wp:term":[{"taxonomy":"product_cat","embeddable":true,"href":"http:\/\/ssakimya.com\/index.php\/wp-json\/wp\/v2\/product_cat?post=8272"},{"taxonomy":"product_tag","embeddable":true,"href":"http:\/\/ssakimya.com\/index.php\/wp-json\/wp\/v2\/product_tag?post=8272"}],"curies":[{"name":"wp","href":"https:\/\/api.w.org\/{rel}","templated":true}]}}