{"id":8198,"date":"2022-09-22T00:22:51","date_gmt":"2022-09-22T00:22:51","guid":{"rendered":"http:\/\/ssakimya.com\/?post_type=product&#038;p=8198"},"modified":"2022-09-22T22:25:34","modified_gmt":"2022-09-22T22:25:34","slug":"air-x-100","status":"publish","type":"product","link":"http:\/\/ssakimya.com\/index.php\/product\/air-x-100\/","title":{"rendered":"AIR-X 100"},"content":{"rendered":"","protected":false},"excerpt":{"rendered":"<p><b>\u00d6zellikler:<\/b><\/p>\n<p>&#8211; PU\/PU D\u0131\u015f taban<br \/>\n&#8211; Kau\u00e7uk d\u0131\u015f taban. HRO 300(Opsiyonel)<br \/>\n&#8211; %20 Daha hafif ara taban<br \/>\n&#8211; Y\u00fcksek kalite 1.8 mm s\u00fcet mikrofiber saya<br \/>\n&#8211; Hava alabilir ve su ge\u00e7irmez saya<br \/>\n&#8211; %50 Daha hafif kompozit burun<br \/>\n&#8211; Kevlar ara taban<br \/>\n&#8211; Y\u00fcksek yo\u011funluklu i\u00e7 tabanl\u0131k<br \/>\n&#8211; 36 \/ 47 Numara aral\u0131\u011f\u0131<\/p>\n","protected":false},"featured_media":8209,"comment_status":"closed","ping_status":"closed","template":"","meta":[],"product_cat":[74,342,287],"product_tag":[],"class_list":["post-8198","product","type-product","status-publish","has-post-thumbnail","hentry","product_cat-ayak-koruyucular","product_cat-s3-sw","product_cat-swolx"],"_links":{"self":[{"href":"http:\/\/ssakimya.com\/index.php\/wp-json\/wp\/v2\/product\/8198","targetHints":{"allow":["GET"]}}],"collection":[{"href":"http:\/\/ssakimya.com\/index.php\/wp-json\/wp\/v2\/product"}],"about":[{"href":"http:\/\/ssakimya.com\/index.php\/wp-json\/wp\/v2\/types\/product"}],"replies":[{"embeddable":true,"href":"http:\/\/ssakimya.com\/index.php\/wp-json\/wp\/v2\/comments?post=8198"}],"wp:featuredmedia":[{"embeddable":true,"href":"http:\/\/ssakimya.com\/index.php\/wp-json\/wp\/v2\/media\/8209"}],"wp:attachment":[{"href":"http:\/\/ssakimya.com\/index.php\/wp-json\/wp\/v2\/media?parent=8198"}],"wp:term":[{"taxonomy":"product_cat","embeddable":true,"href":"http:\/\/ssakimya.com\/index.php\/wp-json\/wp\/v2\/product_cat?post=8198"},{"taxonomy":"product_tag","embeddable":true,"href":"http:\/\/ssakimya.com\/index.php\/wp-json\/wp\/v2\/product_tag?post=8198"}],"curies":[{"name":"wp","href":"https:\/\/api.w.org\/{rel}","templated":true}]}}