{"id":8118,"date":"2022-09-21T23:39:03","date_gmt":"2022-09-21T23:39:03","guid":{"rendered":"http:\/\/ssakimya.com\/?post_type=product&#038;p=8118"},"modified":"2022-09-21T23:40:07","modified_gmt":"2022-09-21T23:40:07","slug":"bls-800-seri","status":"publish","type":"product","link":"http:\/\/ssakimya.com\/index.php\/product\/bls-800-seri\/","title":{"rendered":"BLS 800 Seri"},"content":{"rendered":"","protected":false},"excerpt":{"rendered":"<p><strong><span>Eolo\u00ae ekshalasyon valfi Ultra<\/span><\/strong><br \/>\n<span>hafif bir membran, solunan havay\u0131 \u00f6ncekinden %30 daha geni\u015f olan maksimum a\u00e7\u0131kl\u0131\u011fa sahip iki b\u00f6lgeye yo\u011funla\u015ft\u0131r\u0131r.\u00a0Bu iyile\u015ftirmeler ile solunum direnci \u00f6nemli \u00f6l\u00e7\u00fcde azal\u0131r.<\/span><\/p>\n<p>&nbsp;<\/p>\n<p><strong><span>Y\u00fcz par\u00e7as\u0131<\/span><\/strong><br \/>\n<span>Geni\u015f y\u00fczey, kullan\u0131c\u0131n\u0131n y\u00fcz\u00fcn\u00fcn daha fazla kaplanmas\u0131n\u0131 ve daha d\u00fc\u015f\u00fck solunum direncini garanti eder.<\/span><\/p>\n<p>&nbsp;<\/p>\n<p><strong><span>Burun klipsi<\/span><\/strong><br \/>\n<span>A\u00e7\u0131kta kalan metal k\u0131s\u0131mlar\u0131 en aza indirgemek i\u00e7in filtre malzemesinin katmanlar\u0131 aras\u0131na dahili olarak yerle\u015ftirilir.<\/span><\/p>\n<p>&nbsp;<\/p>\n<p><strong><span>Katlanabilir<\/span><\/strong><br \/>\n<span>Solunum cihaz\u0131n\u0131n cep boyutunda olmas\u0131n\u0131 ve otomatlar gibi alternatif \u00e7\u00f6z\u00fcmlerle da\u011f\u0131t\u0131labilmesini sa\u011flar.<\/span><\/p>\n<p>&nbsp;<\/p>\n<p><strong><span>Tekli paketli t\u00fcm modeller<\/span><\/strong><br \/>\n<span>Y\u00fczle do\u011frudan temas halinde i\u00e7 maskeye dokunmadan cihaz\u0131 a\u00e7ma imkan\u0131 ile birlikte y\u00fcksek d\u00fczeyde hijyen sa\u011flanmas\u0131na olanak tan\u0131r.<\/span><\/p>\n","protected":false},"featured_media":8161,"comment_status":"closed","ping_status":"closed","template":"","meta":[],"product_cat":[279,73,327],"product_tag":[],"class_list":["post-8118","product","type-product","status-publish","has-post-thumbnail","hentry","product_cat-bls","product_cat-kafa-ve-yuz-koruyuculari","product_cat-tek-kullanimlik-maskeler"],"_links":{"self":[{"href":"http:\/\/ssakimya.com\/index.php\/wp-json\/wp\/v2\/product\/8118","targetHints":{"allow":["GET"]}}],"collection":[{"href":"http:\/\/ssakimya.com\/index.php\/wp-json\/wp\/v2\/product"}],"about":[{"href":"http:\/\/ssakimya.com\/index.php\/wp-json\/wp\/v2\/types\/product"}],"replies":[{"embeddable":true,"href":"http:\/\/ssakimya.com\/index.php\/wp-json\/wp\/v2\/comments?post=8118"}],"wp:featuredmedia":[{"embeddable":true,"href":"http:\/\/ssakimya.com\/index.php\/wp-json\/wp\/v2\/media\/8161"}],"wp:attachment":[{"href":"http:\/\/ssakimya.com\/index.php\/wp-json\/wp\/v2\/media?parent=8118"}],"wp:term":[{"taxonomy":"product_cat","embeddable":true,"href":"http:\/\/ssakimya.com\/index.php\/wp-json\/wp\/v2\/product_cat?post=8118"},{"taxonomy":"product_tag","embeddable":true,"href":"http:\/\/ssakimya.com\/index.php\/wp-json\/wp\/v2\/product_tag?post=8118"}],"curies":[{"name":"wp","href":"https:\/\/api.w.org\/{rel}","templated":true}]}}