{"id":8101,"date":"2022-09-21T23:14:05","date_gmt":"2022-09-21T23:14:05","guid":{"rendered":"http:\/\/ssakimya.com\/?post_type=product&#038;p=8101"},"modified":"2022-09-21T23:14:05","modified_gmt":"2022-09-21T23:14:05","slug":"3m-peltor-optime-iii-mansonlu-kulakliklar","status":"publish","type":"product","link":"http:\/\/ssakimya.com\/index.php\/product\/3m-peltor-optime-iii-mansonlu-kulakliklar\/","title":{"rendered":"3M PELTOR Optime III Man\u015fonlu Kulakl\u0131klar"},"content":{"rendered":"","protected":false},"excerpt":{"rendered":"<ul class=\"MMM--pdpList SNAPS--bullets\">\n<li>G\u00fcr\u00fclt\u00fc seviyelerini 35 dB&#8217;ye kadar d\u00fc\u015f\u00fcr\u00fcr<\/li>\n<li>\u00c7ift muhafaza teknolojisi rezonans etkisini en aza indirir<\/li>\n<li>Kulakl\u0131klar\u0131n i\u00e7indeki geni\u015f alan \u0131s\u0131 ve nem birikmesinin en aza indirilmesine yard\u0131mc\u0131 olur<\/li>\n<li>Yumu\u015fak ve geni\u015f k\u00f6p\u00fck yast\u0131klar, kulak \u00e7evresindeki bas\u0131nc\u0131n azalt\u0131lmas\u0131na yard\u0131mc\u0131 olur<\/li>\n<li>Yast\u0131klar ve ekler yedek Hijyen Kitleri olarak bulunabilir<\/li>\n<li>Kafa bantl\u0131, ense bantl\u0131, barete tak\u0131labilir ve Hi-Viz ye\u015fil modelleri mevcuttur<\/li>\n<li>Havaalanlar\u0131, enerji santralleri, gemi makine daireleri ve matbaa gibi son derece g\u00fcr\u00fclt\u00fcl\u00fc ortamlar<\/li>\n<\/ul>\n<p>&nbsp;<\/p>\n<p class=\"SNAPS--pdpTabDes\">3M\u2122 PELTOR\u2122 Optime\u2122 III Man\u015fonlu Kulakl\u0131klar, son derece g\u00fcr\u00fclt\u00fcl\u00fc ortamlarda kullan\u0131ma y\u00f6nelik y\u00fcksek performansl\u0131 i\u015fitme koruyucular\u0131m\u0131zd\u0131r ve g\u00fcr\u00fclt\u00fc seviyelerinde 35 dB&#8217;ye varan azalma sa\u011flar. Rezonans\u0131 en aza indiren \u00e7ift muhafazaya ve kulak \u00e7evresindeki bas\u0131nc\u0131 azaltan yumu\u015fak, geni\u015f ve rahat yast\u0131klara sahiptir. Kafa bantl\u0131, ense bantl\u0131, barete tak\u0131labilir ve Hi-Viz ye\u015fil modelleri mevcuttur.<\/p>\n<p class=\"SNAPS--pdpTabDes\">3M\u2122 PELTOR\u2122 Optime\u2122 III Man\u015fonlu Kulakl\u0131klar ile rahat, y\u00fcksek performansl\u0131 kulak t\u0131kac\u0131 elde edin. Havaalanlar\u0131, elektrik santralleri, gemi makine daireleri ve matbaa gibi son derece g\u00fcr\u00fclt\u00fcl\u00fc ortamlarda kullan\u0131m i\u00e7in idealdir. Man\u015fonlu kulakl\u0131klar\u0131m\u0131z, g\u00fcr\u00fclt\u00fc seviyelerinde 35 dB&#8217;ye varan azalma sa\u011flar ve tutucu muhafazas\u0131ndaki rezonans\u0131 en aza indirerek y\u00fcksek frekansta maksimum s\u00f6n\u00fcmlenme sa\u011flayan \u00e7ift muhafaza teknolojisine sahiptir. Kulakl\u0131klar\u0131n i\u00e7indeki geni\u015f alan, \u0131s\u0131 ve nem birikmesini azaltmaya yard\u0131mc\u0131 olur. Kulak \u00e7evresinde d\u00fc\u015f\u00fck temas bas\u0131nc\u0131 sa\u011flayan yumu\u015fak ve geni\u015f k\u00f6p\u00fck yast\u0131klar sayesinde \u00fcr\u00fcn uzun s\u00fcre rahat\u00e7a kullan\u0131labilir ve kullan\u0131c\u0131 tercihine uyarak uyumlulu\u011fu art\u0131r\u0131r. Man\u015fonlu kulakl\u0131klar\u0131m\u0131z, kullan\u0131c\u0131 i\u00e7in etkili koruma ve en \u00fcst d\u00fczey konfor anlam\u0131na gelir. Hijyen Kitleri olarak bulunabilen yast\u0131klar ve k\u00f6p\u00fck ekler, a\u015f\u0131nmas\u0131 veya hasar g\u00f6rmesi halinde kolayca de\u011fi\u015ftirilebilir ve bu da \u00fcr\u00fcn\u00fcn \u00f6mr\u00fcn\u00fc uzat\u0131r. 3M\u2122 PELTOR\u2122 Optime\u2122 III Man\u015fonlu Kulakl\u0131klar\u0131n kafa bantl\u0131, ense bantl\u0131, barete tak\u0131labilir ve Hi-Viz ye\u015fil modelleri mevcuttur.<\/p>\n","protected":false},"featured_media":8103,"comment_status":"closed","ping_status":"closed","template":"","meta":[],"product_cat":[278,323,73,372],"product_tag":[],"class_list":["post-8101","product","type-product","status-publish","has-post-thumbnail","hentry","product_cat-3m","product_cat-isitme-koruma","product_cat-kafa-ve-yuz-koruyuculari","product_cat-kulakliklar"],"_links":{"self":[{"href":"http:\/\/ssakimya.com\/index.php\/wp-json\/wp\/v2\/product\/8101","targetHints":{"allow":["GET"]}}],"collection":[{"href":"http:\/\/ssakimya.com\/index.php\/wp-json\/wp\/v2\/product"}],"about":[{"href":"http:\/\/ssakimya.com\/index.php\/wp-json\/wp\/v2\/types\/product"}],"replies":[{"embeddable":true,"href":"http:\/\/ssakimya.com\/index.php\/wp-json\/wp\/v2\/comments?post=8101"}],"wp:featuredmedia":[{"embeddable":true,"href":"http:\/\/ssakimya.com\/index.php\/wp-json\/wp\/v2\/media\/8103"}],"wp:attachment":[{"href":"http:\/\/ssakimya.com\/index.php\/wp-json\/wp\/v2\/media?parent=8101"}],"wp:term":[{"taxonomy":"product_cat","embeddable":true,"href":"http:\/\/ssakimya.com\/index.php\/wp-json\/wp\/v2\/product_cat?post=8101"},{"taxonomy":"product_tag","embeddable":true,"href":"http:\/\/ssakimya.com\/index.php\/wp-json\/wp\/v2\/product_tag?post=8101"}],"curies":[{"name":"wp","href":"https:\/\/api.w.org\/{rel}","templated":true}]}}