{"id":8100,"date":"2022-09-21T23:13:56","date_gmt":"2022-09-21T23:13:56","guid":{"rendered":"http:\/\/ssakimya.com\/?post_type=product&#038;p=8100"},"modified":"2022-09-21T23:13:56","modified_gmt":"2022-09-21T23:13:56","slug":"3m-peltor-optime-ii-mansonlu-kulakliklar","status":"publish","type":"product","link":"http:\/\/ssakimya.com\/index.php\/product\/3m-peltor-optime-ii-mansonlu-kulakliklar\/","title":{"rendered":"3M PELTOR Optime II Man\u015fonlu Kulakl\u0131klar"},"content":{"rendered":"","protected":false},"excerpt":{"rendered":"<ul class=\"MMM--pdpList SNAPS--bullets\">\n<li>G\u00fcr\u00fclt\u00fc seviyelerini 31 dB&#8217;ye kadar d\u00fc\u015f\u00fcr\u00fcr<\/li>\n<li>Benzersiz bir s\u0131v\u0131 ve k\u00f6p\u00fck birle\u015fimi ile doldurulmu\u015f s\u0131zd\u0131rmazl\u0131k halkalar\u0131<\/li>\n<li>Kulakl\u0131klar\u0131n i\u00e7indeki geni\u015f alan \u0131s\u0131 ve nem birikmesinin en aza indirilmesine yard\u0131mc\u0131 olur<\/li>\n<li>Yumu\u015fak, geni\u015f yast\u0131klar kulaklar etraf\u0131ndaki bas\u0131nc\u0131n azalt\u0131lmas\u0131na yard\u0131mc\u0131 olur<\/li>\n<li>Yast\u0131klar ve ekler yedek Hijyen Kitleri olarak bulunabilir<\/li>\n<li>Kafa bantl\u0131, ense bantl\u0131, barete tak\u0131labilir ve Hi-Viz ye\u015fil modelleri mevcuttur<\/li>\n<li>Havaalanlar\u0131 ve in\u015faat sahalar\u0131 gibi y\u00fcksek miktarda end\u00fcstriyel g\u00fcr\u00fclt\u00fcn\u00fcn bulundu\u011fu g\u00fcr\u00fclt\u00fcl\u00fc, zorlu ortamlarda ve ziraat i\u015fleri s\u0131ras\u0131nda kullan\u0131n<\/li>\n<\/ul>\n<p>&nbsp;<\/p>\n<p class=\"SNAPS--pdpTabDes\">3M\u2122 PELTOR\u2122 Optime\u2122 II Man\u015fonlu Kulakl\u0131klar, havaalanlar\u0131 ve in\u015faat sahalar\u0131 dahil g\u00fcr\u00fclt\u00fcl\u00fc, zorlu ortamlarda kullan\u0131lmak \u00fczere tasarlanm\u0131\u015f yenilik\u00e7i i\u015fitme koruyucular\u0131m\u0131zd\u0131r ve g\u00fcr\u00fclt\u00fc seviyelerini 31 dB&#8217;ye kadar azalt\u0131r. Bu man\u015fonlu kulakl\u0131klar, benzersiz bir s\u0131v\u0131 ve k\u00f6p\u00fck birle\u015fimi ile doldurulmu\u015f s\u0131zd\u0131rmazl\u0131k halkalar\u0131na sahiptir ve uzun s\u00fcreli kullan\u0131mlarda dahi konfor sa\u011flar ve y\u0131pranma direnci ile uyumu art\u0131r\u0131r.<\/p>\n<p class=\"SNAPS--pdpTabDes\">3M\u2122 PELTOR\u2122 Optime\u2122 II Man\u015fonlu Kulakl\u0131klar ile a\u015f\u0131r\u0131 d\u00fc\u015f\u00fck frekanslara kar\u015f\u0131 dahi koruma sa\u011flayan y\u00fcksek seviyeli kulak t\u0131kac\u0131 elde edin. Havaalanlar\u0131 ve in\u015faat sahalar\u0131 gibi y\u00fcksek miktarda end\u00fcstriyel g\u00fcr\u00fclt\u00fcn\u00fcn bulundu\u011fu g\u00fcr\u00fclt\u00fcl\u00fc, zorlu ortamlarda ve ziraat i\u015fleri s\u0131ras\u0131nda kullan\u0131m i\u00e7in idealdir. Man\u015fonlu kulakl\u0131klar\u0131m\u0131z g\u00fcr\u00fclt\u00fc seviyelerini 31 dB&#8217;ye kadar azalt\u0131r ve benzersiz bir s\u0131v\u0131 ve k\u00f6p\u00fck birle\u015fimi ile doldurulmu\u015f s\u0131zd\u0131rmazl\u0131k halkalar\u0131na sahiptir. Kulakl\u0131klar\u0131n i\u00e7indeki geni\u015f alan \u0131s\u0131 ve nem birikiminin azalt\u0131lmas\u0131na yard\u0131mc\u0131 olurken yumu\u015fak, geni\u015f yast\u0131klar, kulaklar etraf\u0131ndaki bas\u0131nc\u0131n azalt\u0131lmas\u0131na yard\u0131m ederek \u00fcr\u00fcn\u00fcn uzun s\u00fcre rahat\u00e7a kullan\u0131labilmesini sa\u011flar. Hijyen Kitleri olarak bulunabilen yast\u0131klar ve k\u00f6p\u00fck ekler a\u015f\u0131nmas\u0131 veya hasar g\u00f6rmesi halinde kolayca de\u011fi\u015ftirilebilir. Bu da \u00fcr\u00fcn\u00fcn \u00f6mr\u00fcn\u00fc uzat\u0131r. Kafa bantl\u0131, ense bantl\u0131, barete tak\u0131labilir ve Hi-Viz ye\u015fil modellerde mevcuttur.<\/p>\n","protected":false},"featured_media":8102,"comment_status":"closed","ping_status":"closed","template":"","meta":[],"product_cat":[278,323,73,372],"product_tag":[],"class_list":["post-8100","product","type-product","status-publish","has-post-thumbnail","hentry","product_cat-3m","product_cat-isitme-koruma","product_cat-kafa-ve-yuz-koruyuculari","product_cat-kulakliklar"],"_links":{"self":[{"href":"http:\/\/ssakimya.com\/index.php\/wp-json\/wp\/v2\/product\/8100","targetHints":{"allow":["GET"]}}],"collection":[{"href":"http:\/\/ssakimya.com\/index.php\/wp-json\/wp\/v2\/product"}],"about":[{"href":"http:\/\/ssakimya.com\/index.php\/wp-json\/wp\/v2\/types\/product"}],"replies":[{"embeddable":true,"href":"http:\/\/ssakimya.com\/index.php\/wp-json\/wp\/v2\/comments?post=8100"}],"wp:featuredmedia":[{"embeddable":true,"href":"http:\/\/ssakimya.com\/index.php\/wp-json\/wp\/v2\/media\/8102"}],"wp:attachment":[{"href":"http:\/\/ssakimya.com\/index.php\/wp-json\/wp\/v2\/media?parent=8100"}],"wp:term":[{"taxonomy":"product_cat","embeddable":true,"href":"http:\/\/ssakimya.com\/index.php\/wp-json\/wp\/v2\/product_cat?post=8100"},{"taxonomy":"product_tag","embeddable":true,"href":"http:\/\/ssakimya.com\/index.php\/wp-json\/wp\/v2\/product_tag?post=8100"}],"curies":[{"name":"wp","href":"https:\/\/api.w.org\/{rel}","templated":true}]}}