{"id":8092,"date":"2022-09-21T22:49:56","date_gmt":"2022-09-21T22:49:56","guid":{"rendered":"http:\/\/ssakimya.com\/?post_type=product&#038;p=8092"},"modified":"2022-09-21T22:49:57","modified_gmt":"2022-09-21T22:49:57","slug":"3m-m7502-yeniden-kullanilabilir-yarim-yuz-maske","status":"publish","type":"product","link":"http:\/\/ssakimya.com\/index.php\/product\/3m-m7502-yeniden-kullanilabilir-yarim-yuz-maske\/","title":{"rendered":"3M M7502 Yeniden Kullan\u0131labilir Yar\u0131m Y\u00fcz Maske"},"content":{"rendered":"","protected":false},"excerpt":{"rendered":"<div class=\"MMM--hdg MMM--hdg_2 SNAPS--hdg_2 MMM--tabHeader\"><\/div>\n<div class=\"tabContentContainer MMM--contentToggle-target MMM--isActive\">\n<div class=\"MMM--contentPadded MMM--accordionPanel\">\n<div class=\"MMM--grids\">\n<div class=\"MMM--grids-col MMM--grids-col_pdpMain\">\n<ul class=\"MMM--pdpList SNAPS--bullets\">\n<li>3M\u2122 Cool Flow\u2122 Valf Is\u0131 birikmesini etkili bir bi\u00e7imde engelleyerek s\u0131cak ve nemli ortamlarda bile daha serin ve konforlu bir kullan\u0131m sunar.<\/li>\n<li>Daha fazla konfor i\u00e7in ince burun k\u0131sm\u0131.<\/li>\n<li>Gaz, buhar ve partik\u00fcl filtreleri ile kullan\u0131labilir.<\/li>\n<li>Gazlara, buharlara ve partik\u00fcllere kar\u015f\u0131 koruma sa\u011flamak i\u00e7in geni\u015f bir filtre yelpazesine sahip olan s\u00fcng\u00fc ba\u011flant\u0131 sistemi<\/li>\n<\/ul>\n<p class=\"SNAPS--pdpTabDes\">3M\u2122 7500 Serisi Yar\u0131m Y\u00fcz Gaz Maskesi konforlu ve dayan\u0131kl\u0131 solunum korumas\u0131 i\u00e7in geli\u015fmi\u015f silikon materyal i\u00e7erir.<\/p>\n<p class=\"SNAPS--pdpTabDes\">3M\u2122 Yeniden Kullan\u0131labilir Yar\u0131m Y\u00fcz Maske (K\u00fc\u00e7\u00fck) Gri Mavi 10\/Kutu<\/p>\n<\/div>\n<\/div>\n<\/div>\n<\/div>\n","protected":false},"featured_media":8095,"comment_status":"closed","ping_status":"closed","template":"","meta":[],"product_cat":[278,73,368],"product_tag":[],"class_list":["post-8092","product","type-product","status-publish","has-post-thumbnail","hentry","product_cat-3m","product_cat-kafa-ve-yuz-koruyuculari","product_cat-yarim-yuz-maskeler-3m"],"_links":{"self":[{"href":"http:\/\/ssakimya.com\/index.php\/wp-json\/wp\/v2\/product\/8092","targetHints":{"allow":["GET"]}}],"collection":[{"href":"http:\/\/ssakimya.com\/index.php\/wp-json\/wp\/v2\/product"}],"about":[{"href":"http:\/\/ssakimya.com\/index.php\/wp-json\/wp\/v2\/types\/product"}],"replies":[{"embeddable":true,"href":"http:\/\/ssakimya.com\/index.php\/wp-json\/wp\/v2\/comments?post=8092"}],"wp:featuredmedia":[{"embeddable":true,"href":"http:\/\/ssakimya.com\/index.php\/wp-json\/wp\/v2\/media\/8095"}],"wp:attachment":[{"href":"http:\/\/ssakimya.com\/index.php\/wp-json\/wp\/v2\/media?parent=8092"}],"wp:term":[{"taxonomy":"product_cat","embeddable":true,"href":"http:\/\/ssakimya.com\/index.php\/wp-json\/wp\/v2\/product_cat?post=8092"},{"taxonomy":"product_tag","embeddable":true,"href":"http:\/\/ssakimya.com\/index.php\/wp-json\/wp\/v2\/product_tag?post=8092"}],"curies":[{"name":"wp","href":"https:\/\/api.w.org\/{rel}","templated":true}]}}