{"id":8063,"date":"2022-09-21T22:22:13","date_gmt":"2022-09-21T22:22:13","guid":{"rendered":"http:\/\/ssakimya.com\/?post_type=product&#038;p=8063"},"modified":"2022-09-21T22:22:14","modified_gmt":"2022-09-21T22:22:14","slug":"drager-x-plore-8000","status":"publish","type":"product","link":"http:\/\/ssakimya.com\/index.php\/product\/drager-x-plore-8000\/","title":{"rendered":"Dr\u00e4ger X-plore\u00ae 8000"},"content":{"rendered":"","protected":false},"excerpt":{"rendered":"<h1>Dr\u00e4ger X-plore<sup>\u00ae<\/sup>\u00a08000<\/h1>\n<p>&nbsp;<\/p>\n<div class=\"hightlightbox teaser\">\n<div class=\"large\">\n<p>Zorlu \u00e7al\u0131\u015fma ko\u015fullar\u0131 g\u00fcvenilir \u00e7\u00f6z\u00fcmler gerektirir. Dr\u00e4ger X-plore<sup>\u00ae<\/sup>\u00a08000, insanlar\u0131n \u00fczerinde \u00e7al\u0131\u015ft\u0131klar\u0131 i\u015f i\u00e7in y\u00fcksek seviyede g\u00fcvenlik sa\u011flayan ak\u0131ll\u0131 elektronik ekipmanlarla kombine edilmi\u015f sezgisel kullan\u0131ma yepyeni bir boyut katmaktad\u0131r.<\/p>\n<\/div>\n<\/div>\n","protected":false},"featured_media":8065,"comment_status":"closed","ping_status":"closed","template":"","meta":[],"product_cat":[362,73,365],"product_tag":[],"class_list":["post-8063","product","type-product","status-publish","has-post-thumbnail","hentry","product_cat-drager","product_cat-kafa-ve-yuz-koruyuculari","product_cat-motorlu-solunum-koruma-sistemleri"],"_links":{"self":[{"href":"http:\/\/ssakimya.com\/index.php\/wp-json\/wp\/v2\/product\/8063","targetHints":{"allow":["GET"]}}],"collection":[{"href":"http:\/\/ssakimya.com\/index.php\/wp-json\/wp\/v2\/product"}],"about":[{"href":"http:\/\/ssakimya.com\/index.php\/wp-json\/wp\/v2\/types\/product"}],"replies":[{"embeddable":true,"href":"http:\/\/ssakimya.com\/index.php\/wp-json\/wp\/v2\/comments?post=8063"}],"wp:featuredmedia":[{"embeddable":true,"href":"http:\/\/ssakimya.com\/index.php\/wp-json\/wp\/v2\/media\/8065"}],"wp:attachment":[{"href":"http:\/\/ssakimya.com\/index.php\/wp-json\/wp\/v2\/media?parent=8063"}],"wp:term":[{"taxonomy":"product_cat","embeddable":true,"href":"http:\/\/ssakimya.com\/index.php\/wp-json\/wp\/v2\/product_cat?post=8063"},{"taxonomy":"product_tag","embeddable":true,"href":"http:\/\/ssakimya.com\/index.php\/wp-json\/wp\/v2\/product_tag?post=8063"}],"curies":[{"name":"wp","href":"https:\/\/api.w.org\/{rel}","templated":true}]}}