{"id":8039,"date":"2022-09-21T21:55:04","date_gmt":"2022-09-21T21:55:04","guid":{"rendered":"http:\/\/ssakimya.com\/?post_type=product&#038;p=8039"},"modified":"2022-10-21T15:15:35","modified_gmt":"2022-10-21T15:15:35","slug":"6x3","status":"publish","type":"product","link":"http:\/\/ssakimya.com\/index.php\/product\/6x3\/","title":{"rendered":"6X3"},"content":{"rendered":"","protected":false},"excerpt":{"rendered":"<p>Univet Ara\u015ft\u0131rma ve Geli\u015ftirme departman\u0131, daha y\u00fcksek bir koruma seviyesi ile yenilik\u00e7i bir stili birle\u015ftirmek amac\u0131yla 6X3 model tam koruma g\u00f6zl\u00fc\u011f\u00fcn\u00fc tasarlad\u0131. Sonu\u00e7, her t\u00fcrl\u00fc d\u00fczeltici g\u00f6zl\u00fckle rahat\u00e7a kullan\u0131labilen ve m\u00fckemmel bir uyum sa\u011flayan, m\u00fckemmel \u00e7evresel g\u00f6r\u00fc\u015f sunan panoramik lensi ile performans ve tasar\u0131m a\u00e7\u0131s\u0131ndan \u00fcr\u00fcn\u00fcn ortaya konmas\u0131 oldu<\/p>\n<p>&nbsp;<\/p>\n<ul>\n<li>Damlac\u0131klara, s\u0131\u00e7ramalara ve b\u00fcy\u00fck toz par\u00e7ac\u0131klar\u0131na kar\u015f\u0131 koruma i\u00e7in EN166 standard\u0131 uyar\u0131nca &#8220;3&#8221; ve &#8220;4&#8221; markalamas\u0131 ile onaylanm\u0131\u015ft\u0131r<\/li>\n<li>Panoramik lens, numaral\u0131 g\u00f6zl\u00fcklerle kolayca kullan\u0131ma olanak sa\u011flar<\/li>\n<li>H\u0131zl\u0131 de\u011fi\u015ftirilebilir lens sistemi<\/li>\n<li>Yumu\u015fak bir y\u00fcz deste\u011fi i\u00e7in tasarlanm\u0131\u015f \u00e7er\u00e7eve filtreli yar\u0131m y\u00fcz maskeleri ile uyumludur<\/li>\n<li>Bu\u011fu \u00f6nleyici ve \u00e7izilmez ultra performansl\u0131 Vanguard UDC kaplamal\u0131 lenslere sahiptir<\/li>\n<\/ul>\n<p class=\"mb-0\"><strong>\u00c7er\u00e7eve teknolojisi<\/strong><\/p>\n<div class=\"AttributesImages\"><img decoding=\"async\" class=\"js-tooltip lazyloaded\" title=\"\" src=\"https:\/\/www.univetsafety.com\/site\/assets\/files\/1246\/overspec_spectacles.png\" data-src=\"\/site\/assets\/files\/1246\/overspec_spectacles.png\" data-original-title=\"Designed for perfect integration with the prescription glasses, ensuring total protection\" \/><img decoding=\"async\" class=\"js-tooltip lazyloaded\" title=\"\" src=\"https:\/\/www.univetsafety.com\/site\/assets\/files\/1247\/nexxt.png\" data-src=\"\/site\/assets\/files\/1247\/nexxt.png\" data-original-title=\"KKD ler aras\u0131ndaki uyum - Nexxt\" \/><img decoding=\"async\" class=\"js-tooltip lazyloaded\" title=\"\" src=\"https:\/\/www.univetsafety.com\/site\/assets\/files\/4693\/interchangeable_lens.png\" data-src=\"\/site\/assets\/files\/4693\/interchangeable_lens.png\" data-original-title=\"De\u011fi\u015ftirilebilir Lens\" \/><\/div>\n<p class=\"mb-0\"><strong>Lens teknolojileri<\/strong><\/p>\n<div class=\"AttributesImages\"><img decoding=\"async\" class=\"js-tooltip lazyloaded\" title=\"\" src=\"https:\/\/www.univetsafety.com\/site\/assets\/files\/1241\/vultra.png\" data-src=\"\/site\/assets\/files\/1241\/vultra.png\" data-original-title=\"VANGUARD ULTRA - Ultra \u00c7ift Kaplama- d\u0131\u015ftan \u00e7ift \u00e7izilme direnci kaplamas\u0131 ve i\u00e7ten \u00e7ift bu\u011fu direnci kaplamas\u0131 ile ola\u011fan\u00fcst\u00fc performans g\u00f6steren K ve N sertifikal\u0131 kaplama\" \/><\/div>\n<div><\/div>\n<div class=\"AttributesImages\"><img decoding=\"async\" class=\"js-tooltip lazyloaded\" title=\"\" src=\"https:\/\/www.univetsafety.com\/site\/assets\/files\/1238\/uv400.png\" data-src=\"\/site\/assets\/files\/1238\/uv400.png\" data-original-title=\"UV400\" \/><\/div>\n","protected":false},"featured_media":8624,"comment_status":"closed","ping_status":"closed","template":"","meta":[],"product_cat":[73,360,280],"product_tag":[],"class_list":["post-8039","product","type-product","status-publish","has-post-thumbnail","hentry","product_cat-kafa-ve-yuz-koruyuculari","product_cat-tam-koruma-gozlukleri","product_cat-univet"],"_links":{"self":[{"href":"http:\/\/ssakimya.com\/index.php\/wp-json\/wp\/v2\/product\/8039","targetHints":{"allow":["GET"]}}],"collection":[{"href":"http:\/\/ssakimya.com\/index.php\/wp-json\/wp\/v2\/product"}],"about":[{"href":"http:\/\/ssakimya.com\/index.php\/wp-json\/wp\/v2\/types\/product"}],"replies":[{"embeddable":true,"href":"http:\/\/ssakimya.com\/index.php\/wp-json\/wp\/v2\/comments?post=8039"}],"wp:featuredmedia":[{"embeddable":true,"href":"http:\/\/ssakimya.com\/index.php\/wp-json\/wp\/v2\/media\/8624"}],"wp:attachment":[{"href":"http:\/\/ssakimya.com\/index.php\/wp-json\/wp\/v2\/media?parent=8039"}],"wp:term":[{"taxonomy":"product_cat","embeddable":true,"href":"http:\/\/ssakimya.com\/index.php\/wp-json\/wp\/v2\/product_cat?post=8039"},{"taxonomy":"product_tag","embeddable":true,"href":"http:\/\/ssakimya.com\/index.php\/wp-json\/wp\/v2\/product_tag?post=8039"}],"curies":[{"name":"wp","href":"https:\/\/api.w.org\/{rel}","templated":true}]}}