{"id":8025,"date":"2022-09-21T21:28:02","date_gmt":"2022-09-21T21:28:02","guid":{"rendered":"http:\/\/ssakimya.com\/?post_type=product&#038;p=8025"},"modified":"2022-09-21T21:28:02","modified_gmt":"2022-09-21T21:28:02","slug":"5x7","status":"publish","type":"product","link":"http:\/\/ssakimya.com\/index.php\/product\/5x7\/","title":{"rendered":"5X7"},"content":{"rendered":"","protected":false},"excerpt":{"rendered":"<p>5X7 numaral\u0131 g\u00f6zl\u00fcklerle m\u00fckemmel bir entegrasyon i\u00e7in tasarlanm\u0131\u015ft\u0131r. Boylamas\u0131na ayarlanabilen \u00f6zel SoftPad teknolojisi g\u00f6zl\u00fck saplar\u0131 ile birlikte zorlu ko\u015fullarda bile ba\u015fa m\u00fckemmel oturum sa\u011flar.<\/p>\n<p>&nbsp;<\/p>\n<div class=\"u-block-spacer-mt Prose\">\n<ul>\n<li>Numaral\u0131 g\u00f6zl\u00fcklerle m\u00fckemmel entegrasyon<\/li>\n<li>Kau\u00e7uk beslemeli ve e\u011filim hareketli tap\u0131naklar<\/li>\n<li>Uzunlu\u011fu ayarlanabilir g\u00f6zl\u00fck saplar\u0131<\/li>\n<li>Entegre yan korumalar<\/li>\n<\/ul>\n<p>&nbsp;<\/p>\n<\/div>\n<div class=\"u-block-spacer-mt Prose\">\n<p class=\"mb-0\"><strong>Lens teknolojileri<\/strong><\/p>\n<div class=\"AttributesImages\"><img decoding=\"async\" class=\"js-tooltip lazyloaded\" title=\"\" src=\"https:\/\/www.univetsafety.com\/site\/assets\/files\/1240\/vplus.png\" data-src=\"\/site\/assets\/files\/1240\/vplus.png\" data-original-title=\"VANGUARD PLUS - K ve N sertifikal\u0131, y\u00fcksek performansl\u0131, \u00e7izilmeye ve bu\u011fulanmaya kar\u015f\u0131 \u00fcst d\u00fczey koruma\" \/><\/div>\n<div><\/div>\n<div class=\"AttributesImages\"><img decoding=\"async\" class=\"js-tooltip lazyloaded\" title=\"\" src=\"https:\/\/www.univetsafety.com\/site\/assets\/files\/1235\/as.png\" data-src=\"\/site\/assets\/files\/1235\/as.png\" data-original-title=\"\u00c7izilme Direnci (K)\" \/><img decoding=\"async\" class=\"js-tooltip lazyloaded\" title=\"\" src=\"https:\/\/www.univetsafety.com\/site\/assets\/files\/1234\/as.png\" data-src=\"\/site\/assets\/files\/1234\/as.png\" data-original-title=\"\u00c7izilme Direnci\" \/><\/div>\n<div><\/div>\n<div class=\"AttributesImages\"><img decoding=\"async\" class=\"js-tooltip lazyloaded\" title=\"\" src=\"https:\/\/www.univetsafety.com\/site\/assets\/files\/1236\/clear_rfl-x.png\" data-src=\"\/site\/assets\/files\/1236\/clear_rfl-x.png\" data-original-title=\"Yans\u0131ma \u00f6nleyici Clear RFL-X i\u015flemi, parlamay\u0131 ortadan kald\u0131r\u0131p ve g\u00f6rsel kaliteyi art\u0131rarak yaralanma riskini \u00f6nledi\u011fi i\u00e7in aktif bir korumad\u0131r\" \/><\/div>\n<div><\/div>\n<div class=\"AttributesImages\"><img decoding=\"async\" class=\"js-tooltip lazyloaded\" title=\"\" src=\"https:\/\/www.univetsafety.com\/site\/assets\/files\/1238\/uv400.png\" data-src=\"\/site\/assets\/files\/1238\/uv400.png\" data-original-title=\"UV400\" \/><\/div>\n<div><\/div>\n<div class=\"AttributesImages\"><img decoding=\"async\" class=\"js-tooltip lazyloaded\" title=\"\" src=\"https:\/\/www.univetsafety.com\/site\/assets\/files\/1239\/uv525-1.png\" data-src=\"\/site\/assets\/files\/1239\/uv525-1.png\" data-original-title=\"UV525\" \/><img decoding=\"async\" class=\"js-tooltip lazyloaded\" title=\"\" src=\"https:\/\/www.univetsafety.com\/site\/assets\/files\/27264\/uv530.png\" data-src=\"\/site\/assets\/files\/27264\/uv530.png\" data-original-title=\"UV530\" \/><\/div>\n<p class=\"mb-0\"><strong>\u00c7er\u00e7eve teknolojisi<\/strong><\/p>\n<div class=\"AttributesImages\"><img decoding=\"async\" class=\"js-tooltip lazyloaded\" title=\"\" src=\"https:\/\/www.univetsafety.com\/site\/assets\/files\/1246\/overspec_spectacles.png\" data-src=\"\/site\/assets\/files\/1246\/overspec_spectacles.png\" data-original-title=\"Designed for perfect integration with the prescription glasses, ensuring total protection\" \/><img decoding=\"async\" class=\"js-tooltip lazyloaded\" title=\"\" src=\"https:\/\/www.univetsafety.com\/site\/assets\/files\/1243\/length_adj.png\" data-src=\"\/site\/assets\/files\/1243\/length_adj.png\" data-original-title=\"G\u00f6zl\u00fck saplar\u0131n\u0131n uzunluk ayar\u0131\" \/><img decoding=\"async\" class=\"js-tooltip lazyloaded\" title=\"\" src=\"https:\/\/www.univetsafety.com\/site\/assets\/files\/4694\/rubber_terminal.png\" data-src=\"\/site\/assets\/files\/4694\/rubber_terminal.png\" data-original-title=\"Kau\u00e7uk beslemeli g\u00f6zl\u00fck saplar\u0131\" \/><img decoding=\"async\" class=\"js-tooltip lazyloaded\" title=\"\" src=\"https:\/\/www.univetsafety.com\/site\/assets\/files\/4695\/tilting_movement.png\" data-src=\"\/site\/assets\/files\/4695\/tilting_movement.png\" data-original-title=\"E\u011filim hareketli g\u00f6zl\u00fck saplar\u0131\" \/><img decoding=\"async\" class=\"js-tooltip lazyloaded\" title=\"\" src=\"https:\/\/www.univetsafety.com\/site\/assets\/files\/1242\/softpad.png\" data-src=\"\/site\/assets\/files\/1242\/softpad.png\" data-original-title=\"SoftPad\" aria-describedby=\"tooltip214661\" \/><\/div>\n<\/div>\n","protected":false},"featured_media":8027,"comment_status":"closed","ping_status":"closed","template":"","meta":[],"product_cat":[334,73,280],"product_tag":[],"class_list":["post-8025","product","type-product","status-publish","has-post-thumbnail","hentry","product_cat-guvenlik-gozlukleri","product_cat-kafa-ve-yuz-koruyuculari","product_cat-univet"],"_links":{"self":[{"href":"http:\/\/ssakimya.com\/index.php\/wp-json\/wp\/v2\/product\/8025","targetHints":{"allow":["GET"]}}],"collection":[{"href":"http:\/\/ssakimya.com\/index.php\/wp-json\/wp\/v2\/product"}],"about":[{"href":"http:\/\/ssakimya.com\/index.php\/wp-json\/wp\/v2\/types\/product"}],"replies":[{"embeddable":true,"href":"http:\/\/ssakimya.com\/index.php\/wp-json\/wp\/v2\/comments?post=8025"}],"wp:featuredmedia":[{"embeddable":true,"href":"http:\/\/ssakimya.com\/index.php\/wp-json\/wp\/v2\/media\/8027"}],"wp:attachment":[{"href":"http:\/\/ssakimya.com\/index.php\/wp-json\/wp\/v2\/media?parent=8025"}],"wp:term":[{"taxonomy":"product_cat","embeddable":true,"href":"http:\/\/ssakimya.com\/index.php\/wp-json\/wp\/v2\/product_cat?post=8025"},{"taxonomy":"product_tag","embeddable":true,"href":"http:\/\/ssakimya.com\/index.php\/wp-json\/wp\/v2\/product_tag?post=8025"}],"curies":[{"name":"wp","href":"https:\/\/api.w.org\/{rel}","templated":true}]}}