{"id":8021,"date":"2022-09-21T21:24:45","date_gmt":"2022-09-21T21:24:45","guid":{"rendered":"http:\/\/ssakimya.com\/?post_type=product&#038;p=8021"},"modified":"2022-09-21T21:24:45","modified_gmt":"2022-09-21T21:24:45","slug":"5x6","status":"publish","type":"product","link":"http:\/\/ssakimya.com\/index.php\/product\/5x6\/","title":{"rendered":"5X6"},"content":{"rendered":"","protected":false},"excerpt":{"rendered":"<p>5X6, uzun s\u00fcreli koruyucu g\u00f6zl\u00fck kullan\u0131m\u0131 i\u00e7in ideal \u00e7\u00f6z\u00fcmd\u00fcr. Ak\u0131c\u0131 lens teknolojisine sahip yenilik\u00e7i \u00e7er\u00e7eve, patentli SoftPad sistemiyle birlikte, konfor ve m\u00fckemmel korumay\u0131 garanti eder.<\/p>\n<p>&nbsp;<\/p>\n<div class=\"u-block-spacer-mt Prose\">\n<ul>\n<li>Uzun s\u00fcreli kullan\u0131m i\u00e7in ideal, hafif ve rahat \u00fcr\u00fcn<\/li>\n<li>Kau\u00e7uk beslemeli ve kafa yap\u0131s\u0131na g\u00f6re e\u011filim hareketli g\u00f6zl\u00fck saplar\u0131<\/li>\n<li>Uzunlu\u011fu ayarlanabilir g\u00f6zl\u00fck saplar\u0131<\/li>\n<li>Yumu\u015fak ve anatomik, ayarlanabilir burun pabu\u00e7lar\u0131<\/li>\n<li>Ak\u0131c\u0131 Lens teknolojisine sahip \u00e7er\u00e7eve<\/li>\n<\/ul>\n<\/div>\n<div class=\"u-block-spacer-mt Prose\">\n<p class=\"mb-0\"><strong>Lens teknolojileri<\/strong><\/p>\n<div class=\"AttributesImages\"><img decoding=\"async\" class=\"js-tooltip lazyloaded\" title=\"\" src=\"https:\/\/www.univetsafety.com\/site\/assets\/files\/1240\/vplus.png\" data-src=\"\/site\/assets\/files\/1240\/vplus.png\" data-original-title=\"VANGUARD PLUS - K ve N sertifikal\u0131, y\u00fcksek performansl\u0131, \u00e7izilmeye ve bu\u011fulanmaya kar\u015f\u0131 \u00fcst d\u00fczey koruma\" \/><\/div>\n<div><\/div>\n<div class=\"AttributesImages\"><img decoding=\"async\" class=\"js-tooltip lazyloaded\" title=\"\" src=\"https:\/\/www.univetsafety.com\/site\/assets\/files\/1235\/as.png\" data-src=\"\/site\/assets\/files\/1235\/as.png\" data-original-title=\"\u00c7izilme Direnci (K)\" \/><img decoding=\"async\" class=\"js-tooltip lazyloaded\" title=\"\" src=\"https:\/\/www.univetsafety.com\/site\/assets\/files\/1234\/as.png\" data-src=\"\/site\/assets\/files\/1234\/as.png\" data-original-title=\"\u00c7izilme Direnci\" \/><\/div>\n<div><\/div>\n<div class=\"AttributesImages\"><img decoding=\"async\" class=\"js-tooltip lazyloaded\" title=\"\" src=\"https:\/\/www.univetsafety.com\/site\/assets\/files\/1238\/uv400.png\" data-src=\"\/site\/assets\/files\/1238\/uv400.png\" data-original-title=\"UV400\" \/><\/div>\n<p class=\"mb-0\"><strong>\u00c7er\u00e7eve teknolojisi<\/strong><\/p>\n<div class=\"AttributesImages\"><img decoding=\"async\" class=\"js-tooltip lazyloaded\" title=\"\" src=\"https:\/\/www.univetsafety.com\/site\/assets\/files\/1245\/nose_pad.png\" data-src=\"\/site\/assets\/files\/1245\/nose_pad.png\" data-original-title=\"Burun pabucu ayar\u0131\" \/><\/div>\n<div><\/div>\n<div class=\"AttributesImages\"><img decoding=\"async\" class=\"js-tooltip lazyloaded\" title=\"\" src=\"https:\/\/www.univetsafety.com\/site\/assets\/files\/4692\/fld.png\" data-src=\"\/site\/assets\/files\/4692\/fld.png\" data-original-title=\"Ak\u0131c\u0131 lens\" \/><\/div>\n<div><\/div>\n<div class=\"AttributesImages\"><img decoding=\"async\" class=\"js-tooltip lazyloaded\" title=\"\" src=\"https:\/\/www.univetsafety.com\/site\/assets\/files\/1243\/length_adj.png\" data-src=\"\/site\/assets\/files\/1243\/length_adj.png\" data-original-title=\"G\u00f6zl\u00fck saplar\u0131n\u0131n uzunluk ayar\u0131\" \/><img decoding=\"async\" class=\"js-tooltip lazyloaded\" title=\"\" src=\"https:\/\/www.univetsafety.com\/site\/assets\/files\/4694\/rubber_terminal.png\" data-src=\"\/site\/assets\/files\/4694\/rubber_terminal.png\" data-original-title=\"Kau\u00e7uk beslemeli g\u00f6zl\u00fck saplar\u0131\" \/><img decoding=\"async\" class=\"js-tooltip lazyloaded\" title=\"\" src=\"https:\/\/www.univetsafety.com\/site\/assets\/files\/4695\/tilting_movement.png\" data-src=\"\/site\/assets\/files\/4695\/tilting_movement.png\" data-original-title=\"E\u011filim hareketli g\u00f6zl\u00fck saplar\u0131\" \/><img decoding=\"async\" class=\"js-tooltip lazyloaded\" title=\"\" src=\"https:\/\/www.univetsafety.com\/site\/assets\/files\/1242\/softpad.png\" data-src=\"\/site\/assets\/files\/1242\/softpad.png\" data-original-title=\"SoftPad\" aria-describedby=\"tooltip281922\" \/><\/div>\n<\/div>\n","protected":false},"featured_media":8024,"comment_status":"closed","ping_status":"closed","template":"","meta":[],"product_cat":[334,73,280],"product_tag":[],"class_list":["post-8021","product","type-product","status-publish","has-post-thumbnail","hentry","product_cat-guvenlik-gozlukleri","product_cat-kafa-ve-yuz-koruyuculari","product_cat-univet"],"_links":{"self":[{"href":"http:\/\/ssakimya.com\/index.php\/wp-json\/wp\/v2\/product\/8021","targetHints":{"allow":["GET"]}}],"collection":[{"href":"http:\/\/ssakimya.com\/index.php\/wp-json\/wp\/v2\/product"}],"about":[{"href":"http:\/\/ssakimya.com\/index.php\/wp-json\/wp\/v2\/types\/product"}],"replies":[{"embeddable":true,"href":"http:\/\/ssakimya.com\/index.php\/wp-json\/wp\/v2\/comments?post=8021"}],"wp:featuredmedia":[{"embeddable":true,"href":"http:\/\/ssakimya.com\/index.php\/wp-json\/wp\/v2\/media\/8024"}],"wp:attachment":[{"href":"http:\/\/ssakimya.com\/index.php\/wp-json\/wp\/v2\/media?parent=8021"}],"wp:term":[{"taxonomy":"product_cat","embeddable":true,"href":"http:\/\/ssakimya.com\/index.php\/wp-json\/wp\/v2\/product_cat?post=8021"},{"taxonomy":"product_tag","embeddable":true,"href":"http:\/\/ssakimya.com\/index.php\/wp-json\/wp\/v2\/product_tag?post=8021"}],"curies":[{"name":"wp","href":"https:\/\/api.w.org\/{rel}","templated":true}]}}