{"id":7973,"date":"2022-09-21T09:22:37","date_gmt":"2022-09-21T09:22:37","guid":{"rendered":"http:\/\/ssakimya.com\/?post_type=product&#038;p=7973"},"modified":"2022-09-21T09:22:38","modified_gmt":"2022-09-21T09:22:38","slug":"krytech-851","status":"publish","type":"product","link":"http:\/\/ssakimya.com\/index.php\/product\/krytech-851\/","title":{"rendered":"KryTech 851"},"content":{"rendered":"","protected":false},"excerpt":{"rendered":"<h1 class=\"page-title\">KryTech 851<\/h1>\n<p>&nbsp;<\/p>\n<p class=\"page-lead\">\u015eok Darbe \u00d6nleyici: Gerekli b\u00f6lgeler yast\u0131klanarak darbelere ve ezilmelere kar\u015f\u0131 g\u00fc\u00e7lendirilmi\u015f ( Parmak \u00fcst\u00fc,Yumruk i\u00e7i, Parmak bo\u011fumlar\u0131, Avu\u00e7 i\u00e7i )<\/p>\n<h2><\/h2>\n<h2 id=\"specific-advantages\">\u00d6nemli avantajlar<\/h2>\n<ul>\n<li>G\u00fcvenli kullan\u0131m i\u00e7in y\u00fcksek kesik korumas\u0131<\/li>\n<li>\u015eok Darbe \u00d6nleyici: Gerekli b\u00f6lgeler yast\u0131klanarak darbelere ve ezilmelere kar\u015f\u0131 g\u00fc\u00e7lendirilmi\u015f ( Parmak \u00fcst\u00fc,Yumruk i\u00e7i, Parmak bo\u011fumlar\u0131, Avu\u00e7 i\u00e7i )<\/li>\n<li>Uzun \u00d6m\u00fcrl\u00fc: Dayan\u0131kl\u0131 kaplama, s\u0131v\u0131 ge\u00e7irmez kaplama sayesinde eldiven hep temiz kal\u0131r, y\u0131kamadan sonra daha yumu\u015fak yap\u0131s\u0131n\u0131 korur<\/li>\n<li>Nitrilden ba\u015f ve i\u015faret parma\u011f\u0131 aras\u0131nda g\u00fc\u00e7lendirilmi\u015f kas\u0131k<\/li>\n<li>Yeni teknoloji sayesinde uzun zamanl\u0131 kayd\u0131rmaz tutu\u015f \u00f6zelli\u011fi<\/li>\n<li>Grease &amp; Oilproof ya\u011f ge\u00e7irmez teknolojimiz sayesinde eller korunur<\/li>\n<li>Giyilmesi ve \u00e7\u0131kar\u0131lmas\u0131 kolay<\/li>\n<\/ul>\n<h2><\/h2>\n<h2 id=\"applications\">Uygulama<\/h2>\n<p><strong>\u0130malat<\/strong><\/p>\n<ul>\n<li>A\u011f\u0131r par\u00e7alar\u0131n montaj\u0131<\/li>\n<li>A\u011f\u0131r sac levha kesme ve presleme<\/li>\n<li>A\u011f\u0131r sac levha ta\u015f\u0131ma<\/li>\n<li>Kesilme riskli a\u011f\u0131r par\u00e7alar\u0131 ta\u015f\u0131ma<\/li>\n<li>Ya\u011fl\u0131 mekanik par\u00e7alar\u0131 ta\u015f\u0131ma<\/li>\n<li>Mekanik bak\u0131m<\/li>\n<li>Metal i\u015fleme<\/li>\n<li>Kesilme riskli bak\u0131m i\u015fleri<\/li>\n<li>A\u011f\u0131r par\u00e7alar\u0131 i\u015fleme<\/li>\n<li>Tak\u0131m tezgah\u0131 \u00fcretimi<\/li>\n<\/ul>\n<p><strong>Mekanik end\u00fcstrisi<\/strong><\/p>\n<ul>\n<li>Metali kesme ve damgalama<\/li>\n<li>Kal\u0131n, tra\u015flanmam\u0131\u015f sa\u00e7 metalin ta\u015f\u0131nmas\u0131 (keskin kenarl\u0131 olmayan)<\/li>\n<li>Kesme ya\u011f\u0131 kullanarak par\u00e7alar\u0131 mekanik i\u015fleme<\/li>\n<\/ul>\n<p><strong>Madenc\u0130l\u0130k \/ Tes\u0130sat Nakl\u0130ye<\/strong><\/p>\n<ul>\n<li>Kesilme riskli a\u011f\u0131r par\u00e7alar\u0131 ta\u015f\u0131ma<\/li>\n<li>Ya\u011fl\u0131 mekanik par\u00e7alar\u0131 ta\u015f\u0131ma<\/li>\n<li>Kesilme riskli bak\u0131m i\u015fleri<\/li>\n<\/ul>\n<p><strong>Ger\u0130 d\u00f6n\u00fc\u015f\u00fcm<\/strong><\/p>\n<ul>\n<li>Kesilme riskli a\u011f\u0131r par\u00e7alar\u0131 ta\u015f\u0131ma<\/li>\n<li>Kesilme riskli bak\u0131m i\u015fleri<\/li>\n<\/ul>\n<p><strong>Elektr\u0130kl\u0130 ek\u0130pmanlar<\/strong><\/p>\n<ul>\n<li>A\u011f\u0131r par\u00e7alar\u0131n montaj\u0131<\/li>\n<li>Kesilme riskli a\u011f\u0131r par\u00e7alar\u0131 ta\u015f\u0131ma<\/li>\n<li>Kesilme riskli bak\u0131m i\u015fleri<\/li>\n<\/ul>\n<p><strong>End\u00fcstr\u0130yel bakim<\/strong><\/p>\n<ul>\n<li>Kesilme riskli bak\u0131m i\u015fleri<\/li>\n<li>Kesilme riskli a\u011f\u0131r par\u00e7alar\u0131 ta\u015f\u0131ma<\/li>\n<\/ul>\n<p><strong>End\u00fcstr\u0130yel ek\u0130pmanlar \/ Metal d\u00f6n\u00fc\u015ft\u00fcrme<\/strong><\/p>\n<ul>\n<li>A\u011f\u0131r par\u00e7alar\u0131n montaj\u0131<\/li>\n<li>Kesilme riskli a\u011f\u0131r par\u00e7alar\u0131 ta\u015f\u0131ma<\/li>\n<li>Kesilme riskli bak\u0131m i\u015fleri<\/li>\n<\/ul>\n<p><strong>End\u00fcstr\u0130yel ek\u0130pman kurulumu<\/strong><\/p>\n<ul>\n<li>Kesilme riskli a\u011f\u0131r par\u00e7alar\u0131 ta\u015f\u0131ma<\/li>\n<li>A\u011f\u0131r par\u00e7alar\u0131n montaj\u0131<\/li>\n<\/ul>\n<h2><\/h2>\n<h2 id=\"standards\">Standartlar<\/h2>\n<ul class=\"norms-list\">\n<li title=\"Kat. 2\"><span class=\"type\">KAT. 2<\/span><img loading=\"lazy\" decoding=\"async\" src=\"https:\/\/www.tr.mapa-pro.com\/fileadmin\/_processed_storage_data\/a\/e\/csm_mapa-pim-picto-ce-category_edc1866ba7.jpg\" alt=\"Kat. 2\" width=\"34\" height=\"34\" \/><\/li>\n<li title=\"Mekanik tehlikeler EN 388\"><img loading=\"lazy\" decoding=\"async\" src=\"https:\/\/www.tr.mapa-pro.com\/fileadmin\/_processed_storage_data\/2\/9\/csm_mapa-pim-picto-en388-2016-digit_92e7fe8ce2.jpg\" alt=\"Mekanik tehlikeler EN 388\" width=\"34\" height=\"34\" \/>4X43DP<\/li>\n<li title=\"ANSI cut A4\"><img loading=\"lazy\" decoding=\"async\" src=\"https:\/\/www.tr.mapa-pro.com\/fileadmin\/_processed_storage_data\/9\/2\/csm_mapa-pim-picto-ansi-cut_a4_8ff2c9451f.jpg\" alt=\"ANSI cut A4\" width=\"34\" height=\"34\" \/><\/li>\n<li title=\"\">ISO\u00a013997:<br \/>\n17.6N\u00a0(1794g)<\/li>\n<\/ul>\n<h2><\/h2>\n<h2 id=\"product-detail\">\u00dcr\u00fcn bilgileri<\/h2>\n<table class=\"table table-bordered\">\n<tbody>\n<tr>\n<th>Malzeme<\/th>\n<td>Nitril GRIP&amp;PROOF kaplama<\/td>\n<\/tr>\n<tr>\n<th>Renk<\/th>\n<td>Siyah, turuncu<\/td>\n<\/tr>\n<tr>\n<th>\u0130\u00e7 Kaplama<\/th>\n<td>HDPE elyaf\u0131ndan diki\u015fsiz kuma\u015f takviyesi<\/td>\n<\/tr>\n<tr>\n<th>D\u0131\u015f Kaplama<\/th>\n<td>Havaland\u0131rmal\u0131<\/td>\n<\/tr>\n<tr>\n<th>Uzunluk (cm)<\/th>\n<td>25-28<\/td>\n<\/tr>\n<tr>\n<th>Boy<\/th>\n<td>7 8 9 10 11<\/td>\n<\/tr>\n<tr>\n<th>Ambalajlama<\/th>\n<td>1 \u00e7ift\/torba<br \/>\n12 \u00e7ift\/torba<br \/>\n48 \u00e7ift\/karton<\/td>\n<\/tr>\n<\/tbody>\n<\/table>\n","protected":false},"featured_media":7976,"comment_status":"closed","ping_status":"closed","template":"","meta":[],"product_cat":[67,306,347,282],"product_tag":[],"class_list":["post-7973","product","type-product","status-publish","has-post-thumbnail","hentry","product_cat-el-kol-koruyucular","product_cat-kesik-koruma","product_cat-kesilmeye-karsi-koruma-agir-hizmet-tipi-icin","product_cat-mapa"],"_links":{"self":[{"href":"http:\/\/ssakimya.com\/index.php\/wp-json\/wp\/v2\/product\/7973","targetHints":{"allow":["GET"]}}],"collection":[{"href":"http:\/\/ssakimya.com\/index.php\/wp-json\/wp\/v2\/product"}],"about":[{"href":"http:\/\/ssakimya.com\/index.php\/wp-json\/wp\/v2\/types\/product"}],"replies":[{"embeddable":true,"href":"http:\/\/ssakimya.com\/index.php\/wp-json\/wp\/v2\/comments?post=7973"}],"wp:featuredmedia":[{"embeddable":true,"href":"http:\/\/ssakimya.com\/index.php\/wp-json\/wp\/v2\/media\/7976"}],"wp:attachment":[{"href":"http:\/\/ssakimya.com\/index.php\/wp-json\/wp\/v2\/media?parent=7973"}],"wp:term":[{"taxonomy":"product_cat","embeddable":true,"href":"http:\/\/ssakimya.com\/index.php\/wp-json\/wp\/v2\/product_cat?post=7973"},{"taxonomy":"product_tag","embeddable":true,"href":"http:\/\/ssakimya.com\/index.php\/wp-json\/wp\/v2\/product_tag?post=7973"}],"curies":[{"name":"wp","href":"https:\/\/api.w.org\/{rel}","templated":true}]}}