{"id":7932,"date":"2022-09-21T08:53:43","date_gmt":"2022-09-21T08:53:43","guid":{"rendered":"http:\/\/ssakimya.com\/?post_type=product&#038;p=7932"},"modified":"2022-09-21T08:53:44","modified_gmt":"2022-09-21T08:53:44","slug":"krytech-643","status":"publish","type":"product","link":"http:\/\/ssakimya.com\/index.php\/product\/krytech-643\/","title":{"rendered":"KryTech 643"},"content":{"rendered":"","protected":false},"excerpt":{"rendered":"<h1 class=\"page-title\">KryTech 643<\/h1>\n<p>&nbsp;<\/p>\n<p class=\"page-lead\">Kesilmeye kar\u015f\u0131 koruma ve dayan\u0131kl\u0131l\u0131ktan \u00f6d\u00fcn vermeden rahatl\u0131k, esneklik ve nefes alabilirlik Dokunmatik cihazlar ve dokunmatik ekran ile kullan\u0131labilir<\/p>\n<h2><\/h2>\n<h2 id=\"specific-advantages\">\u00d6nemli avantajlar<\/h2>\n<ul>\n<li>Kesiklere kar\u015f\u0131 optimum koruma sa\u011flarken maksimum rahatl\u0131k, el becerisi ve esneklik i\u00e7in diki\u015fsiz \u00f6rg\u00fcl\u00fc eldiven (Kesilme seviyesi ISO C)<\/li>\n<li>Y\u00fcksek Diren\u00e7: \u00d6zel ResiComfort kaplama prosesi sayesinde uzun \u00f6m\u00fcrl\u00fc kullan\u0131m, \u00e7ok dayan\u0131kl\u0131 kaplama sayesinde s\u00fcrt\u00fcnmeye kar\u015f\u0131 y\u00fcksek diren\u00e7<\/li>\n<li>Dermatolojik olarak onayland\u0131<\/li>\n<li>Zararl\u0131 maddeler i\u00e7ermez : STANDARD 100 by OEKO-TEX\u00ae,\u00a0<a title=\"DMF\" href=\"https:\/\/www.tr.mapa-pro.com\/bilgi-merkezi\/soezluek\/tanim\/dmf\">DMF<\/a>\u00a0\u0130\u00e7ermez<\/li>\n<li>Dokunmatik cihazlar ve dokunmatik ekran ile kullan\u0131labilir<\/li>\n<li>Boyamadan \u00f6nce metal sa\u00e7 ve cam da iz ve kusur olu\u015fmas\u0131n\u0131 \u00f6nlemek i\u00e7in silikon i\u00e7ermez<\/li>\n<li>Performanstan \u00f6d\u00fcn vermeden 40\u00b0&#8217;de 1 kez y\u0131kanabilir.<\/li>\n<li>Eldivenin arkas\u0131ndaki i\u015faret sayesinde kesilme direnci tespiti kolayca yap\u0131labilir.<\/li>\n<\/ul>\n<p><small>*Testler kullan\u0131lmam\u0131\u015f yeni eldivenler \u00fczerinde yap\u0131lm\u0131\u015ft\u0131r. Bu sebepten dolay\u0131 ger\u00e7ek saha ko\u015fullar\u0131 uygulamalar\u0131 farkl\u0131l\u0131k g\u00f6sterebilir.<\/small><\/p>\n<h2><\/h2>\n<h2 id=\"applications\">Uygulama<\/h2>\n<p><strong>Otomotiv\/mekanik end\u00fcstrisi<\/strong><\/p>\n<ul>\n<li>K\u00fc\u00e7\u00fck par\u00e7alar\u0131n montaj\u0131<\/li>\n<li>\u0130nce metal sa\u00e7lar\u0131n montaj\u0131<\/li>\n<li>Otomotiv montaj\u0131<\/li>\n<li>K\u00fc\u00e7\u00fck keskin par\u00e7alar\u0131n ta\u015f\u0131nmas\u0131 ve ayr\u0131lmas\u0131<\/li>\n<li>Karoser montaj\u0131<\/li>\n<li>Keskin par\u00e7alar\u0131 tamamlama<\/li>\n<\/ul>\n<p><strong>Cam end\u00fcstrisi<\/strong><\/p>\n<ul>\n<li>Cam levhalar\u0131n ta\u015f\u0131nmas\u0131<\/li>\n<\/ul>\n<p><strong>\u0130malat<\/strong><\/p>\n<ul>\n<li>Kesilme riskli bak\u0131m i\u015fleri<\/li>\n<li>Metal i\u015fleme<\/li>\n<\/ul>\n<p><strong>End\u00fcstr\u0130yel bakim<\/strong><\/p>\n<p><strong>Beyaz e\u015fya<\/strong><\/p>\n<h2><\/h2>\n<h2 id=\"standards\">Standartlar<\/h2>\n<ul class=\"norms-list\">\n<li title=\"Kat. 2\"><span class=\"type\">KAT. 2<\/span><img loading=\"lazy\" decoding=\"async\" src=\"https:\/\/www.tr.mapa-pro.com\/fileadmin\/_processed_storage_data\/a\/e\/csm_mapa-pim-picto-ce-category_edc1866ba7.jpg\" alt=\"Kat. 2\" width=\"34\" height=\"34\" \/><\/li>\n<li title=\"Mekanik tehlikeler EN 388\"><img loading=\"lazy\" decoding=\"async\" src=\"https:\/\/www.tr.mapa-pro.com\/fileadmin\/_processed_storage_data\/2\/9\/csm_mapa-pim-picto-en388-2016-digit_92e7fe8ce2.jpg\" alt=\"Mekanik tehlikeler EN 388\" width=\"34\" height=\"34\" \/>4X42C<\/li>\n<li title=\"Is\u0131 ve yang\u0131n EN 407\"><img loading=\"lazy\" decoding=\"async\" src=\"https:\/\/www.tr.mapa-pro.com\/fileadmin\/_processed_storage_data\/3\/2\/csm_en407-year_2020_1412766aa3.jpg\" alt=\"Is\u0131 ve yang\u0131n EN 407\" width=\"34\" height=\"34\" \/>X1XXXX<\/li>\n<li title=\"ANSI cut A3\"><img loading=\"lazy\" decoding=\"async\" src=\"https:\/\/www.tr.mapa-pro.com\/fileadmin\/_processed_storage_data\/5\/6\/csm_mapa-pim-picto-ansi-cut_a3_f3df789e24.jpg\" alt=\"ANSI cut A3\" width=\"34\" height=\"34\" \/><\/li>\n<li title=\"\">ISO\u00a013997:<br \/>\n13,5N\u00a0(g)<\/li>\n<\/ul>\n<h2><\/h2>\n<h2 id=\"product-detail\">\u00dcr\u00fcn bilgileri<\/h2>\n<table class=\"table table-bordered\">\n<tbody>\n<tr>\n<th>Malzeme<\/th>\n<td>Kumlu K\u00f6p\u00fck Nitril<\/td>\n<\/tr>\n<tr>\n<th>Renk<\/th>\n<td>Siyah, gri<\/td>\n<\/tr>\n<tr>\n<th>\u0130\u00e7 Kaplama<\/th>\n<td>HDPE elyaf\u0131ndan diki\u015fsiz kuma\u015f takviyesi<\/td>\n<\/tr>\n<tr>\n<th>D\u0131\u015f Kaplama<\/th>\n<td>Destekli<\/td>\n<\/tr>\n<tr>\n<th>Uzunluk (cm)<\/th>\n<td>23-28<\/td>\n<\/tr>\n<tr>\n<th>Boy<\/th>\n<td>6 7 8 9 10 11<\/td>\n<\/tr>\n<tr>\n<th>Ambalajlama<\/th>\n<td>1 \u00e7ift\/torba<br \/>\n12 \u00e7ift\/torba<br \/>\n48 \u00e7ift\/karton<\/td>\n<\/tr>\n<\/tbody>\n<\/table>\n","protected":false},"featured_media":0,"comment_status":"closed","ping_status":"closed","template":"","meta":[],"product_cat":[67,306,346,282],"product_tag":[],"class_list":["post-7932","product","type-product","status-publish","hentry","product_cat-el-kol-koruyucular","product_cat-kesik-koruma","product_cat-kesilmeye-karsi-koruma-hassasiyet-gerektiren-isler-icin","product_cat-mapa"],"_links":{"self":[{"href":"http:\/\/ssakimya.com\/index.php\/wp-json\/wp\/v2\/product\/7932","targetHints":{"allow":["GET"]}}],"collection":[{"href":"http:\/\/ssakimya.com\/index.php\/wp-json\/wp\/v2\/product"}],"about":[{"href":"http:\/\/ssakimya.com\/index.php\/wp-json\/wp\/v2\/types\/product"}],"replies":[{"embeddable":true,"href":"http:\/\/ssakimya.com\/index.php\/wp-json\/wp\/v2\/comments?post=7932"}],"wp:attachment":[{"href":"http:\/\/ssakimya.com\/index.php\/wp-json\/wp\/v2\/media?parent=7932"}],"wp:term":[{"taxonomy":"product_cat","embeddable":true,"href":"http:\/\/ssakimya.com\/index.php\/wp-json\/wp\/v2\/product_cat?post=7932"},{"taxonomy":"product_tag","embeddable":true,"href":"http:\/\/ssakimya.com\/index.php\/wp-json\/wp\/v2\/product_tag?post=7932"}],"curies":[{"name":"wp","href":"https:\/\/api.w.org\/{rel}","templated":true}]}}