{"id":7907,"date":"2022-09-20T18:16:05","date_gmt":"2022-09-20T18:16:05","guid":{"rendered":"http:\/\/ssakimya.com\/?post_type=product&#038;p=7907"},"modified":"2022-09-20T18:16:05","modified_gmt":"2022-09-20T18:16:05","slug":"krytech-601","status":"publish","type":"product","link":"http:\/\/ssakimya.com\/index.php\/product\/krytech-601\/","title":{"rendered":"KryTech 601"},"content":{"rendered":"","protected":false},"excerpt":{"rendered":"<h1 class=\"page-title\">KryTech 601<\/h1>\n<p>&nbsp;<\/p>\n<p class=\"page-lead\">\u00d6zellikle otomotiv end\u00fcstrilerinde kaliteli ara\u00e7 muayenesi i\u00e7in tasarlanm\u0131\u015ft\u0131r<\/p>\n<h2><\/h2>\n<h2 id=\"specific-advantages\">\u00d6nemli avantajlar<\/h2>\n<ul>\n<li>\u0130yi bir kesim performans\u0131 ile birlikte y\u00fcksek el becerisi<\/li>\n<li>\u00c7ok y\u00f6nl\u00fc<\/li>\n<li>Uzun s\u00fcreli dayan\u0131kl\u0131l\u0131k i\u00e7in kirli ortamlara uyarlanm\u0131\u015f renk.<\/li>\n<li>Zararl\u0131 maddeler i\u00e7ermez: STANDARD 100 by OEKO-TEX\u00ae<\/li>\n<li>Boyamadan \u00f6nce metal sa\u00e7 ve cam da iz ve kusur olu\u015fmas\u0131n\u0131 \u00f6nlemek i\u00e7in silikon i\u00e7ermez<\/li>\n<li>Performanstan \u00f6d\u00fcn vermeden 40\u00b0&#8217;de 1 kez y\u0131kanabilir.<\/li>\n<\/ul>\n<p><small>*Testler kullan\u0131lmam\u0131\u015f yeni eldivenler \u00fczerinde yap\u0131lm\u0131\u015ft\u0131r. Bu sebepten dolay\u0131 ger\u00e7ek saha ko\u015fullar\u0131 uygulamalar\u0131 farkl\u0131l\u0131k g\u00f6sterebilir.<\/small><\/p>\n<h2><\/h2>\n<h2 id=\"applications\">Uygulama<\/h2>\n<p><strong>Otomotiv\/mekanik end\u00fcstrisi<\/strong><\/p>\n<ul>\n<li>\u0130\u015fi tamamlama<\/li>\n<\/ul>\n<p><strong>Plastik end\u00fcstrisi<\/strong><\/p>\n<ul>\n<li>Enjeksiyon sonras\u0131 malzeme s\u00f6kme<\/li>\n<\/ul>\n<h2><\/h2>\n<h2 id=\"standards\">Standartlar<\/h2>\n<ul class=\"norms-list\">\n<li title=\"Kat. 2\"><span class=\"type\">KAT. 2<\/span><img loading=\"lazy\" decoding=\"async\" src=\"https:\/\/www.tr.mapa-pro.com\/fileadmin\/_processed_storage_data\/a\/e\/csm_mapa-pim-picto-ce-category_edc1866ba7.jpg\" alt=\"Kat. 2\" width=\"34\" height=\"34\" \/><\/li>\n<li title=\"Mekanik tehlikeler EN 388\"><img loading=\"lazy\" decoding=\"async\" src=\"https:\/\/www.tr.mapa-pro.com\/fileadmin\/_processed_storage_data\/2\/9\/csm_mapa-pim-picto-en388-2016-digit_92e7fe8ce2.jpg\" alt=\"Mekanik tehlikeler EN 388\" width=\"34\" height=\"34\" \/>1X4XC<\/li>\n<li title=\"ANSI cut A3\"><img loading=\"lazy\" decoding=\"async\" src=\"https:\/\/www.tr.mapa-pro.com\/fileadmin\/_processed_storage_data\/5\/6\/csm_mapa-pim-picto-ansi-cut_a3_f3df789e24.jpg\" alt=\"ANSI cut A3\" width=\"34\" height=\"34\" \/><\/li>\n<li title=\"\">ISO\u00a013997:<br \/>\n14.2N\u00a0(g)<\/li>\n<\/ul>\n<h2><\/h2>\n<h2 id=\"product-detail\">\u00dcr\u00fcn bilgileri<\/h2>\n<table class=\"table table-bordered\">\n<tbody>\n<tr>\n<th>Malzeme<\/th>\n<td><\/td>\n<\/tr>\n<tr>\n<th>Renk<\/th>\n<td>Gri<\/td>\n<\/tr>\n<tr>\n<th>\u0130\u00e7 Kaplama<\/th>\n<td>HDPE elyaf\u0131ndan diki\u015fsiz kuma\u015f takviyesi<\/td>\n<\/tr>\n<tr>\n<th>D\u0131\u015f Kaplama<\/th>\n<td><\/td>\n<\/tr>\n<tr>\n<th>Uzunluk (cm)<\/th>\n<td>24-28<\/td>\n<\/tr>\n<tr>\n<th>Boy<\/th>\n<td>7 8 9 10 11<\/td>\n<\/tr>\n<tr>\n<th>Ambalajlama<\/th>\n<td>12 \u00e7ift\/torba<br \/>\n48 \u00e7ift\/karton<\/td>\n<\/tr>\n<\/tbody>\n<\/table>\n","protected":false},"featured_media":7908,"comment_status":"closed","ping_status":"closed","template":"","meta":[],"product_cat":[67,306,346,282],"product_tag":[],"class_list":["post-7907","product","type-product","status-publish","has-post-thumbnail","hentry","product_cat-el-kol-koruyucular","product_cat-kesik-koruma","product_cat-kesilmeye-karsi-koruma-hassasiyet-gerektiren-isler-icin","product_cat-mapa"],"_links":{"self":[{"href":"http:\/\/ssakimya.com\/index.php\/wp-json\/wp\/v2\/product\/7907","targetHints":{"allow":["GET"]}}],"collection":[{"href":"http:\/\/ssakimya.com\/index.php\/wp-json\/wp\/v2\/product"}],"about":[{"href":"http:\/\/ssakimya.com\/index.php\/wp-json\/wp\/v2\/types\/product"}],"replies":[{"embeddable":true,"href":"http:\/\/ssakimya.com\/index.php\/wp-json\/wp\/v2\/comments?post=7907"}],"wp:featuredmedia":[{"embeddable":true,"href":"http:\/\/ssakimya.com\/index.php\/wp-json\/wp\/v2\/media\/7908"}],"wp:attachment":[{"href":"http:\/\/ssakimya.com\/index.php\/wp-json\/wp\/v2\/media?parent=7907"}],"wp:term":[{"taxonomy":"product_cat","embeddable":true,"href":"http:\/\/ssakimya.com\/index.php\/wp-json\/wp\/v2\/product_cat?post=7907"},{"taxonomy":"product_tag","embeddable":true,"href":"http:\/\/ssakimya.com\/index.php\/wp-json\/wp\/v2\/product_tag?post=7907"}],"curies":[{"name":"wp","href":"https:\/\/api.w.org\/{rel}","templated":true}]}}