{"id":7872,"date":"2022-09-20T17:50:52","date_gmt":"2022-09-20T17:50:52","guid":{"rendered":"http:\/\/ssakimya.com\/?post_type=product&#038;p=7872"},"modified":"2022-09-20T17:50:53","modified_gmt":"2022-09-20T17:50:53","slug":"krytech-563","status":"publish","type":"product","link":"http:\/\/ssakimya.com\/index.php\/product\/krytech-563\/","title":{"rendered":"KryTech 563"},"content":{"rendered":"","protected":false},"excerpt":{"rendered":"<h1 class=\"page-title\">KryTech 563<\/h1>\n<p>&nbsp;<\/p>\n<p class=\"page-lead\">Kuru ve kirli ortamlarda karma\u015f\u0131k i\u015fler i\u00e7in standart koruma<\/p>\n<h2><\/h2>\n<h2 id=\"specific-advantages\">\u00d6nemli avantajlar<\/h2>\n<ul>\n<li>Y\u00fcksek a\u015f\u0131nma direnci sayesinde kuru ortamlarda \u00e7okuzun kullan\u0131m \u00f6mr\u00fc<\/li>\n<li>Ya\u011flara kar\u015f\u0131 m\u00fckemmel dayan\u0131m<\/li>\n<li>Zararl\u0131 maddeler i\u00e7ermez:\u00a0<a title=\"DMF\" href=\"https:\/\/www.tr.mapa-pro.com\/bilgi-merkezi\/soezluek\/tanim\/dmf\">DMF<\/a>\u00a0i\u00e7ermez<\/li>\n<li>Boyamadan \u00f6nce metal sa\u00e7 ve cam da iz ve kusur olu\u015fmas\u0131n\u0131 \u00f6nlemek i\u00e7in silikon i\u00e7ermez<\/li>\n<\/ul>\n<h2><\/h2>\n<h2 id=\"applications\">Uygulama<\/h2>\n<p><strong>Otomotiv\/mekanik end\u00fcstrisi<\/strong><\/p>\n<ul>\n<li>Metal bask\u0131, metal sa\u00e7lar\u0131n ta\u015f\u0131nmas\u0131<\/li>\n<li>Mekanik bak\u0131m<\/li>\n<\/ul>\n<p><strong>Ka\u011f\u0131t end\u00fcstrisi<\/strong><\/p>\n<ul>\n<li>Karton ve ka\u011f\u0131t ta\u015f\u0131ma<\/li>\n<\/ul>\n<p><strong>\u00c7evre<\/strong><\/p>\n<ul>\n<li>At\u0131k toplama ve ta\u015f\u0131ma<\/li>\n<\/ul>\n<p><strong>\u0130n\u015faat End\u00fcstrisi (Metal \u0130\u015f\u00e7ileri\/\u00c7ilingir)<\/strong><\/p>\n<ul>\n<li>Metal sa\u00e7 ta\u015f\u0131ma<\/li>\n<\/ul>\n<h2><\/h2>\n<h2 id=\"standards\">Standartlar<\/h2>\n<ul class=\"norms-list\">\n<li title=\"Kat. 2\"><span class=\"type\">KAT. 2<\/span><img loading=\"lazy\" decoding=\"async\" src=\"https:\/\/www.tr.mapa-pro.com\/fileadmin\/_processed_storage_data\/a\/e\/csm_mapa-pim-picto-ce-category_edc1866ba7.jpg\" alt=\"Kat. 2\" width=\"34\" height=\"34\" \/><\/li>\n<li title=\"Mekanik tehlikeler EN 388\"><img loading=\"lazy\" decoding=\"async\" src=\"https:\/\/www.tr.mapa-pro.com\/fileadmin\/_processed_storage_data\/2\/9\/csm_mapa-pim-picto-en388-2016-digit_92e7fe8ce2.jpg\" alt=\"Mekanik tehlikeler EN 388\" width=\"34\" height=\"34\" \/>4343B<\/li>\n<li title=\"\">ISO\u00a013997:<br \/>\n6.5N\u00a0(663g)<\/li>\n<\/ul>\n<h2><\/h2>\n<h2 id=\"product-detail\">\u00dcr\u00fcn bilgileri<\/h2>\n<table class=\"table table-bordered\">\n<tbody>\n<tr>\n<th>Malzeme<\/th>\n<td>Nitril<\/td>\n<\/tr>\n<tr>\n<th>Renk<\/th>\n<td>Siyah, gri<\/td>\n<\/tr>\n<tr>\n<th>\u0130\u00e7 Kaplama<\/th>\n<td>HDPE elyaf\u0131ndan diki\u015fsiz kuma\u015f takviyesi<\/td>\n<\/tr>\n<tr>\n<th>D\u0131\u015f Kaplama<\/th>\n<td>Havaland\u0131rmal\u0131<\/td>\n<\/tr>\n<tr>\n<th>Uzunluk (cm)<\/th>\n<td>23-27<\/td>\n<\/tr>\n<tr>\n<th>Kal\u0131nl\u0131k (mm)<\/th>\n<td>1.4<\/td>\n<\/tr>\n<tr>\n<th>Boy<\/th>\n<td>7 8 9 10 11<\/td>\n<\/tr>\n<tr>\n<th>Ambalajlama<\/th>\n<td>1 \u00e7ift\/torba<br \/>\n12 \u00e7ift\/kutu<\/td>\n<\/tr>\n<\/tbody>\n<\/table>\n","protected":false},"featured_media":7876,"comment_status":"closed","ping_status":"closed","template":"","meta":[],"product_cat":[67,306,346,282],"product_tag":[],"class_list":["post-7872","product","type-product","status-publish","has-post-thumbnail","hentry","product_cat-el-kol-koruyucular","product_cat-kesik-koruma","product_cat-kesilmeye-karsi-koruma-hassasiyet-gerektiren-isler-icin","product_cat-mapa"],"_links":{"self":[{"href":"http:\/\/ssakimya.com\/index.php\/wp-json\/wp\/v2\/product\/7872","targetHints":{"allow":["GET"]}}],"collection":[{"href":"http:\/\/ssakimya.com\/index.php\/wp-json\/wp\/v2\/product"}],"about":[{"href":"http:\/\/ssakimya.com\/index.php\/wp-json\/wp\/v2\/types\/product"}],"replies":[{"embeddable":true,"href":"http:\/\/ssakimya.com\/index.php\/wp-json\/wp\/v2\/comments?post=7872"}],"wp:featuredmedia":[{"embeddable":true,"href":"http:\/\/ssakimya.com\/index.php\/wp-json\/wp\/v2\/media\/7876"}],"wp:attachment":[{"href":"http:\/\/ssakimya.com\/index.php\/wp-json\/wp\/v2\/media?parent=7872"}],"wp:term":[{"taxonomy":"product_cat","embeddable":true,"href":"http:\/\/ssakimya.com\/index.php\/wp-json\/wp\/v2\/product_cat?post=7872"},{"taxonomy":"product_tag","embeddable":true,"href":"http:\/\/ssakimya.com\/index.php\/wp-json\/wp\/v2\/product_tag?post=7872"}],"curies":[{"name":"wp","href":"https:\/\/api.w.org\/{rel}","templated":true}]}}