{"id":7854,"date":"2022-09-20T17:26:18","date_gmt":"2022-09-20T17:26:18","guid":{"rendered":"http:\/\/ssakimya.com\/?post_type=product&#038;p=7854"},"modified":"2022-09-20T17:26:18","modified_gmt":"2022-09-20T17:26:18","slug":"titan-850","status":"publish","type":"product","link":"http:\/\/ssakimya.com\/index.php\/product\/titan-850\/","title":{"rendered":"Titan 850"},"content":{"rendered":"","protected":false},"excerpt":{"rendered":"<h1 class=\"page-title\">Titan 850<\/h1>\n<p>&nbsp;<\/p>\n<p class=\"page-lead\">\u015eok Darbe \u00d6nleyici: Gerekli b\u00f6lgeler yast\u0131klanarak darbelere ve ezilmelere kar\u015f\u0131 g\u00fc\u00e7lendirilmi\u015f ( Parmak \u00fcst\u00fc,Yumruk i\u00e7i, Parmak bo\u011fumlar\u0131, Avu\u00e7 i\u00e7i )<\/p>\n<h2><\/h2>\n<h2 id=\"specific-advantages\">\u00d6nemli avantajlar<\/h2>\n<ul>\n<li>\u015eok Darbe \u00d6nleyici: Gerekli b\u00f6lgeler yast\u0131klanarak darbelere ve ezilmelere kar\u015f\u0131 g\u00fc\u00e7lendirilmi\u015f ( Parmak \u00fcst\u00fc,Yumruk i\u00e7i, Parmak bo\u011fumlar\u0131, Avu\u00e7 i\u00e7i )<\/li>\n<li>Uzun \u00d6m\u00fcrl\u00fc: Dayan\u0131kl\u0131 kaplama, s\u0131v\u0131 ge\u00e7irmez kaplama sayesinde eldiven hep temiz kal\u0131r, y\u0131kamadan sonra daha yumu\u015fak yap\u0131s\u0131n\u0131 korur<\/li>\n<li>Yeni teknoloji sayesinde uzun zamanl\u0131 kayd\u0131rmaz tutu\u015f \u00f6zelli\u011fi<\/li>\n<li>Grease &amp; Oilproof ya\u011f ge\u00e7irmez teknolojimiz sayesinde eller korunur<\/li>\n<\/ul>\n<h2><\/h2>\n<h2 id=\"applications\">Uygulama<\/h2>\n<p><strong>End\u00fcstr\u0130yel bakim<\/strong><\/p>\n<ul>\n<li>Bak\u0131m<\/li>\n<\/ul>\n<p><strong>End\u00fcstr\u0130yel ek\u0130pman kurulumu<\/strong><\/p>\n<ul>\n<li>A\u011f\u0131r par\u00e7alar\u0131n montaj\u0131<\/li>\n<li>Bak\u0131m<\/li>\n<\/ul>\n<p><strong>\u0130malat<\/strong><\/p>\n<ul>\n<li>A\u011f\u0131r par\u00e7alar\u0131n montaj\u0131<\/li>\n<li>Kal\u0131n sac levha ta\u015f\u0131ma<\/li>\n<li>Ya\u011fl\u0131 mekanik par\u00e7alar\u0131 ta\u015f\u0131ma<\/li>\n<li>Tak\u0131m tezgah\u0131 \u00fcretimi<\/li>\n<li>A\u011f\u0131r par\u00e7alar\u0131 i\u015fleme<\/li>\n<li>Mekanik bak\u0131m<\/li>\n<li>Metal i\u015fleme<\/li>\n<\/ul>\n<p><strong>End\u00fcstr\u0130yel ek\u0130pmanlar \/ Metal d\u00f6n\u00fc\u015ft\u00fcrme<\/strong><\/p>\n<ul>\n<li>A\u011f\u0131r par\u00e7alar\u0131n montaj\u0131<\/li>\n<li>A\u011f\u0131r sac levha ta\u015f\u0131ma<\/li>\n<li>Ya\u011fl\u0131 mekanik par\u00e7alar\u0131 ta\u015f\u0131ma<\/li>\n<li>Tak\u0131m tezgah\u0131 \u00fcretimi<\/li>\n<li>Mekanik bak\u0131m<\/li>\n<li>Metal i\u015fleme<\/li>\n<li>A\u011f\u0131r par\u00e7alar\u0131 i\u015fleme<\/li>\n<\/ul>\n<p><strong>Madenc\u0130l\u0130k \/ Tes\u0130sat Nakl\u0130ye<\/strong><\/p>\n<ul>\n<li>Bak\u0131m<\/li>\n<\/ul>\n<p><strong>Nakliyat, lojistik<\/strong><\/p>\n<ul>\n<li>Y\u00fckleme b\u00f6l\u00fcmlerinde, limanlarda ve depo i\u015fletmelerinde e\u015fyalar\u0131n ta\u015f\u0131nmas\u0131<\/li>\n<li>Ta\u015f\u0131ma ekipmanlar\u0131n\u0131n kullan\u0131lmas\u0131<\/li>\n<li>Sipari\u015f haz\u0131rlama<\/li>\n<\/ul>\n<h2><\/h2>\n<h2 id=\"standards\">Standartlar<\/h2>\n<ul class=\"norms-list\">\n<li title=\"Kat. 2\"><span class=\"type\">KAT. 2<\/span><img loading=\"lazy\" decoding=\"async\" src=\"https:\/\/www.tr.mapa-pro.com\/fileadmin\/_processed_storage_data\/a\/e\/csm_mapa-pim-picto-ce-category_edc1866ba7.jpg\" alt=\"Kat. 2\" width=\"34\" height=\"34\" \/><\/li>\n<li title=\"Mekanik tehlikeler EN 388\"><img loading=\"lazy\" decoding=\"async\" src=\"https:\/\/www.tr.mapa-pro.com\/fileadmin\/_processed_storage_data\/2\/9\/csm_mapa-pim-picto-en388-2016-digit_92e7fe8ce2.jpg\" alt=\"Mekanik tehlikeler EN 388\" width=\"34\" height=\"34\" \/>4132XP<\/li>\n<\/ul>\n<h2><\/h2>\n<h2 id=\"product-detail\">\u00dcr\u00fcn bilgileri<\/h2>\n<table class=\"table table-bordered\">\n<tbody>\n<tr>\n<th>Malzeme<\/th>\n<td>Nitril GRIP&amp;PROOF kaplama<\/td>\n<\/tr>\n<tr>\n<th>Renk<\/th>\n<td>K\u0131rm\u0131z\u0131, siyah<\/td>\n<\/tr>\n<tr>\n<th>\u0130\u00e7 Kaplama<\/th>\n<td>Diki\u015fsiz kuma\u015f takviyesi<\/td>\n<\/tr>\n<tr>\n<th>D\u0131\u015f Kaplama<\/th>\n<td>Havaland\u0131rmal\u0131<\/td>\n<\/tr>\n<tr>\n<th>Uzunluk (cm)<\/th>\n<td>25-28<\/td>\n<\/tr>\n<tr>\n<th>Boy<\/th>\n<td>7 8 9 10 11<\/td>\n<\/tr>\n<tr>\n<th>Ambalajlama<\/th>\n<td>1 \u00e7ift\/torba<br \/>\n12 \u00e7ift\/torba<br \/>\n48 \u00e7ift\/karton<\/td>\n<\/tr>\n<\/tbody>\n<\/table>\n","protected":false},"featured_media":7860,"comment_status":"closed","ping_status":"closed","template":"","meta":[],"product_cat":[67,345,282],"product_tag":[],"class_list":["post-7854","product","type-product","status-publish","has-post-thumbnail","hentry","product_cat-el-kol-koruyucular","product_cat-genel-kullanim-koruma-agir-isler-icin","product_cat-mapa"],"_links":{"self":[{"href":"http:\/\/ssakimya.com\/index.php\/wp-json\/wp\/v2\/product\/7854","targetHints":{"allow":["GET"]}}],"collection":[{"href":"http:\/\/ssakimya.com\/index.php\/wp-json\/wp\/v2\/product"}],"about":[{"href":"http:\/\/ssakimya.com\/index.php\/wp-json\/wp\/v2\/types\/product"}],"replies":[{"embeddable":true,"href":"http:\/\/ssakimya.com\/index.php\/wp-json\/wp\/v2\/comments?post=7854"}],"wp:featuredmedia":[{"embeddable":true,"href":"http:\/\/ssakimya.com\/index.php\/wp-json\/wp\/v2\/media\/7860"}],"wp:attachment":[{"href":"http:\/\/ssakimya.com\/index.php\/wp-json\/wp\/v2\/media?parent=7854"}],"wp:term":[{"taxonomy":"product_cat","embeddable":true,"href":"http:\/\/ssakimya.com\/index.php\/wp-json\/wp\/v2\/product_cat?post=7854"},{"taxonomy":"product_tag","embeddable":true,"href":"http:\/\/ssakimya.com\/index.php\/wp-json\/wp\/v2\/product_tag?post=7854"}],"curies":[{"name":"wp","href":"https:\/\/api.w.org\/{rel}","templated":true}]}}