{"id":7847,"date":"2022-09-20T17:18:18","date_gmt":"2022-09-20T17:18:18","guid":{"rendered":"http:\/\/ssakimya.com\/?post_type=product&#038;p=7847"},"modified":"2022-09-20T17:18:18","modified_gmt":"2022-09-20T17:18:18","slug":"titan-391","status":"publish","type":"product","link":"http:\/\/ssakimya.com\/index.php\/product\/titan-391\/","title":{"rendered":"Titan 391"},"content":{"rendered":"","protected":false},"excerpt":{"rendered":"<h1 class=\"page-title\">Titan 391<\/h1>\n<p>&nbsp;<\/p>\n<p class=\"page-lead\">A\u011f\u0131r i\u015fler i\u00e7in konfor ve dayan\u0131kl\u0131l\u0131k<\/p>\n<h2><\/h2>\n<h2 id=\"specific-advantages\">\u00d6nemli avantajlar<\/h2>\n<ul>\n<li>Son derece konforlu kuma\u015f deste\u011fi (\u00e7al\u0131\u015fma y\u00fczeylerinde ek yeri yoktur)<\/li>\n<li>Ya\u011f ve greslere kar\u015f\u0131 kusursuz diren\u00e7<\/li>\n<li>Daha uzun servis \u00f6mr\u00fc: tekstil deste\u011fi ve\u00a0<a title=\"nitril\" href=\"https:\/\/www.tr.mapa-pro.com\/bilgi-merkezi\/soezluek\/tanim\/nitril\">nitril<\/a>\u00a0kaplama kalitesi<\/li>\n<li>Boyamadan \u00f6nce metal sa\u00e7 ve cam da iz ve kusur olu\u015fmas\u0131n\u0131 \u00f6nlemek i\u00e7in silikon i\u00e7ermez<\/li>\n<\/ul>\n<p><strong>\u00d6nemli \u00f6zellikler<\/strong><\/p>\n<p>\u00d6rg\u00fc man\u015fet<\/p>\n<h2><\/h2>\n<h2 id=\"applications\">Uygulama<\/h2>\n<p><strong>Di\u011fer end\u00fcstriler<\/strong><\/p>\n<ul>\n<li>Evsel at\u0131k toplama<\/li>\n<li>Ormanc\u0131l\u0131k<\/li>\n<\/ul>\n<p><strong>Mekanik end\u00fcstrisi<\/strong><\/p>\n<ul>\n<li>Metal presleme veya kesme<\/li>\n<li>Kal\u0131n, tra\u015flanmam\u0131\u015f sa\u00e7 metalin ta\u015f\u0131nmas\u0131 (keskin kenarl\u0131 olmayan)<\/li>\n<\/ul>\n<p><strong>Yerel Y\u00f6netimler (At\u0131k Toplama ve \u0130\u015fleme)<\/strong><\/p>\n<ul>\n<li>At\u0131k toplama<\/li>\n<\/ul>\n<h2><\/h2>\n<h2 id=\"standards\">Standartlar<\/h2>\n<ul class=\"norms-list\">\n<li title=\"Kat. 2\"><span class=\"type\">KAT. 2<\/span><img loading=\"lazy\" decoding=\"async\" src=\"https:\/\/www.tr.mapa-pro.com\/fileadmin\/_processed_storage_data\/a\/e\/csm_mapa-pim-picto-ce-category_edc1866ba7.jpg\" alt=\"Kat. 2\" width=\"34\" height=\"34\" \/><\/li>\n<li title=\"Mekanik tehlikeler EN 388\"><img loading=\"lazy\" decoding=\"async\" src=\"https:\/\/www.tr.mapa-pro.com\/fileadmin\/_processed_storage_data\/2\/9\/csm_mapa-pim-picto-en388-2016-digit_92e7fe8ce2.jpg\" alt=\"Mekanik tehlikeler EN 388\" width=\"34\" height=\"34\" \/>4111X<\/li>\n<\/ul>\n<h2><\/h2>\n<h2 id=\"product-detail\">\u00dcr\u00fcn bilgileri<\/h2>\n<table class=\"table table-bordered\">\n<tbody>\n<tr>\n<th>Malzeme<\/th>\n<td>Nitril<\/td>\n<\/tr>\n<tr>\n<th>Renk<\/th>\n<td>Koyu mavi, bej, mavi<\/td>\n<\/tr>\n<tr>\n<th>\u0130\u00e7 Kaplama<\/th>\n<td>Kuma\u015f takviyesi<\/td>\n<\/tr>\n<tr>\n<th>D\u0131\u015f Kaplama<\/th>\n<td>Havaland\u0131rmal\u0131<\/td>\n<\/tr>\n<tr>\n<th>Uzunluk (cm)<\/th>\n<td>25-27<\/td>\n<\/tr>\n<tr>\n<th>Kal\u0131nl\u0131k (mm)<\/th>\n<td>1.40<\/td>\n<\/tr>\n<tr>\n<th>Boy<\/th>\n<td>8 9 10<\/td>\n<\/tr>\n<tr>\n<th>Ambalajlama<\/th>\n<td>10 \u00e7ift\/torba<br \/>\n100 \u00e7ift\/karton<\/td>\n<\/tr>\n<\/tbody>\n<\/table>\n","protected":false},"featured_media":7850,"comment_status":"closed","ping_status":"closed","template":"","meta":[],"product_cat":[67,345,282],"product_tag":[],"class_list":["post-7847","product","type-product","status-publish","has-post-thumbnail","hentry","product_cat-el-kol-koruyucular","product_cat-genel-kullanim-koruma-agir-isler-icin","product_cat-mapa"],"_links":{"self":[{"href":"http:\/\/ssakimya.com\/index.php\/wp-json\/wp\/v2\/product\/7847","targetHints":{"allow":["GET"]}}],"collection":[{"href":"http:\/\/ssakimya.com\/index.php\/wp-json\/wp\/v2\/product"}],"about":[{"href":"http:\/\/ssakimya.com\/index.php\/wp-json\/wp\/v2\/types\/product"}],"replies":[{"embeddable":true,"href":"http:\/\/ssakimya.com\/index.php\/wp-json\/wp\/v2\/comments?post=7847"}],"wp:featuredmedia":[{"embeddable":true,"href":"http:\/\/ssakimya.com\/index.php\/wp-json\/wp\/v2\/media\/7850"}],"wp:attachment":[{"href":"http:\/\/ssakimya.com\/index.php\/wp-json\/wp\/v2\/media?parent=7847"}],"wp:term":[{"taxonomy":"product_cat","embeddable":true,"href":"http:\/\/ssakimya.com\/index.php\/wp-json\/wp\/v2\/product_cat?post=7847"},{"taxonomy":"product_tag","embeddable":true,"href":"http:\/\/ssakimya.com\/index.php\/wp-json\/wp\/v2\/product_tag?post=7847"}],"curies":[{"name":"wp","href":"https:\/\/api.w.org\/{rel}","templated":true}]}}