{"id":7799,"date":"2022-09-20T16:50:16","date_gmt":"2022-09-20T16:50:16","guid":{"rendered":"http:\/\/ssakimya.com\/?post_type=product&#038;p=7799"},"modified":"2022-10-21T11:58:54","modified_gmt":"2022-10-21T11:58:54","slug":"harpon-319","status":"publish","type":"product","link":"http:\/\/ssakimya.com\/index.php\/product\/harpon-319\/","title":{"rendered":"Harpon 319"},"content":{"rendered":"","protected":false},"excerpt":{"rendered":"<h1 class=\"page-title\">Harpon 319<\/h1>\n<p>&nbsp;<\/p>\n<p class=\"page-lead\">Konfor, takviye edilmi\u015f g\u00fcvenlik ve ya\u015f ortamlarda kusursuz kavrama<\/p>\n<h2><\/h2>\n<h2 id=\"specific-advantages\">\u00d6nemli avantajlar<\/h2>\n<ul>\n<li>Elin iyi termal yal\u0131t\u0131m\u0131<\/li>\n<li>Son derece konforlu kuma\u015f deste\u011fi (\u00e7al\u0131\u015fma y\u00fczeylerinde ek yeri yoktur)<\/li>\n<li>Do\u011fal lateksin kusursuz esnekli\u011fi<\/li>\n<li>Zararl\u0131 maddeler i\u00e7ermez:\u00a0<a title=\"DMF\" href=\"https:\/\/www.tr.mapa-pro.com\/bilgi-merkezi\/soezluek\/tanim\/dmf\">DMF<\/a>\u00a0i\u00e7ermez<\/li>\n<li>Boyamadan \u00f6nce metal sa\u00e7 ve cam da iz ve kusur olu\u015fmas\u0131n\u0131 \u00f6nlemek i\u00e7in silikon i\u00e7ermez<\/li>\n<\/ul>\n<p><strong>\u00d6nemli \u00f6zellikler<\/strong><\/p>\n<p>Daha iyi i\u015fleme i\u00e7in takviye edilmi\u015f kavrama.<\/p>\n<h2><\/h2>\n<h2 id=\"applications\">Uygulama<\/h2>\n<p><strong>\u00c7evre<\/strong><\/p>\n<ul>\n<li>Ormanc\u0131l\u0131k<\/li>\n<li>Dikenli tel ta\u015f\u0131ma<\/li>\n<li>Halka a\u00e7\u0131k park temizli\u011fi<\/li>\n<li>At\u0131k toplama<\/li>\n<\/ul>\n<p><strong>Di\u011fer end\u00fcstriler<\/strong><\/p>\n<ul>\n<li>A\u011fa\u00e7 i\u015fleri<\/li>\n<li>G\u00fcbre serpme<\/li>\n<li>Ta\u015f oca\u011f\u0131 i\u015fletme<\/li>\n<li>Cam i\u015fi<\/li>\n<\/ul>\n<h2><\/h2>\n<h2 id=\"standards\">Standartlar<\/h2>\n<ul class=\"norms-list\">\n<li title=\"Kat. 2\"><span class=\"type\">KAT. 2<\/span><img loading=\"lazy\" decoding=\"async\" src=\"https:\/\/www.tr.mapa-pro.com\/fileadmin\/_processed_storage_data\/a\/e\/csm_mapa-pim-picto-ce-category_edc1866ba7.jpg\" alt=\"Kat. 2\" width=\"34\" height=\"34\" \/><\/li>\n<li title=\"Mekanik tehlikeler EN 388\"><img loading=\"lazy\" decoding=\"async\" src=\"https:\/\/www.tr.mapa-pro.com\/fileadmin\/_processed_storage_data\/2\/9\/csm_mapa-pim-picto-en388-2016-digit_92e7fe8ce2.jpg\" alt=\"Mekanik tehlikeler EN 388\" width=\"34\" height=\"34\" \/>3131X<\/li>\n<li title=\"Is\u0131 ve yang\u0131n EN 407\"><img loading=\"lazy\" decoding=\"async\" src=\"https:\/\/www.tr.mapa-pro.com\/fileadmin\/_processed_storage_data\/3\/2\/csm_en407-year_2020_1412766aa3.jpg\" alt=\"Is\u0131 ve yang\u0131n EN 407\" width=\"34\" height=\"34\" \/>X1XXXX<\/li>\n<\/ul>\n<h2><\/h2>\n<h2 id=\"product-detail\">\u00dcr\u00fcn bilgileri<\/h2>\n<table class=\"table table-bordered\" style=\"height: 228px;\" width=\"400\">\n<tbody>\n<tr>\n<th>Malzeme<\/th>\n<td>Do\u011fal lateks<\/td>\n<\/tr>\n<tr>\n<th>Renk<\/th>\n<td>Turuncu, bej<\/td>\n<\/tr>\n<tr>\n<th>\u0130\u00e7 Kaplama<\/th>\n<td>Kuma\u015f takviyesi<\/td>\n<\/tr>\n<tr>\n<th>D\u0131\u015f Kaplama<\/th>\n<td>Destekli<\/td>\n<\/tr>\n<tr>\n<th>Uzunluk (cm)<\/th>\n<td>25-27<\/td>\n<\/tr>\n<tr>\n<th>Boy<\/th>\n<td>7 8 9<\/td>\n<\/tr>\n<tr>\n<th>Ambalajlama<\/th>\n<td>1 \u00e7ift\/torba<br \/>\n5 \u00e7ift\/kutu<br \/>\n50 \u00e7ift\/karton<\/td>\n<\/tr>\n<\/tbody>\n<\/table>\n","protected":false},"featured_media":7818,"comment_status":"closed","ping_status":"closed","template":"","meta":[],"product_cat":[67,345,282],"product_tag":[],"class_list":["post-7799","product","type-product","status-publish","has-post-thumbnail","hentry","product_cat-el-kol-koruyucular","product_cat-genel-kullanim-koruma-agir-isler-icin","product_cat-mapa"],"_links":{"self":[{"href":"http:\/\/ssakimya.com\/index.php\/wp-json\/wp\/v2\/product\/7799","targetHints":{"allow":["GET"]}}],"collection":[{"href":"http:\/\/ssakimya.com\/index.php\/wp-json\/wp\/v2\/product"}],"about":[{"href":"http:\/\/ssakimya.com\/index.php\/wp-json\/wp\/v2\/types\/product"}],"replies":[{"embeddable":true,"href":"http:\/\/ssakimya.com\/index.php\/wp-json\/wp\/v2\/comments?post=7799"}],"wp:featuredmedia":[{"embeddable":true,"href":"http:\/\/ssakimya.com\/index.php\/wp-json\/wp\/v2\/media\/7818"}],"wp:attachment":[{"href":"http:\/\/ssakimya.com\/index.php\/wp-json\/wp\/v2\/media?parent=7799"}],"wp:term":[{"taxonomy":"product_cat","embeddable":true,"href":"http:\/\/ssakimya.com\/index.php\/wp-json\/wp\/v2\/product_cat?post=7799"},{"taxonomy":"product_tag","embeddable":true,"href":"http:\/\/ssakimya.com\/index.php\/wp-json\/wp\/v2\/product_tag?post=7799"}],"curies":[{"name":"wp","href":"https:\/\/api.w.org\/{rel}","templated":true}]}}