{"id":7778,"date":"2022-09-20T16:09:12","date_gmt":"2022-09-20T16:09:12","guid":{"rendered":"http:\/\/ssakimya.com\/?post_type=product&#038;p=7778"},"modified":"2022-09-20T17:38:26","modified_gmt":"2022-09-20T17:38:26","slug":"ultrane-544","status":"publish","type":"product","link":"http:\/\/ssakimya.com\/index.php\/product\/ultrane-544\/","title":{"rendered":"Ultrane 544"},"content":{"rendered":"","protected":false},"excerpt":{"rendered":"<h1 class=\"page-title\">Ultrane 544<\/h1>\n<p>&nbsp;<\/p>\n<p class=\"page-lead\">Elektronik cihaz\u0131n ElektroStatik Bo\u015fal\u0131ma (<a title=\"ESD\" href=\"https:\/\/www.tr.mapa-pro.com\/bilgi-merkezi\/soezluek\/tanim\/esd\">ESD<\/a>) kar\u015f\u0131 korunmas\u0131<\/p>\n<h2><\/h2>\n<h2 id=\"specific-advantages\">\u00d6nemli avantajlar<\/h2>\n<ul>\n<li>Elektrostatik y\u00fckleri da\u011f\u0131tmak, elektronik cihaz\u0131 Elektrostatik Bo\u015falmaya (<a title=\"ESD\" href=\"https:\/\/www.tr.mapa-pro.com\/bilgi-merkezi\/soezluek\/tanim\/esd\">ESD<\/a>) kar\u015f\u0131 korumak i\u00e7in \u00f6zel olarak geli\u015ftirilmi\u015f \u00fcr\u00fcn<\/li>\n<li>Y\u00fcksek konfor ve Nefes alabilirlik: ikinci cilt etkisi, esneklik ve esneklik sa\u011flamak i\u00e7in ince astar<\/li>\n<li>Zararl\u0131 maddeler i\u00e7ermez : STANDARD 100 by OEKO-TEX\u00ae,\u00a0<a title=\"DMF\" href=\"https:\/\/www.tr.mapa-pro.com\/bilgi-merkezi\/soezluek\/tanim\/dmf\">DMF<\/a>\u00a0\u0130\u00e7ermez<\/li>\n<li>Dermatolojik olarak onayland\u0131<\/li>\n<li>Dokunmatik cihazlar ve dokunmatik ekran ile kullan\u0131labilir<\/li>\n<li>Boyamadan \u00f6nce metal sa\u00e7 ve cam da iz ve kusur olu\u015fmas\u0131n\u0131 \u00f6nlemek i\u00e7in silikon i\u00e7ermez<\/li>\n<li>Elle\u00e7lenen par\u00e7alarda hasar riski yok<\/li>\n<li>Performanstan \u00f6d\u00fcn vermeden 40\u00b0&#8217;de 1 kez y\u0131kanabilir.<\/li>\n<\/ul>\n<p><small>*Testler kullan\u0131lmam\u0131\u015f yeni eldivenler \u00fczerinde yap\u0131lm\u0131\u015ft\u0131r. Bu sebepten dolay\u0131 ger\u00e7ek saha ko\u015fullar\u0131 uygulamalar\u0131 farkl\u0131l\u0131k g\u00f6sterebilir.<\/small><\/p>\n<h2><\/h2>\n<h2 id=\"applications\">Uygulama<\/h2>\n<p><strong>Otomotiv\/mekanik end\u00fcstrisi<\/strong><\/p>\n<ul>\n<li>Hassas montaj<\/li>\n<li>Kalite kontrol<\/li>\n<li>Par\u00e7a montaj\u0131<\/li>\n<\/ul>\n<p><strong>Havac\u0131l\u0131k end\u00fcstrisi<\/strong><\/p>\n<ul>\n<li>Par\u00e7a montaj\u0131<\/li>\n<li>Hassas i\u015f<\/li>\n<\/ul>\n<p><strong>Elektronik<\/strong><\/p>\n<ul>\n<li>Elektronik bile\u015fen montaj\u0131 (ekranlar, LED&#8217;ler vs&#8230;.)<\/li>\n<\/ul>\n<p><strong>Beyaz e\u015fya<\/strong><\/p>\n<ul>\n<li>Elektronik kart ve bile\u015fen kullan\u0131m\u0131<\/li>\n<li>Hassas montaj<\/li>\n<\/ul>\n<h2><\/h2>\n<h2 id=\"standards\">Standartlar<\/h2>\n<ul class=\"norms-list\">\n<li title=\"Kat. 2\"><span class=\"type\">KAT. 2<\/span><img loading=\"lazy\" decoding=\"async\" src=\"https:\/\/www.tr.mapa-pro.com\/fileadmin\/_processed_storage_data\/a\/e\/csm_mapa-pim-picto-ce-category_edc1866ba7.jpg\" alt=\"Kat. 2\" width=\"34\" height=\"34\" \/><\/li>\n<li title=\"Mekanik tehlikeler EN 388\"><img loading=\"lazy\" decoding=\"async\" src=\"https:\/\/www.tr.mapa-pro.com\/fileadmin\/_processed_storage_data\/2\/9\/csm_mapa-pim-picto-en388-2016-digit_92e7fe8ce2.jpg\" alt=\"Mekanik tehlikeler EN 388\" width=\"34\" height=\"34\" \/>4121A<\/li>\n<li title=\"Elektrostatik Bo\u015faltma Korumas\u0131\u00a0EN 16350\"><img loading=\"lazy\" decoding=\"async\" src=\"https:\/\/www.tr.mapa-pro.com\/fileadmin\/_processed_storage_data\/3\/8\/csm_mapa-pim-picto-antistatic-property_554cb09993.jpg\" alt=\"Elektrostatik Bo\u015faltma Korumas\u0131\u00a0EN 16350\" width=\"34\" height=\"34\" \/><\/li>\n<\/ul>\n<h2><\/h2>\n<h2 id=\"product-detail\">\u00dcr\u00fcn bilgileri<\/h2>\n<table class=\"table table-bordered\" style=\"height: 216px;\" width=\"555\">\n<tbody>\n<tr>\n<th>Malzeme<\/th>\n<td>\u0130letken k\u00f6p\u00fck nitril<\/td>\n<\/tr>\n<tr>\n<th>Renk<\/th>\n<td>Gri<\/td>\n<\/tr>\n<tr>\n<th>\u0130\u00e7 Kaplama<\/th>\n<td>\u0130letken elyaf ile kesintisiz tekstil deste\u011fi<\/td>\n<\/tr>\n<tr>\n<th>D\u0131\u015f Kaplama<\/th>\n<td>Havaland\u0131rmal\u0131<\/td>\n<\/tr>\n<tr>\n<th>Uzunluk (cm)<\/th>\n<td>22-27<\/td>\n<\/tr>\n<tr>\n<th>Boy<\/th>\n<td>6 7 8 9 10 11<\/td>\n<\/tr>\n<tr>\n<th>Ambalajlama<\/th>\n<td>1 \u00e7ift\/torba<br \/>\n12 \u00e7ift\/torba<br \/>\n96 \u00e7ift\/karton<\/td>\n<\/tr>\n<\/tbody>\n<\/table>\n","protected":false},"featured_media":7780,"comment_status":"closed","ping_status":"closed","template":"","meta":[],"product_cat":[67,344,282],"product_tag":[],"class_list":["post-7778","product","type-product","status-publish","has-post-thumbnail","hentry","product_cat-el-kol-koruyucular","product_cat-genel-kullanim-koruma-hassas-isler-icin","product_cat-mapa"],"_links":{"self":[{"href":"http:\/\/ssakimya.com\/index.php\/wp-json\/wp\/v2\/product\/7778","targetHints":{"allow":["GET"]}}],"collection":[{"href":"http:\/\/ssakimya.com\/index.php\/wp-json\/wp\/v2\/product"}],"about":[{"href":"http:\/\/ssakimya.com\/index.php\/wp-json\/wp\/v2\/types\/product"}],"replies":[{"embeddable":true,"href":"http:\/\/ssakimya.com\/index.php\/wp-json\/wp\/v2\/comments?post=7778"}],"wp:featuredmedia":[{"embeddable":true,"href":"http:\/\/ssakimya.com\/index.php\/wp-json\/wp\/v2\/media\/7780"}],"wp:attachment":[{"href":"http:\/\/ssakimya.com\/index.php\/wp-json\/wp\/v2\/media?parent=7778"}],"wp:term":[{"taxonomy":"product_cat","embeddable":true,"href":"http:\/\/ssakimya.com\/index.php\/wp-json\/wp\/v2\/product_cat?post=7778"},{"taxonomy":"product_tag","embeddable":true,"href":"http:\/\/ssakimya.com\/index.php\/wp-json\/wp\/v2\/product_tag?post=7778"}],"curies":[{"name":"wp","href":"https:\/\/api.w.org\/{rel}","templated":true}]}}