{"id":7730,"date":"2022-09-19T23:28:26","date_gmt":"2022-09-19T23:28:26","guid":{"rendered":"http:\/\/ssakimya.com\/?post_type=product&#038;p=7730"},"modified":"2022-09-20T17:39:04","modified_gmt":"2022-09-20T17:39:04","slug":"ultrane-500","status":"publish","type":"product","link":"http:\/\/ssakimya.com\/index.php\/product\/ultrane-500\/","title":{"rendered":"Ultrane 500"},"content":{"rendered":"","protected":false},"excerpt":{"rendered":"<h1 class=\"page-title\">Ultrane 500<\/h1>\n<p>&nbsp;<\/p>\n<p class=\"page-lead\">Ya\u011fl\u0131 ortamlar i\u00e7in kavrama ve deri korumas\u0131<\/p>\n<h2><\/h2>\n<h2 id=\"specific-advantages\">\u00d6nemli avantajlar<\/h2>\n<ul>\n<li>Uzun s\u00fcreli dayan\u0131kl\u0131l\u0131k i\u00e7in kirli ortamlara uyarlanm\u0131\u015f renk.<\/li>\n<li><a title=\"Nitril\" href=\"https:\/\/www.tr.mapa-pro.com\/bilgi-merkezi\/soezluek\/tanim\/nitril\">Nitril<\/a>\u00a0kaplama sayesinde m\u00fckemmel a\u015f\u0131nma dayan\u0131kl\u0131l\u0131\u011f\u0131.<\/li>\n<li>Grip and Proof kaplama ya\u011fl\u0131 ortamda m\u00fckemmel bir tutu\u015f sa\u011flar. Ayr\u0131ca, kas gerginli\u011fini azalt\u0131r ve performans\u0131 artt\u0131r\u0131r.<\/li>\n<li>Ya\u011f ge\u00e7irmez, ya\u011f penetrasyonunu geri iter ve dermatiti azalt\u0131r<\/li>\n<li>Zararl\u0131 maddeler i\u00e7ermez:\u00a0<a title=\"DMF\" href=\"https:\/\/www.tr.mapa-pro.com\/bilgi-merkezi\/soezluek\/tanim\/dmf\">DMF<\/a>\u00a0i\u00e7ermez<\/li>\n<li>Boyamadan \u00f6nce metal sa\u00e7 ve cam da iz ve kusur olu\u015fmas\u0131n\u0131 \u00f6nlemek i\u00e7in silikon i\u00e7ermez<\/li>\n<li>Performanstan \u00f6d\u00fcn vermeden 40\u00b0&#8217;de 3 kez y\u0131kanabilir olmas\u0131 sayesinde eldivenin kullan\u0131m \u00f6mr\u00fc uzar, maliyet ve at\u0131k azal\u0131r<\/li>\n<li>End\u00fcstriyel ortamlara uyarlanm\u0131\u015f \u00e7ekici koyu renkli eldiven<\/li>\n<\/ul>\n<p><small>*Testler kullan\u0131lmam\u0131\u015f yeni eldivenler \u00fczerinde yap\u0131lm\u0131\u015ft\u0131r. Bu sebepten dolay\u0131 ger\u00e7ek saha ko\u015fullar\u0131 uygulamalar\u0131 farkl\u0131l\u0131k g\u00f6sterebilir.<\/small><\/p>\n<h2><\/h2>\n<h2 id=\"applications\">Uygulama<\/h2>\n<p><strong>Otomotiv\/mekanik end\u00fcstrisi<\/strong><\/p>\n<ul>\n<li>K\u00fc\u00e7\u00fck keskin par\u00e7alar\u0131n ta\u015f\u0131nmas\u0131 ve ayr\u0131lmas\u0131<\/li>\n<li>Ya\u011fl\u0131 mekanik par\u00e7alar\u0131n ta\u015f\u0131nmas\u0131<\/li>\n<li>Metal sa\u00e7 ta\u015f\u0131ma<\/li>\n<li>Kesme ya\u011f\u0131 kullanarak par\u00e7alar\u0131 mekanik i\u015fleme<\/li>\n<\/ul>\n<p><strong>Cam end\u00fcstrisi<\/strong><\/p>\n<ul>\n<li>Cam levhalar\u0131n ta\u015f\u0131nmas\u0131<\/li>\n<\/ul>\n<p><strong>Mekanik end\u00fcstrisi<\/strong><\/p>\n<ul>\n<li>Metali kesme ve damgalama<\/li>\n<li>Islak ortamlarda bak\u0131m (su, ya\u011f, gres ya\u011f\u0131, hidrokarbonlar)<\/li>\n<\/ul>\n<p><strong>Di\u011fer end\u00fcstriler<\/strong><\/p>\n<ul>\n<li>Islak ortamlarda bak\u0131m<\/li>\n<\/ul>\n<p><strong>Tar\u0131m sekt\u00f6r\u00fc<\/strong><\/p>\n<ul>\n<li>Yeniden giri\u015f g\u00f6revleri<\/li>\n<\/ul>\n<h2><\/h2>\n<h2 id=\"standards\">Standartlar<\/h2>\n<ul class=\"norms-list\">\n<li title=\"Kat. 3\"><span class=\"type\">KAT. 3<\/span><img loading=\"lazy\" decoding=\"async\" src=\"https:\/\/www.tr.mapa-pro.com\/fileadmin\/_processed_storage_data\/a\/e\/csm_mapa-pim-picto-ce-category_edc1866ba7.jpg\" alt=\"Kat. 3\" width=\"34\" height=\"34\" \/>0075<\/li>\n<li title=\"Mekanik tehlikeler EN 388\"><img loading=\"lazy\" decoding=\"async\" src=\"https:\/\/www.tr.mapa-pro.com\/fileadmin\/_processed_storage_data\/2\/9\/csm_mapa-pim-picto-en388-2016-digit_92e7fe8ce2.jpg\" alt=\"Mekanik tehlikeler EN 388\" width=\"34\" height=\"34\" \/>4121A<\/li>\n<li title=\"Is\u0131 ve yang\u0131n EN 407\"><img loading=\"lazy\" decoding=\"async\" src=\"https:\/\/www.tr.mapa-pro.com\/fileadmin\/_processed_storage_data\/3\/2\/csm_en407-year_2020_1412766aa3.jpg\" alt=\"Is\u0131 ve yang\u0131n EN 407\" width=\"34\" height=\"34\" \/>X1XXXX<\/li>\n<li title=\"Zararl\u0131 tar\u0131m ila\u00e7lar\u0131ndan korunma ISO 18889 GR\"><img loading=\"lazy\" decoding=\"async\" src=\"https:\/\/www.tr.mapa-pro.com\/fileadmin\/_processed_storage_data\/6\/9\/csm_mapa-pim-picto-iso18889_gr_24d26738a0.jpg\" alt=\"Zararl\u0131 tar\u0131m ila\u00e7lar\u0131ndan korunma ISO 18889 GR\" width=\"34\" height=\"34\" \/><\/li>\n<li title=\"ANSI cut A1\"><img loading=\"lazy\" decoding=\"async\" src=\"https:\/\/www.tr.mapa-pro.com\/fileadmin\/_processed_storage_data\/0\/0\/csm_mapa-pim-picto-ansi-cut_a1_132f8f7f2a.jpg\" alt=\"ANSI cut A1\" width=\"34\" height=\"34\" \/><\/li>\n<li title=\"\">ISO\u00a013997:<br \/>\n5N\u00a0(327g)<\/li>\n<\/ul>\n<h2><\/h2>\n<h2 id=\"product-detail\">\u00dcr\u00fcn bilgileri<\/h2>\n<table class=\"table table-bordered\" style=\"height: 188px;\" width=\"598\">\n<tbody>\n<tr>\n<th>Malzeme<\/th>\n<td>Nitril GRIP&amp;PROOF kaplama<\/td>\n<\/tr>\n<tr>\n<th>Renk<\/th>\n<td>Siyah<\/td>\n<\/tr>\n<tr>\n<th>\u0130\u00e7 Kaplama<\/th>\n<td>Diki\u015fsiz kuma\u015f takviyesi<\/td>\n<\/tr>\n<tr>\n<th>D\u0131\u015f Kaplama<\/th>\n<td>Havaland\u0131rmal\u0131<\/td>\n<\/tr>\n<tr>\n<th>Uzunluk (cm)<\/th>\n<td>22-27<\/td>\n<\/tr>\n<tr>\n<th>Boy<\/th>\n<td>6 7 8 9 10 11<\/td>\n<\/tr>\n<tr>\n<th>Ambalajlama<\/th>\n<td>1 \u00e7ift\/torba<br \/>\n12 \u00e7ift\/torba<br \/>\n96 \u00e7ift\/karton<\/td>\n<\/tr>\n<\/tbody>\n<\/table>\n","protected":false},"featured_media":7735,"comment_status":"closed","ping_status":"closed","template":"","meta":[],"product_cat":[67,304,282],"product_tag":[],"class_list":["post-7730","product","type-product","status-publish","has-post-thumbnail","hentry","product_cat-el-kol-koruyucular","product_cat-kimyasal-koruma","product_cat-mapa"],"_links":{"self":[{"href":"http:\/\/ssakimya.com\/index.php\/wp-json\/wp\/v2\/product\/7730","targetHints":{"allow":["GET"]}}],"collection":[{"href":"http:\/\/ssakimya.com\/index.php\/wp-json\/wp\/v2\/product"}],"about":[{"href":"http:\/\/ssakimya.com\/index.php\/wp-json\/wp\/v2\/types\/product"}],"replies":[{"embeddable":true,"href":"http:\/\/ssakimya.com\/index.php\/wp-json\/wp\/v2\/comments?post=7730"}],"wp:featuredmedia":[{"embeddable":true,"href":"http:\/\/ssakimya.com\/index.php\/wp-json\/wp\/v2\/media\/7735"}],"wp:attachment":[{"href":"http:\/\/ssakimya.com\/index.php\/wp-json\/wp\/v2\/media?parent=7730"}],"wp:term":[{"taxonomy":"product_cat","embeddable":true,"href":"http:\/\/ssakimya.com\/index.php\/wp-json\/wp\/v2\/product_cat?post=7730"},{"taxonomy":"product_tag","embeddable":true,"href":"http:\/\/ssakimya.com\/index.php\/wp-json\/wp\/v2\/product_tag?post=7730"}],"curies":[{"name":"wp","href":"https:\/\/api.w.org\/{rel}","templated":true}]}}