{"id":7696,"date":"2022-09-19T22:35:03","date_gmt":"2022-09-19T22:35:03","guid":{"rendered":"http:\/\/ssakimya.com\/?post_type=product&#038;p=7696"},"modified":"2022-09-20T17:39:22","modified_gmt":"2022-09-20T17:39:22","slug":"ultraneo-407","status":"publish","type":"product","link":"http:\/\/ssakimya.com\/index.php\/product\/ultraneo-407\/","title":{"rendered":"UltraNeo 407"},"content":{"rendered":"","protected":false},"excerpt":{"rendered":"<h1 class=\"page-title\">UltraNeo 407<\/h1>\n<p>&nbsp;<\/p>\n<p class=\"page-lead\">Ultra y\u00fcksek performansl\u0131 kimyasal korumas\u0131<\/p>\n<h2><\/h2>\n<h2 id=\"specific-advantages\">\u00d6nemli avantajlar<\/h2>\n<ul>\n<li>Kabartmal\u0131 doku sayesinde iyi kavrama<\/li>\n<li>Malzemenin kal\u0131nl\u0131\u011f\u0131n\u0131n art\u0131rd\u0131\u011f\u0131 geni\u015f kapsaml\u0131 kimyasal direnci (asitlere, alifatik \u00e7\u00f6z\u00fcc\u00fclere, \u00e7\u00f6z\u00fcc\u00fc kar\u0131\u015f\u0131mlar\u0131na kar\u015f\u0131)<\/li>\n<li>Boyamadan \u00f6nce metal sa\u00e7 ve cam da iz ve kusur olu\u015fmas\u0131n\u0131 \u00f6nlemek i\u00e7in silikon i\u00e7ermez<\/li>\n<li>Klorlu i\u00e7 k\u0131s\u0131m sayesinde tak\u0131lmas\u0131 ve \u00e7\u0131kar\u0131lmas\u0131 kolay<\/li>\n<\/ul>\n<p><strong>\u00d6nemli \u00f6zellikler<\/strong><\/p>\n<p>Birle\u015ftirilmi\u015f iki\u00a0<a title=\"neopren\" href=\"https:\/\/www.tr.mapa-pro.com\/bilgi-merkezi\/soezluek\/tanim\/neopren\">neopren<\/a>\u00a0katman, mekanik direnci ve kimyasallara kar\u015f\u0131 direnci art\u0131r\u0131r. Eldivenin k\u0131rm\u0131z\u0131 i\u00e7 katman\u0131, a\u015f\u0131nmalar\u0131n net bir \u015fekilde g\u00f6r\u00fcnmesini temin ederek kullan\u0131c\u0131 i\u00e7in optimum g\u00fcvenlik sa\u011flar.<\/p>\n<h2><\/h2>\n<h2 id=\"applications\">Uygulama<\/h2>\n<p><strong>Mekanik end\u00fcstrisi<\/strong><\/p>\n<ul>\n<li>Metallerin y\u00fczey uygulamas\u0131 (asitler)<\/li>\n<li>Asitle a\u015f\u0131nd\u0131rma \/ ya\u011f temizleme<\/li>\n<\/ul>\n<p><strong>Kimya end\u00fcstrisi<\/strong><\/p>\n<ul>\n<li>Saha kirlilik kontrol\u00fc<\/li>\n<li>Alkilleme birimlerini ta\u015f\u0131ma<\/li>\n<li>Kimyasal \u00fcr\u00fcn varillerini ta\u015f\u0131ma ve nakletme<\/li>\n<\/ul>\n<h2><\/h2>\n<h2 id=\"standards\">Standartlar<\/h2>\n<ul class=\"norms-list\">\n<li title=\"Kat. 3\"><span class=\"type\">KAT. 3<\/span><img loading=\"lazy\" decoding=\"async\" src=\"https:\/\/www.tr.mapa-pro.com\/fileadmin\/_processed_storage_data\/a\/e\/csm_mapa-pim-picto-ce-category_edc1866ba7.jpg\" alt=\"Kat. 3\" width=\"34\" height=\"34\" \/>0334<\/li>\n<li title=\"Mekanik tehlikeler EN 388\"><img loading=\"lazy\" decoding=\"async\" src=\"https:\/\/www.tr.mapa-pro.com\/fileadmin\/_processed_storage_data\/2\/9\/csm_mapa-pim-picto-en388-2016-digit_92e7fe8ce2.jpg\" alt=\"Mekanik tehlikeler EN 388\" width=\"34\" height=\"34\" \/>2111X<\/li>\n<li title=\"\u00d6zel Kimyasal Korunma EN 374\"><span class=\"type\">Type A<\/span><img loading=\"lazy\" decoding=\"async\" src=\"https:\/\/www.tr.mapa-pro.com\/fileadmin\/_processed_storage_data\/9\/8\/csm_mapa-pim-picto-en374-2016-type_e9d22f017a.jpg\" alt=\"\u00d6zel Kimyasal Korunma EN 374\" width=\"34\" height=\"34\" \/>ABCJLMNS<\/li>\n<li title=\"Mikro organizmalar EN 374\"><img loading=\"lazy\" decoding=\"async\" src=\"https:\/\/www.tr.mapa-pro.com\/fileadmin\/_processed_storage_data\/7\/d\/csm_mapa-pim-picto-en374-5-2016-virus_8f75dc8c05.jpg\" alt=\"Mikro organizmalar EN 374\" width=\"34\" height=\"34\" \/><\/li>\n<\/ul>\n<h2><\/h2>\n<h2 id=\"product-detail\">\u00dcr\u00fcn bilgileri<\/h2>\n<table class=\"table table-bordered\" style=\"height: 237px;\" width=\"388\">\n<tbody>\n<tr>\n<th>Malzeme<\/th>\n<td>Neopren<\/td>\n<\/tr>\n<tr>\n<th>Renk<\/th>\n<td>Siyah<\/td>\n<\/tr>\n<tr>\n<th>\u0130\u00e7 Kaplama<\/th>\n<td>Klorla kaplanm\u0131\u015f<\/td>\n<\/tr>\n<tr>\n<th>D\u0131\u015f Kaplama<\/th>\n<td>Kabartmal\u0131 kuma\u015f<\/td>\n<\/tr>\n<tr>\n<th>Uzunluk (cm)<\/th>\n<td>35<\/td>\n<\/tr>\n<tr>\n<th>Kal\u0131nl\u0131k (mm)<\/th>\n<td>0.75<\/td>\n<\/tr>\n<tr>\n<th>Boy<\/th>\n<td>9 10<\/td>\n<\/tr>\n<tr>\n<th>Ambalajlama<\/th>\n<td>1 \u00e7ift\/torba<br \/>\n6 \u00e7ift\/torba<br \/>\n48 \u00e7ift\/karton<\/td>\n<\/tr>\n<\/tbody>\n<\/table>\n","protected":false},"featured_media":7700,"comment_status":"closed","ping_status":"closed","template":"","meta":[],"product_cat":[67,304,282],"product_tag":[],"class_list":["post-7696","product","type-product","status-publish","has-post-thumbnail","hentry","product_cat-el-kol-koruyucular","product_cat-kimyasal-koruma","product_cat-mapa"],"_links":{"self":[{"href":"http:\/\/ssakimya.com\/index.php\/wp-json\/wp\/v2\/product\/7696","targetHints":{"allow":["GET"]}}],"collection":[{"href":"http:\/\/ssakimya.com\/index.php\/wp-json\/wp\/v2\/product"}],"about":[{"href":"http:\/\/ssakimya.com\/index.php\/wp-json\/wp\/v2\/types\/product"}],"replies":[{"embeddable":true,"href":"http:\/\/ssakimya.com\/index.php\/wp-json\/wp\/v2\/comments?post=7696"}],"wp:featuredmedia":[{"embeddable":true,"href":"http:\/\/ssakimya.com\/index.php\/wp-json\/wp\/v2\/media\/7700"}],"wp:attachment":[{"href":"http:\/\/ssakimya.com\/index.php\/wp-json\/wp\/v2\/media?parent=7696"}],"wp:term":[{"taxonomy":"product_cat","embeddable":true,"href":"http:\/\/ssakimya.com\/index.php\/wp-json\/wp\/v2\/product_cat?post=7696"},{"taxonomy":"product_tag","embeddable":true,"href":"http:\/\/ssakimya.com\/index.php\/wp-json\/wp\/v2\/product_tag?post=7696"}],"curies":[{"name":"wp","href":"https:\/\/api.w.org\/{rel}","templated":true}]}}