{"id":7689,"date":"2022-09-19T22:27:00","date_gmt":"2022-09-19T22:27:00","guid":{"rendered":"http:\/\/ssakimya.com\/?post_type=product&#038;p=7689"},"modified":"2022-09-20T17:39:35","modified_gmt":"2022-09-20T17:39:35","slug":"ultraneo-382","status":"publish","type":"product","link":"http:\/\/ssakimya.com\/index.php\/product\/ultraneo-382\/","title":{"rendered":"UltraNeo 382"},"content":{"rendered":"","protected":false},"excerpt":{"rendered":"<h1 class=\"page-title\">UltraNeo 382<\/h1>\n<p>&nbsp;<\/p>\n<p class=\"page-lead\">Standart kimyasal korumas\u0131 i\u00e7in maksimum konfor<\/p>\n<h2 id=\"specific-advantages\">\u00d6nemli avantajlar<\/h2>\n<ul>\n<li>Pamuk \u00f6rg\u00fc astar sayesinde ekstra konfor ve termal yal\u0131t\u0131m.<\/li>\n<li>Mapa Professionnel&#8217;in benzersiz \u00e7ok katmanl\u0131 s\u00fcreci sayesinde son derece yumu\u015fak.<\/li>\n<li>Ya\u015f objelerin daha iyi kavranmas\u0131 i\u00e7in kabartmal\u0131 doku.<\/li>\n<li>Boyamadan \u00f6nce metal sa\u00e7 ve cam da iz ve kusur olu\u015fmas\u0131n\u0131 \u00f6nlemek i\u00e7in silikon i\u00e7ermez<\/li>\n<li>End\u00fcstriyel ortamlara uyarlanm\u0131\u015f \u00e7ekici koyu renkli eldiven<\/li>\n<\/ul>\n<p><strong>\u00d6nemli \u00f6zellikler<\/strong><\/p>\n<p>Daha iyi diren\u00e7 i\u00e7in iki eldiven bir arada: 2 malzemeyi birle\u015ftirerek kimyasal direncini optimize eden ve rakipsiz bir eldiven esnekli\u011fi sa\u011flayan benzersiz bir s\u00fcre\u00e7.<\/p>\n<h2 id=\"applications\">Uygulama<\/h2>\n<p><strong>Otomotiv\/mekanik end\u00fcstrisi<\/strong><\/p>\n<ul>\n<li>Motor par\u00e7alar\u0131 montaj\u0131<\/li>\n<li>Y\u00fczey i\u015fleme<\/li>\n<\/ul>\n<p><strong>Kimya end\u00fcstrisi<\/strong><\/p>\n<ul>\n<li>Kimyasal \u00fcr\u00fcn harmanlama<\/li>\n<li>Kimyasal \u00fcr\u00fcn varillerini ta\u015f\u0131ma<\/li>\n<li>Vanalar\u0131n kumanda edilmesi<\/li>\n<\/ul>\n<p><strong>Di\u011fer end\u00fcstriler<\/strong><\/p>\n<ul>\n<li>Laboratuvar testleri<\/li>\n<li>Makine bak\u0131m\u0131<\/li>\n<\/ul>\n<h2 id=\"standards\">Standartlar<\/h2>\n<ul class=\"norms-list\">\n<li title=\"Kat. 3\"><span class=\"type\">KAT. 3<\/span><img loading=\"lazy\" decoding=\"async\" src=\"https:\/\/www.tr.mapa-pro.com\/fileadmin\/_processed_storage_data\/a\/e\/csm_mapa-pim-picto-ce-category_edc1866ba7.jpg\" alt=\"Kat. 3\" width=\"34\" height=\"34\" \/>0334<\/li>\n<li title=\"Mekanik tehlikeler EN 388\"><img loading=\"lazy\" decoding=\"async\" src=\"https:\/\/www.tr.mapa-pro.com\/fileadmin\/_processed_storage_data\/2\/9\/csm_mapa-pim-picto-en388-2016-digit_92e7fe8ce2.jpg\" alt=\"Mekanik tehlikeler EN 388\" width=\"34\" height=\"34\" \/>2121X<\/li>\n<li title=\"\u00d6zel Kimyasal Korunma EN 374\"><span class=\"type\">Type A<\/span><img loading=\"lazy\" decoding=\"async\" src=\"https:\/\/www.tr.mapa-pro.com\/fileadmin\/_processed_storage_data\/9\/8\/csm_mapa-pim-picto-en374-2016-type_e9d22f017a.jpg\" alt=\"\u00d6zel Kimyasal Korunma EN 374\" width=\"34\" height=\"34\" \/>ALMNST<\/li>\n<li title=\"Mikro organizmalar EN 374\"><img loading=\"lazy\" decoding=\"async\" src=\"https:\/\/www.tr.mapa-pro.com\/fileadmin\/_processed_storage_data\/7\/d\/csm_mapa-pim-picto-en374-5-2016-virus_8f75dc8c05.jpg\" alt=\"Mikro organizmalar EN 374\" width=\"34\" height=\"34\" \/><\/li>\n<li title=\"Is\u0131 ve yang\u0131n EN 407\"><img loading=\"lazy\" decoding=\"async\" src=\"https:\/\/www.tr.mapa-pro.com\/fileadmin\/_processed_storage_data\/3\/2\/csm_en407-year_2020_1412766aa3.jpg\" alt=\"Is\u0131 ve yang\u0131n EN 407\" width=\"34\" height=\"34\" \/>X1XXXX<\/li>\n<\/ul>\n<h2 id=\"product-detail\">\u00dcr\u00fcn bilgileri<\/h2>\n<table class=\"table table-bordered\" style=\"height: 210px;\" width=\"458\">\n<tbody>\n<tr>\n<th>Malzeme<\/th>\n<td>Neopren<\/td>\n<\/tr>\n<tr>\n<th>Renk<\/th>\n<td>Mavi<\/td>\n<\/tr>\n<tr>\n<th>\u0130\u00e7 Kaplama<\/th>\n<td>Kuma\u015f takviyesi Mapa Teknoloji<\/td>\n<\/tr>\n<tr>\n<th>D\u0131\u015f Kaplama<\/th>\n<td>Kabartmal\u0131 kuma\u015f<\/td>\n<\/tr>\n<tr>\n<th>Uzunluk (cm)<\/th>\n<td>36<\/td>\n<\/tr>\n<tr>\n<th>Kal\u0131nl\u0131k (mm)<\/th>\n<td>0.95<\/td>\n<\/tr>\n<tr>\n<th>Boy<\/th>\n<td>6 7 8 9 10<\/td>\n<\/tr>\n<tr>\n<th>Ambalajlama<\/th>\n<td>12 \u00e7ift\/torba<br \/>\n72 \u00e7ift\/karton<\/td>\n<\/tr>\n<\/tbody>\n<\/table>\n","protected":false},"featured_media":7692,"comment_status":"closed","ping_status":"closed","template":"","meta":[],"product_cat":[67,304,282],"product_tag":[],"class_list":["post-7689","product","type-product","status-publish","has-post-thumbnail","hentry","product_cat-el-kol-koruyucular","product_cat-kimyasal-koruma","product_cat-mapa"],"_links":{"self":[{"href":"http:\/\/ssakimya.com\/index.php\/wp-json\/wp\/v2\/product\/7689","targetHints":{"allow":["GET"]}}],"collection":[{"href":"http:\/\/ssakimya.com\/index.php\/wp-json\/wp\/v2\/product"}],"about":[{"href":"http:\/\/ssakimya.com\/index.php\/wp-json\/wp\/v2\/types\/product"}],"replies":[{"embeddable":true,"href":"http:\/\/ssakimya.com\/index.php\/wp-json\/wp\/v2\/comments?post=7689"}],"wp:featuredmedia":[{"embeddable":true,"href":"http:\/\/ssakimya.com\/index.php\/wp-json\/wp\/v2\/media\/7692"}],"wp:attachment":[{"href":"http:\/\/ssakimya.com\/index.php\/wp-json\/wp\/v2\/media?parent=7689"}],"wp:term":[{"taxonomy":"product_cat","embeddable":true,"href":"http:\/\/ssakimya.com\/index.php\/wp-json\/wp\/v2\/product_cat?post=7689"},{"taxonomy":"product_tag","embeddable":true,"href":"http:\/\/ssakimya.com\/index.php\/wp-json\/wp\/v2\/product_tag?post=7689"}],"curies":[{"name":"wp","href":"https:\/\/api.w.org\/{rel}","templated":true}]}}