{"id":7669,"date":"2022-09-19T21:34:38","date_gmt":"2022-09-19T21:34:38","guid":{"rendered":"http:\/\/ssakimya.com\/?post_type=product&#038;p=7669"},"modified":"2022-10-21T13:09:23","modified_gmt":"2022-10-21T13:09:23","slug":"butoflex-650","status":"publish","type":"product","link":"http:\/\/ssakimya.com\/index.php\/product\/butoflex-650\/","title":{"rendered":"Butoflex 650"},"content":{"rendered":"","protected":false},"excerpt":{"rendered":"<h1 class=\"page-title\">Butoflex 650<\/h1>\n<p>&nbsp;<\/p>\n<p class=\"page-lead\">En \u00fcst d\u00fczey spesifik kimyasal direnci<\/p>\n<p>&nbsp;<\/p>\n<h2 id=\"specific-advantages\">\u00d6nemli avantajlar<\/h2>\n<ul>\n<li>\u0130stisnai konfor; piyasadaki kuma\u015ftan i\u00e7 astarl\u0131 ilk b\u00fctil eldiven<\/li>\n<li>Rakipsiz esneklik ve hassasiyeti<\/li>\n<li>\u00c7ok a\u015f\u0131nd\u0131r\u0131c\u0131 asitler, ketonlar, esterler ve amin t\u00fcrevleri i\u00e7in en \u00fcst d\u00fczey spesifik kimyasal direnci<\/li>\n<li>Boyamadan \u00f6nce metal sa\u00e7 ve cam da iz ve kusur olu\u015fmas\u0131n\u0131 \u00f6nlemek i\u00e7in silikon i\u00e7ermez<\/li>\n<\/ul>\n<p><strong>\u00d6nemli \u00f6zellikler<\/strong><\/p>\n<p>Piyasadaki \u00f6zel kabartmal\u0131 d\u0131\u015f kaplamaya sahip tek B\u00fctil eldiven, yani kaygan objeler herhangi bir risk olmaks\u0131z\u0131n ta\u015f\u0131nabilir.<\/p>\n<p>&nbsp;<\/p>\n<h2 id=\"applications\">Uygulama<\/h2>\n<p><strong>Kozmetikler ve Ecza end\u00fcstrisi<\/strong><\/p>\n<ul>\n<li>Laboratuvarlarda ta\u015f\u0131ma<\/li>\n<\/ul>\n<p><strong>Mekanik end\u00fcstrisi<\/strong><\/p>\n<ul>\n<li>Metal i\u015fleme ve ya\u011f temizleme<\/li>\n<\/ul>\n<p><strong>Kimya end\u00fcstrisi<\/strong><\/p>\n<ul>\n<li>Kimyasallar\u0131 \u00f6rnekleme<\/li>\n<li>Kimyasallar\u0131 ta\u015f\u0131ma ve yeniden ambalajlama<\/li>\n<li>Boya, vernik, re\u00e7ine ve m\u00fcrekkep form\u00fclleri olu\u015fturma<\/li>\n<\/ul>\n<p>&nbsp;<\/p>\n<h2 id=\"standards\">Standartlar<\/h2>\n<ul class=\"norms-list\">\n<li title=\"Kat. 3\"><span class=\"type\">KAT. 3<\/span><img loading=\"lazy\" decoding=\"async\" src=\"https:\/\/www.tr.mapa-pro.com\/fileadmin\/_processed_storage_data\/a\/e\/csm_mapa-pim-picto-ce-category_edc1866ba7.jpg\" alt=\"Kat. 3\" width=\"34\" height=\"34\" \/>0334<\/li>\n<li title=\"Mekanik tehlikeler EN 388\"><img loading=\"lazy\" decoding=\"async\" src=\"https:\/\/www.tr.mapa-pro.com\/fileadmin\/_processed_storage_data\/2\/9\/csm_mapa-pim-picto-en388-2016-digit_92e7fe8ce2.jpg\" alt=\"Mekanik tehlikeler EN 388\" width=\"34\" height=\"34\" \/>1121X<\/li>\n<li title=\"\u00d6zel Kimyasal Korunma EN 374\"><span class=\"type\">Type A<\/span><img loading=\"lazy\" decoding=\"async\" src=\"https:\/\/www.tr.mapa-pro.com\/fileadmin\/_processed_storage_data\/9\/8\/csm_mapa-pim-picto-en374-2016-type_e9d22f017a.jpg\" alt=\"\u00d6zel Kimyasal Korunma EN 374\" width=\"34\" height=\"34\" \/>ABCILMNOS<\/li>\n<li title=\"Mikro organizmalar EN 374\"><img loading=\"lazy\" decoding=\"async\" src=\"https:\/\/www.tr.mapa-pro.com\/fileadmin\/_processed_storage_data\/7\/d\/csm_mapa-pim-picto-en374-5-2016-virus_8f75dc8c05.jpg\" alt=\"Mikro organizmalar EN 374\" width=\"34\" height=\"34\" \/><\/li>\n<\/ul>\n<h2><\/h2>\n<h2 id=\"product-detail\">\u00dcr\u00fcn bilgileri<\/h2>\n<table class=\"table table-bordered\" style=\"height: 221px;\" width=\"546\">\n<tbody>\n<tr>\n<th>Malzeme<\/th>\n<td>B\u00fctil<\/td>\n<\/tr>\n<tr>\n<th>Renk<\/th>\n<td>Siyah<\/td>\n<\/tr>\n<tr>\n<th>\u0130\u00e7 Kaplama<\/th>\n<td>Kuma\u015f takviyesi Mapa Teknoloji<\/td>\n<\/tr>\n<tr>\n<th>D\u0131\u015f Kaplama<\/th>\n<td>Kabartmal\u0131 kuma\u015f<\/td>\n<\/tr>\n<tr>\n<th>Uzunluk (cm)<\/th>\n<td>35<\/td>\n<\/tr>\n<tr>\n<th>Kal\u0131nl\u0131k (mm)<\/th>\n<td>1.45<\/td>\n<\/tr>\n<tr>\n<th>Boy<\/th>\n<td>7 8 9 10 11<\/td>\n<\/tr>\n<tr>\n<th>Ambalajlama<\/th>\n<td>1 \u00e7ift\/torba<br \/>\n6 \u00e7ift\/karton<\/td>\n<\/tr>\n<\/tbody>\n<\/table>\n","protected":false},"featured_media":7672,"comment_status":"closed","ping_status":"closed","template":"","meta":[],"product_cat":[67,304,282],"product_tag":[],"class_list":["post-7669","product","type-product","status-publish","has-post-thumbnail","hentry","product_cat-el-kol-koruyucular","product_cat-kimyasal-koruma","product_cat-mapa"],"_links":{"self":[{"href":"http:\/\/ssakimya.com\/index.php\/wp-json\/wp\/v2\/product\/7669","targetHints":{"allow":["GET"]}}],"collection":[{"href":"http:\/\/ssakimya.com\/index.php\/wp-json\/wp\/v2\/product"}],"about":[{"href":"http:\/\/ssakimya.com\/index.php\/wp-json\/wp\/v2\/types\/product"}],"replies":[{"embeddable":true,"href":"http:\/\/ssakimya.com\/index.php\/wp-json\/wp\/v2\/comments?post=7669"}],"wp:featuredmedia":[{"embeddable":true,"href":"http:\/\/ssakimya.com\/index.php\/wp-json\/wp\/v2\/media\/7672"}],"wp:attachment":[{"href":"http:\/\/ssakimya.com\/index.php\/wp-json\/wp\/v2\/media?parent=7669"}],"wp:term":[{"taxonomy":"product_cat","embeddable":true,"href":"http:\/\/ssakimya.com\/index.php\/wp-json\/wp\/v2\/product_cat?post=7669"},{"taxonomy":"product_tag","embeddable":true,"href":"http:\/\/ssakimya.com\/index.php\/wp-json\/wp\/v2\/product_tag?post=7669"}],"curies":[{"name":"wp","href":"https:\/\/api.w.org\/{rel}","templated":true}]}}