{"id":7660,"date":"2022-09-19T21:25:46","date_gmt":"2022-09-19T21:25:46","guid":{"rendered":"http:\/\/ssakimya.com\/?post_type=product&#038;p=7660"},"modified":"2022-09-19T21:25:46","modified_gmt":"2022-09-19T21:25:46","slug":"alto-298","status":"publish","type":"product","link":"http:\/\/ssakimya.com\/index.php\/product\/alto-298\/","title":{"rendered":"Alto 298"},"content":{"rendered":"","protected":false},"excerpt":{"rendered":"<h1 class=\"page-title\">Alto 298<\/h1>\n<p>&nbsp;<\/p>\n<p class=\"page-lead\">Uzun \u00f6m\u00fcrl\u00fc kimyasal korumas\u0131 i\u00e7in iyi mekanik performans<\/p>\n<p>&nbsp;<\/p>\n<h2 id=\"specific-advantages\">\u00d6nemli avantajlar<\/h2>\n<ul>\n<li>Uzun kol man\u015feti, Dirsek ve Bilek aras\u0131nda daha iyi koruma<\/li>\n<li>Malzemenin kal\u0131nl\u0131\u011f\u0131 sayesinde daha uzun servis \u00f6mr\u00fc ve iyi darbe korumas\u0131<\/li>\n<li>Boyamadan \u00f6nce metal sa\u00e7 ve cam da iz ve kusur olu\u015fmas\u0131n\u0131 \u00f6nlemek i\u00e7in silikon i\u00e7ermez<\/li>\n<\/ul>\n","protected":false},"featured_media":7663,"comment_status":"closed","ping_status":"closed","template":"","meta":[],"product_cat":[304,282],"product_tag":[],"class_list":["post-7660","product","type-product","status-publish","has-post-thumbnail","hentry","product_cat-kimyasal-koruma","product_cat-mapa"],"_links":{"self":[{"href":"http:\/\/ssakimya.com\/index.php\/wp-json\/wp\/v2\/product\/7660","targetHints":{"allow":["GET"]}}],"collection":[{"href":"http:\/\/ssakimya.com\/index.php\/wp-json\/wp\/v2\/product"}],"about":[{"href":"http:\/\/ssakimya.com\/index.php\/wp-json\/wp\/v2\/types\/product"}],"replies":[{"embeddable":true,"href":"http:\/\/ssakimya.com\/index.php\/wp-json\/wp\/v2\/comments?post=7660"}],"wp:featuredmedia":[{"embeddable":true,"href":"http:\/\/ssakimya.com\/index.php\/wp-json\/wp\/v2\/media\/7663"}],"wp:attachment":[{"href":"http:\/\/ssakimya.com\/index.php\/wp-json\/wp\/v2\/media?parent=7660"}],"wp:term":[{"taxonomy":"product_cat","embeddable":true,"href":"http:\/\/ssakimya.com\/index.php\/wp-json\/wp\/v2\/product_cat?post=7660"},{"taxonomy":"product_tag","embeddable":true,"href":"http:\/\/ssakimya.com\/index.php\/wp-json\/wp\/v2\/product_tag?post=7660"}],"curies":[{"name":"wp","href":"https:\/\/api.w.org\/{rel}","templated":true}]}}