{"id":7658,"date":"2022-09-19T21:22:44","date_gmt":"2022-09-19T21:22:44","guid":{"rendered":"http:\/\/ssakimya.com\/?post_type=product&#038;p=7658"},"modified":"2022-10-21T11:53:05","modified_gmt":"2022-10-21T11:53:05","slug":"alto-260","status":"publish","type":"product","link":"http:\/\/ssakimya.com\/index.php\/product\/alto-260\/","title":{"rendered":"Alto 260"},"content":{"rendered":"","protected":false},"excerpt":{"rendered":"<h1 class=\"page-title\">Alto 260<\/h1>\n<p>&nbsp;<\/p>\n<p class=\"page-lead\">Hassasiyetten \u00f6d\u00fcn vermeksizin sa\u011flanan uzun s\u00fcreli kimyasal koruma<\/p>\n<h2 id=\"specific-advantages\">\u00d6nemli avantajlar<\/h2>\n<ul>\n<li>Pamuklu\u00a0<a title=\"flok\" href=\"https:\/\/www.tr.mapa-pro.com\/bilgi-merkezi\/soezluek\/tanim\/flok\">flok<\/a>\u00a0astar\u0131 sayesinde ekstra konfor ve ter emilimi<\/li>\n<li>Kabartmal\u0131 doku sayesinde kaygan objeler i\u00e7in iyi kavrama<\/li>\n<li>Kimyasal \u00fcr\u00fcnlere kar\u015f\u0131 iyi koruma<\/li>\n<li>Boyamadan \u00f6nce metal sa\u00e7 ve cam da iz ve kusur olu\u015fmas\u0131n\u0131 \u00f6nlemek i\u00e7in silikon i\u00e7ermez<\/li>\n<\/ul>\n<p>&nbsp;<\/p>\n","protected":false},"featured_media":7659,"comment_status":"closed","ping_status":"closed","template":"","meta":[],"product_cat":[67,304,282],"product_tag":[],"class_list":["post-7658","product","type-product","status-publish","has-post-thumbnail","hentry","product_cat-el-kol-koruyucular","product_cat-kimyasal-koruma","product_cat-mapa"],"_links":{"self":[{"href":"http:\/\/ssakimya.com\/index.php\/wp-json\/wp\/v2\/product\/7658","targetHints":{"allow":["GET"]}}],"collection":[{"href":"http:\/\/ssakimya.com\/index.php\/wp-json\/wp\/v2\/product"}],"about":[{"href":"http:\/\/ssakimya.com\/index.php\/wp-json\/wp\/v2\/types\/product"}],"replies":[{"embeddable":true,"href":"http:\/\/ssakimya.com\/index.php\/wp-json\/wp\/v2\/comments?post=7658"}],"wp:featuredmedia":[{"embeddable":true,"href":"http:\/\/ssakimya.com\/index.php\/wp-json\/wp\/v2\/media\/7659"}],"wp:attachment":[{"href":"http:\/\/ssakimya.com\/index.php\/wp-json\/wp\/v2\/media?parent=7658"}],"wp:term":[{"taxonomy":"product_cat","embeddable":true,"href":"http:\/\/ssakimya.com\/index.php\/wp-json\/wp\/v2\/product_cat?post=7658"},{"taxonomy":"product_tag","embeddable":true,"href":"http:\/\/ssakimya.com\/index.php\/wp-json\/wp\/v2\/product_tag?post=7658"}],"curies":[{"name":"wp","href":"https:\/\/api.w.org\/{rel}","templated":true}]}}