{"id":7633,"date":"2022-09-19T19:16:29","date_gmt":"2022-09-19T19:16:29","guid":{"rendered":"http:\/\/ssakimya.com\/?post_type=product&#038;p=7633"},"modified":"2022-09-19T19:18:34","modified_gmt":"2022-09-19T19:18:34","slug":"solo-box-967","status":"publish","type":"product","link":"http:\/\/ssakimya.com\/index.php\/product\/solo-box-967\/","title":{"rendered":"Solo BOX 967"},"content":{"rendered":"","protected":false},"excerpt":{"rendered":"<h2 id=\"specific-advantages\">\u00d6nemli avantajlar<\/h2>\n<ul>\n<li>Esneklik ve inceltilmi\u015f malzeme kal\u0131nl\u0131\u011f\u0131 sayesinde kusursuz hassasiyeti<\/li>\n<li>Boyamadan \u00f6nce metal sa\u00e7 ve cam da iz ve kusur olu\u015fmas\u0131n\u0131 \u00f6nlemek i\u00e7in silikon i\u00e7ermez<\/li>\n<\/ul>\n<h2><\/h2>\n<h2 id=\"applications\">Uygulama<\/h2>\n<p><strong>Otomotiv\/mekanik end\u00fcstrisi<\/strong><\/p>\n<ul>\n<li>K\u00fc\u00e7\u00fck ya\u011fl\u0131 par\u00e7alar\u0131n montaj\u0131<\/li>\n<\/ul>\n<p><strong>G\u0131da sekt\u00f6r\u00fc<\/strong><\/p>\n<ul>\n<li>Peynir yap\u0131m\u0131<\/li>\n<li>G\u0131da ta\u015f\u0131ma<\/li>\n<li>Meyve ve sebzelerin ta\u015f\u0131nmas\u0131<\/li>\n<li>Haz\u0131r yiyeceklerin ta\u015f\u0131nmas\u0131<\/li>\n<li>Haz\u0131rlama ve ambalajlama<\/li>\n<\/ul>\n<p><strong>Mekanik end\u00fcstrisi<\/strong><\/p>\n<ul>\n<li>K\u00fc\u00e7\u00fck ya\u011fl\u0131 par\u00e7alar\u0131n montaj\u0131<\/li>\n<\/ul>\n<p><strong>Laboratuvar<\/strong><\/p>\n<ul>\n<li>\u0130la\u00e7 haz\u0131rlama<\/li>\n<li>\u0130la\u00e7 \u00fcretimi<\/li>\n<li>Hassas par\u00e7alar\u0131 ta\u015f\u0131ma, ara\u015ft\u0131rma ve analiz<\/li>\n<\/ul>\n<h2 id=\"standards\">Standartlar<\/h2>\n<ul class=\"norms-list\">\n<li title=\"Kat. 3\"><span class=\"type\">KAT. 3<\/span><img loading=\"lazy\" decoding=\"async\" src=\"https:\/\/www.tr.mapa-pro.com\/fileadmin\/_processed_storage_data\/a\/e\/csm_mapa-pim-picto-ce-category_edc1866ba7.jpg\" alt=\"Kat. 3\" width=\"34\" height=\"34\" \/>0334<\/li>\n<li title=\"\u00d6zel Kimyasal Korunma EN 374\"><span class=\"type\">Type C<\/span><img loading=\"lazy\" decoding=\"async\" src=\"https:\/\/www.tr.mapa-pro.com\/fileadmin\/_processed_storage_data\/9\/8\/csm_mapa-pim-picto-en374-2016-type_e9d22f017a.jpg\" alt=\"\u00d6zel Kimyasal Korunma EN 374\" width=\"34\" height=\"34\" \/><\/li>\n<li title=\"Mikro organizmalar EN 374\"><img loading=\"lazy\" decoding=\"async\" src=\"https:\/\/www.tr.mapa-pro.com\/fileadmin\/_processed_storage_data\/7\/d\/csm_mapa-pim-picto-en374-5-2016-virus_8f75dc8c05.jpg\" alt=\"Mikro organizmalar EN 374\" width=\"34\" height=\"34\" \/><\/li>\n<\/ul>\n<p>&nbsp;<\/p>\n<div class=\"product-norm\">\n<p><img loading=\"lazy\" decoding=\"async\" src=\"https:\/\/www.tr.mapa-pro.com\/fileadmin\/_processed_storage_data\/b\/4\/csm_mapa-pim-picto-alimentary-europe_9a53ea263b.jpg\" alt=\"Besleyicili\u011fi\" width=\"34\" height=\"34\" \/><\/p>\n<div>\n<p>pH derecesi 4,5 alt\u0131nda olan g\u0131dalar d\u0131\u015f\u0131nda, European Directive CEE 1935\/2004 uyar\u0131nca t\u00fcm g\u0131dalar i\u00e7in uygundur. Et ve bisk\u00fcvi haz\u0131rlanmas\u0131nda, tek ba\u015f\u0131na veya d\u0131\u015f eldiven olarak kullan\u0131labilir.<\/p>\n<\/div>\n<\/div>\n<h2 id=\"product-detail\">\u00dcr\u00fcn bilgileri<\/h2>\n<table class=\"table table-bordered\" style=\"height: 202px;\" width=\"573\">\n<tbody>\n<tr>\n<th>Malzeme<\/th>\n<td>Nitril<\/td>\n<\/tr>\n<tr>\n<th>Renk<\/th>\n<td>Mavi<\/td>\n<\/tr>\n<tr>\n<th>\u0130\u00e7 Kaplama<\/th>\n<td>Pudralanmam\u0131\u015f<\/td>\n<\/tr>\n<tr>\n<th>D\u0131\u015f Kaplama<\/th>\n<td>P\u00fct\u00fcrl\u00fc parmak u\u00e7lu yumu\u015fak<\/td>\n<\/tr>\n<tr>\n<th>Uzunluk (cm)<\/th>\n<td>25<\/td>\n<\/tr>\n<tr>\n<th>Kal\u0131nl\u0131k (mm)<\/th>\n<td>0.08<\/td>\n<\/tr>\n<tr>\n<th>Boy<\/th>\n<td>6 7 8 9<\/td>\n<\/tr>\n<tr>\n<th>Ambalajlama<\/th>\n<td>100 eldiven\/kutu<br \/>\n1000 eldiven\/karton<\/td>\n<\/tr>\n<\/tbody>\n<\/table>\n<p><strong>DOK\u00dcMANLAR<\/strong><\/p>\n<p><a href=\"https:\/\/www.tr.mapa-pro.com\/eldivenlerimiz\/tek-kullanimlik\/ueruen-sayfasi\/solo-box-967\"><span style=\"color: #ff0000;\">Mapa Teknik Dok\u00fcman<\/span><\/a><\/p>\n","protected":false},"featured_media":7635,"comment_status":"closed","ping_status":"closed","template":"","meta":[],"product_cat":[282,302],"product_tag":[],"class_list":["post-7633","product","type-product","status-publish","has-post-thumbnail","hentry","product_cat-mapa","product_cat-tek-kullanimlik-koruma"],"_links":{"self":[{"href":"http:\/\/ssakimya.com\/index.php\/wp-json\/wp\/v2\/product\/7633","targetHints":{"allow":["GET"]}}],"collection":[{"href":"http:\/\/ssakimya.com\/index.php\/wp-json\/wp\/v2\/product"}],"about":[{"href":"http:\/\/ssakimya.com\/index.php\/wp-json\/wp\/v2\/types\/product"}],"replies":[{"embeddable":true,"href":"http:\/\/ssakimya.com\/index.php\/wp-json\/wp\/v2\/comments?post=7633"}],"wp:featuredmedia":[{"embeddable":true,"href":"http:\/\/ssakimya.com\/index.php\/wp-json\/wp\/v2\/media\/7635"}],"wp:attachment":[{"href":"http:\/\/ssakimya.com\/index.php\/wp-json\/wp\/v2\/media?parent=7633"}],"wp:term":[{"taxonomy":"product_cat","embeddable":true,"href":"http:\/\/ssakimya.com\/index.php\/wp-json\/wp\/v2\/product_cat?post=7633"},{"taxonomy":"product_tag","embeddable":true,"href":"http:\/\/ssakimya.com\/index.php\/wp-json\/wp\/v2\/product_tag?post=7633"}],"curies":[{"name":"wp","href":"https:\/\/api.w.org\/{rel}","templated":true}]}}