{"id":7625,"date":"2022-09-19T18:48:27","date_gmt":"2022-09-19T18:48:27","guid":{"rendered":"http:\/\/ssakimya.com\/?post_type=product&#038;p=7625"},"modified":"2022-09-19T18:52:12","modified_gmt":"2022-09-19T18:52:12","slug":"solo-967-2","status":"publish","type":"product","link":"http:\/\/ssakimya.com\/index.php\/product\/solo-967-2\/","title":{"rendered":"Solo 967"},"content":{"rendered":"","protected":false},"excerpt":{"rendered":"<div class=\"page-header-product\" data-product-id=\"159\">\n<div class=\"container\">\n<div class=\"row\">\n<div class=\"col-sm-5 col-sm-offset-1\">\n<h1 class=\"page-title\">Solo 967<\/h1>\n<p>&nbsp;<\/p>\n<p class=\"page-lead\">Hafif g\u0131da i\u015fleme i\u00e7in tavsiye edilen kusursuz hassasiyeti<\/p>\n<p class=\"page-lead\">Tek kullan\u0131ml\u0131k<\/p>\n<div class=\"product-tools\">\n<p><strong>DOK\u00dcMANLAR<\/strong><\/p>\n<p><a href=\"https:\/\/www.tr.mapa-pro.com\/eldivenlerimiz\/tek-kullanimlik\/ueruen-sayfasi\/solo-967\"><span style=\"color: #ff0000;\">Mapa Teknik Dok\u00fcman<\/span><\/a><\/p>\n<\/div>\n<\/div>\n<\/div>\n<\/div>\n<\/div>\n<div class=\"product-content\">\n<div class=\"product-content-nav\"><\/div>\n<\/div>\n","protected":false},"featured_media":7629,"comment_status":"closed","ping_status":"closed","template":"","meta":[],"product_cat":[282,302],"product_tag":[],"class_list":["post-7625","product","type-product","status-publish","has-post-thumbnail","hentry","product_cat-mapa","product_cat-tek-kullanimlik-koruma"],"_links":{"self":[{"href":"http:\/\/ssakimya.com\/index.php\/wp-json\/wp\/v2\/product\/7625","targetHints":{"allow":["GET"]}}],"collection":[{"href":"http:\/\/ssakimya.com\/index.php\/wp-json\/wp\/v2\/product"}],"about":[{"href":"http:\/\/ssakimya.com\/index.php\/wp-json\/wp\/v2\/types\/product"}],"replies":[{"embeddable":true,"href":"http:\/\/ssakimya.com\/index.php\/wp-json\/wp\/v2\/comments?post=7625"}],"wp:featuredmedia":[{"embeddable":true,"href":"http:\/\/ssakimya.com\/index.php\/wp-json\/wp\/v2\/media\/7629"}],"wp:attachment":[{"href":"http:\/\/ssakimya.com\/index.php\/wp-json\/wp\/v2\/media?parent=7625"}],"wp:term":[{"taxonomy":"product_cat","embeddable":true,"href":"http:\/\/ssakimya.com\/index.php\/wp-json\/wp\/v2\/product_cat?post=7625"},{"taxonomy":"product_tag","embeddable":true,"href":"http:\/\/ssakimya.com\/index.php\/wp-json\/wp\/v2\/product_tag?post=7625"}],"curies":[{"name":"wp","href":"https:\/\/api.w.org\/{rel}","templated":true}]}}