{"id":7527,"date":"2022-09-17T14:07:36","date_gmt":"2022-09-17T14:07:36","guid":{"rendered":"http:\/\/ssakimya.com\/?post_type=product&#038;p=7527"},"modified":"2022-09-18T16:13:40","modified_gmt":"2022-09-18T16:13:40","slug":"maxiflex-ultimate-ad-apt","status":"publish","type":"product","link":"http:\/\/ssakimya.com\/index.php\/product\/maxiflex-ultimate-ad-apt\/","title":{"rendered":"MaxiFlex\u00ae Ultimate AD-APT"},"content":{"rendered":"","protected":false},"excerpt":{"rendered":"<h2 class=\"glove-title hidden-xs\">MaxiFlex<sup>\u00ae<\/sup>\u00a0Ultimate<sup>\u2122<\/sup>\u00a0with AD-APT<sup>\u00ae<\/sup>\u00a042-874<\/h2>\n<div class=\"row glove-info\">\n<div class=\"col-md-12\">\n<table class=\"table table-bordered table-glove-details\">\n<tbody>\n<tr>\n<th width=\"50%\">Tasar\u0131m<\/th>\n<td>Avu\u00e7 kaplamal\u0131 \u00f6rg\u00fcl\u00fc bilek<\/td>\n<\/tr>\n<tr>\n<th width=\"50%\">Uzunluk (Boyut 10)<\/th>\n<td>22.5 cm<\/td>\n<\/tr>\n<tr>\n<th width=\"50%\">Avu\u00e7 kal\u0131nl\u0131\u011f\u0131<\/th>\n<td>1.00 mm<\/td>\n<\/tr>\n<tr>\n<th width=\"50%\">Boylar<\/th>\n<td>Boy 5 (XXS) &#8211; Boy 12 (XXXL)<\/td>\n<\/tr>\n<tr>\n<th>AD-APT<sup>\u00ae<\/sup><\/th>\n<td>Evet<\/td>\n<\/tr>\n<tr>\n<th>Silikon i\u00e7ermez<\/th>\n<td>Evet<\/td>\n<\/tr>\n<tr>\n<th>\u00a0Dokunmatik ekran uyumlu<\/th>\n<td>Evet<\/td>\n<\/tr>\n<tr>\n<th>\u00a0EN 388:2016 + A1:2018<\/th>\n<td>4131A<\/td>\n<\/tr>\n<\/tbody>\n<\/table>\n<p><strong>DOK\u00dcMANLAR<\/strong><\/p>\n<p><a href=\"https:\/\/www.atg-glovesolutions.com\/tr\/maxiflex\/maxiflex-ultimate-ad-apt\/42-874\"><span style=\"color: #ff0000;\">ATG Teknik Dok\u00fcman<\/span><\/a><\/p>\n<p>&nbsp;<\/p>\n<\/div>\n<\/div>\n","protected":false},"featured_media":7528,"comment_status":"closed","ping_status":"closed","template":"","meta":[],"product_cat":[281,67,297],"product_tag":[],"class_list":["post-7527","product","type-product","status-publish","has-post-thumbnail","hentry","product_cat-atg","product_cat-el-kol-koruyucular","product_cat-maxiflex"],"_links":{"self":[{"href":"http:\/\/ssakimya.com\/index.php\/wp-json\/wp\/v2\/product\/7527","targetHints":{"allow":["GET"]}}],"collection":[{"href":"http:\/\/ssakimya.com\/index.php\/wp-json\/wp\/v2\/product"}],"about":[{"href":"http:\/\/ssakimya.com\/index.php\/wp-json\/wp\/v2\/types\/product"}],"replies":[{"embeddable":true,"href":"http:\/\/ssakimya.com\/index.php\/wp-json\/wp\/v2\/comments?post=7527"}],"wp:featuredmedia":[{"embeddable":true,"href":"http:\/\/ssakimya.com\/index.php\/wp-json\/wp\/v2\/media\/7528"}],"wp:attachment":[{"href":"http:\/\/ssakimya.com\/index.php\/wp-json\/wp\/v2\/media?parent=7527"}],"wp:term":[{"taxonomy":"product_cat","embeddable":true,"href":"http:\/\/ssakimya.com\/index.php\/wp-json\/wp\/v2\/product_cat?post=7527"},{"taxonomy":"product_tag","embeddable":true,"href":"http:\/\/ssakimya.com\/index.php\/wp-json\/wp\/v2\/product_tag?post=7527"}],"curies":[{"name":"wp","href":"https:\/\/api.w.org\/{rel}","templated":true}]}}