{"id":7449,"date":"2022-09-17T11:20:08","date_gmt":"2022-09-17T11:20:08","guid":{"rendered":"http:\/\/ssakimya.com\/?post_type=product&#038;p=7449"},"modified":"2022-09-21T20:46:40","modified_gmt":"2022-09-21T20:46:40","slug":"511-kopya","status":"publish","type":"product","link":"http:\/\/ssakimya.com\/index.php\/product\/511-kopya\/","title":{"rendered":"511"},"content":{"rendered":"","protected":false},"excerpt":{"rendered":"<h3 class=\"p-FamilyFeatures-title h3\"><\/h3>\n<ul>\n<li>A\u00e7\u0131sal ve uzunluk ayarlanabilir g\u00f6zl\u00fck saplar\u0131<\/li>\n<li>Yerle\u015fik yan korumalar<\/li>\n<li>Analerjik malzemeden yap\u0131lm\u0131\u015f \u00e7er\u00e7eve<\/li>\n<li>K\u00fc\u00e7\u00fck y\u00fczler i\u00e7in onayl\u0131 versiyonu mevcuttur<\/li>\n<\/ul>\n<p>&nbsp;<\/p>\n<p><strong>\u00a0Lens teknolojileri<\/strong><\/p>\n<div class=\"AttributesImages\"><img decoding=\"async\" class=\"js-tooltip lazyloaded \" title=\"\" src=\"https:\/\/www.univetsafety.com\/site\/assets\/files\/1234\/as.png\" data-src=\"\/site\/assets\/files\/1234\/as.png\" data-original-title=\"\u00c7izilme Direnci\" \/><img decoding=\"async\" class=\"js-tooltip lazyloaded \" title=\"\" src=\"https:\/\/www.univetsafety.com\/site\/assets\/files\/1232\/af.png\" data-src=\"\/site\/assets\/files\/1232\/af.png\" data-original-title=\"Bu\u011fu direnci\" \/><\/div>\n<p class=\"mb-0\"><strong>\u00c7er\u00e7eve teknolojisi<\/strong><\/p>\n<div class=\"AttributesImages\"><img decoding=\"async\" class=\"js-tooltip lazyloaded \" title=\"\" src=\"https:\/\/www.univetsafety.com\/site\/assets\/files\/1243\/length_adj.png\" data-src=\"\/site\/assets\/files\/1243\/length_adj.png\" data-original-title=\"G\u00f6zl\u00fck saplar\u0131n\u0131n uzunluk ayar\u0131\" \/><img decoding=\"async\" class=\"js-tooltip lazyloaded \" title=\"\" src=\"https:\/\/www.univetsafety.com\/site\/assets\/files\/1244\/inclination_adj.png\" data-src=\"\/site\/assets\/files\/1244\/inclination_adj.png\" data-original-title=\"G\u00f6zl\u00fck saplar\u0131n\u0131n a\u00e7\u0131sal ayar\u0131\" \/><\/div>\n<p>&nbsp;<\/p>\n","protected":false},"featured_media":7442,"comment_status":"closed","ping_status":"closed","template":"","meta":[],"product_cat":[334,73,280],"product_tag":[],"class_list":["post-7449","product","type-product","status-publish","has-post-thumbnail","hentry","product_cat-guvenlik-gozlukleri","product_cat-kafa-ve-yuz-koruyuculari","product_cat-univet"],"_links":{"self":[{"href":"http:\/\/ssakimya.com\/index.php\/wp-json\/wp\/v2\/product\/7449","targetHints":{"allow":["GET"]}}],"collection":[{"href":"http:\/\/ssakimya.com\/index.php\/wp-json\/wp\/v2\/product"}],"about":[{"href":"http:\/\/ssakimya.com\/index.php\/wp-json\/wp\/v2\/types\/product"}],"replies":[{"embeddable":true,"href":"http:\/\/ssakimya.com\/index.php\/wp-json\/wp\/v2\/comments?post=7449"}],"wp:featuredmedia":[{"embeddable":true,"href":"http:\/\/ssakimya.com\/index.php\/wp-json\/wp\/v2\/media\/7442"}],"wp:attachment":[{"href":"http:\/\/ssakimya.com\/index.php\/wp-json\/wp\/v2\/media?parent=7449"}],"wp:term":[{"taxonomy":"product_cat","embeddable":true,"href":"http:\/\/ssakimya.com\/index.php\/wp-json\/wp\/v2\/product_cat?post=7449"},{"taxonomy":"product_tag","embeddable":true,"href":"http:\/\/ssakimya.com\/index.php\/wp-json\/wp\/v2\/product_tag?post=7449"}],"curies":[{"name":"wp","href":"https:\/\/api.w.org\/{rel}","templated":true}]}}