{"id":6711,"date":"2022-01-12T12:36:10","date_gmt":"2022-01-12T12:36:10","guid":{"rendered":"http:\/\/ssakimya.com\/?post_type=product&#038;p=6711"},"modified":"2023-06-21T14:14:23","modified_gmt":"2023-06-21T14:14:23","slug":"tychem-2000-c","status":"publish","type":"product","link":"http:\/\/ssakimya.com\/index.php\/product\/tychem-2000-c\/","title":{"rendered":"Tychem\u00ae 2000 C"},"content":{"rendered":"","protected":false},"excerpt":{"rendered":"<table style=\"height: 271px;\" width=\"779\">\n<tbody>\n<tr>\n<td width=\"172\">\u00dcr\u00fcn Ad\u0131<\/td>\n<td width=\"154\">Tychem\u00ae 2000 C<\/td>\n<\/tr>\n<tr>\n<td>Kuma\u015f<\/td>\n<td>Tychem\u00ae 2000 C<\/td>\n<\/tr>\n<tr>\n<td>Tasar\u0131m<\/td>\n<td width=\"154\">Elastikler ve ba\u015fparmak halkalar\u0131 ile kap\u00fc\u015fonlu tulum<\/td>\n<\/tr>\n<tr>\n<td>Diki\u015f<\/td>\n<td width=\"154\">Diki\u015fli ve a\u015f\u0131r\u0131 bantlanm\u0131\u015f<\/td>\n<\/tr>\n<tr>\n<td>Renk<\/td>\n<td width=\"154\">Sar\u0131<\/td>\n<\/tr>\n<tr>\n<td>Boyutlar<\/td>\n<td width=\"154\">SM, MD, LG, XL, 2X, 3X<\/td>\n<\/tr>\n<tr>\n<td>Miktar \/ Kutu<\/td>\n<td width=\"154\">kutu ba\u015f\u0131na 25, ayr\u0131 ayr\u0131 paketlenmi\u015f.<\/td>\n<\/tr>\n<tr>\n<td>Standartlar<\/td>\n<td>KEDI III, T3, T4, T5, T6. EN 1073-2, EN 1149-5, EN 14126<\/td>\n<\/tr>\n<\/tbody>\n<\/table>\n<p><strong>DOK\u00dcMANLAR<\/strong><\/p>\n<p><a href=\"http:\/\/ssakimya.com\/hemtatch\/2022\/01\/tychem-2000-c-tccha5tyl00_GB.pdf\"><span style=\"color: #ff0000;\">Tychem\u00ae Teknik Dok\u00fcman<\/span><\/a><\/p>\n","protected":false},"featured_media":6435,"comment_status":"closed","ping_status":"closed","template":"","meta":[],"product_cat":[285],"product_tag":[],"class_list":["post-6711","product","type-product","status-publish","has-post-thumbnail","hentry","product_cat-dupont"],"_links":{"self":[{"href":"http:\/\/ssakimya.com\/index.php\/wp-json\/wp\/v2\/product\/6711","targetHints":{"allow":["GET"]}}],"collection":[{"href":"http:\/\/ssakimya.com\/index.php\/wp-json\/wp\/v2\/product"}],"about":[{"href":"http:\/\/ssakimya.com\/index.php\/wp-json\/wp\/v2\/types\/product"}],"replies":[{"embeddable":true,"href":"http:\/\/ssakimya.com\/index.php\/wp-json\/wp\/v2\/comments?post=6711"}],"wp:featuredmedia":[{"embeddable":true,"href":"http:\/\/ssakimya.com\/index.php\/wp-json\/wp\/v2\/media\/6435"}],"wp:attachment":[{"href":"http:\/\/ssakimya.com\/index.php\/wp-json\/wp\/v2\/media?parent=6711"}],"wp:term":[{"taxonomy":"product_cat","embeddable":true,"href":"http:\/\/ssakimya.com\/index.php\/wp-json\/wp\/v2\/product_cat?post=6711"},{"taxonomy":"product_tag","embeddable":true,"href":"http:\/\/ssakimya.com\/index.php\/wp-json\/wp\/v2\/product_tag?post=6711"}],"curies":[{"name":"wp","href":"https:\/\/api.w.org\/{rel}","templated":true}]}}