{"id":6284,"date":"2021-12-28T14:12:30","date_gmt":"2021-12-28T14:12:30","guid":{"rendered":"http:\/\/ssakimya.com\/?post_type=product&#038;p=6284"},"modified":"2022-09-20T17:39:56","modified_gmt":"2022-09-20T17:39:56","slug":"ultrane-549","status":"publish","type":"product","link":"http:\/\/ssakimya.com\/index.php\/product\/ultrane-549\/","title":{"rendered":"Ultrane 549"},"content":{"rendered":"","protected":false},"excerpt":{"rendered":"<table style=\"height: 564px;\" width=\"668\">\n<tbody>\n<tr>\n<td width=\"269\">\u00dcr\u00fcn Segmenti<\/td>\n<td width=\"226\">Genel Kullan\u0131m Koruma\/ Hassas \u0130\u015fler \u0130\u00e7in<\/td>\n<\/tr>\n<tr>\n<td width=\"269\">\u00dcr\u00fcn Ad\u0131<\/td>\n<td width=\"226\">Ultrane 549<\/td>\n<\/tr>\n<tr>\n<td width=\"269\">Malzeme<\/td>\n<td width=\"226\">Poli\u00fcretan k\u00f6p\u00fck<\/td>\n<\/tr>\n<tr>\n<td width=\"269\">Renk<\/td>\n<td width=\"226\">Beyaz<\/td>\n<\/tr>\n<tr>\n<td width=\"269\">\u0130\u00e7 Kaplama<\/td>\n<td width=\"226\">Diki\u015fsiz kuma\u015f takviyesi<\/td>\n<\/tr>\n<tr>\n<td width=\"269\">D\u0131\u015f Kaplama<\/td>\n<td width=\"226\">Havaland\u0131rmal\u0131<\/td>\n<\/tr>\n<tr>\n<td width=\"269\">Uzunluk (cm)<\/td>\n<td width=\"226\">2- 3<\/td>\n<\/tr>\n<tr>\n<td width=\"269\">Kal\u0131nl\u0131k (mm)<\/td>\n<td width=\"226\"><\/td>\n<\/tr>\n<tr>\n<td width=\"269\">Boy<\/td>\n<td width=\"226\">6 7 8 9 10 11<\/td>\n<\/tr>\n<tr>\n<td width=\"269\">Ambalajlama<\/td>\n<td width=\"226\">1 \u00e7ift\/torba 12 \u00e7ift\/torba 96 \u00e7ift\/karton<\/td>\n<\/tr>\n<tr>\n<td width=\"269\">G\u0131da Onay\u0131<\/td>\n<td width=\"226\"><\/td>\n<\/tr>\n<tr>\n<td width=\"269\">Mikrobiyolojik Koruma<\/td>\n<td width=\"226\"><\/td>\n<\/tr>\n<tr>\n<td width=\"269\">EN 421 Radyoaktif Kontaminasyon<\/td>\n<td width=\"226\"><\/td>\n<\/tr>\n<tr>\n<td width=\"269\">Touchscreen compatible<\/td>\n<td width=\"226\"><\/td>\n<\/tr>\n<tr>\n<td width=\"269\">\u00a0EN 388:2016 + A1:2018<\/td>\n<td width=\"226\">3121X<\/td>\n<\/tr>\n<tr>\n<td width=\"269\">EN 407:2004<\/td>\n<td width=\"226\"><\/td>\n<\/tr>\n<tr>\n<td width=\"269\">EN ISO 374-1:2016<\/td>\n<td width=\"226\"><\/td>\n<\/tr>\n<tr>\n<td width=\"269\">EN 511:2006<\/td>\n<td width=\"226\"><\/td>\n<\/tr>\n<tr>\n<td width=\"269\">EN 16350:2014<\/td>\n<td width=\"226\"><\/td>\n<\/tr>\n<\/tbody>\n<\/table>\n<p><strong>DOK\u00dcMANLAR<\/strong><\/p>\n<p><a href=\"http:\/\/ssakimya.com\/wp-content\/uploads\/2021\/12\/MAPA-DataSheet-Ultrane-549-tr-tr.pdf\"><span style=\"color: #ff0000;\">Mapa Teknik Dok\u00fcman<\/span><\/a><\/p>\n<p>&nbsp;<\/p>\n","protected":false},"featured_media":6211,"comment_status":"closed","ping_status":"closed","template":"","meta":[],"product_cat":[67,344,282],"product_tag":[],"class_list":["post-6284","product","type-product","status-publish","has-post-thumbnail","hentry","product_cat-el-kol-koruyucular","product_cat-genel-kullanim-koruma-hassas-isler-icin","product_cat-mapa"],"_links":{"self":[{"href":"http:\/\/ssakimya.com\/index.php\/wp-json\/wp\/v2\/product\/6284","targetHints":{"allow":["GET"]}}],"collection":[{"href":"http:\/\/ssakimya.com\/index.php\/wp-json\/wp\/v2\/product"}],"about":[{"href":"http:\/\/ssakimya.com\/index.php\/wp-json\/wp\/v2\/types\/product"}],"replies":[{"embeddable":true,"href":"http:\/\/ssakimya.com\/index.php\/wp-json\/wp\/v2\/comments?post=6284"}],"wp:featuredmedia":[{"embeddable":true,"href":"http:\/\/ssakimya.com\/index.php\/wp-json\/wp\/v2\/media\/6211"}],"wp:attachment":[{"href":"http:\/\/ssakimya.com\/index.php\/wp-json\/wp\/v2\/media?parent=6284"}],"wp:term":[{"taxonomy":"product_cat","embeddable":true,"href":"http:\/\/ssakimya.com\/index.php\/wp-json\/wp\/v2\/product_cat?post=6284"},{"taxonomy":"product_tag","embeddable":true,"href":"http:\/\/ssakimya.com\/index.php\/wp-json\/wp\/v2\/product_tag?post=6284"}],"curies":[{"name":"wp","href":"https:\/\/api.w.org\/{rel}","templated":true}]}}