{"id":5966,"date":"2021-12-21T16:35:58","date_gmt":"2021-12-21T16:35:58","guid":{"rendered":"http:\/\/ssakimya.com\/?post_type=product&#038;p=5966"},"modified":"2022-09-17T14:44:14","modified_gmt":"2022-09-17T14:44:14","slug":"maxichem-cut-56-633","status":"publish","type":"product","link":"http:\/\/ssakimya.com\/index.php\/product\/maxichem-cut-56-633\/","title":{"rendered":"MaxiChem\u00ae\u00a0Cut\u2122\u00a056-633"},"content":{"rendered":"","protected":false},"excerpt":{"rendered":"<table class=\"table table-bordered table-glove-details\">\n<tbody>\n<tr>\n<th width=\"50%\">Tasar\u0131m<\/th>\n<td>\u0130\u015f Eldiveni &#8211; 30 cm<\/td>\n<\/tr>\n<tr>\n<th width=\"50%\">Kaplama<\/th>\n<td>NBR (Nitril butadien lastik)<\/td>\n<\/tr>\n<tr>\n<th width=\"50%\">Uzunluk (Boyut 10)<\/th>\n<td>30 cm<\/td>\n<\/tr>\n<tr>\n<th width=\"50%\">Avu\u00e7 kal\u0131nl\u0131\u011f\u0131<\/th>\n<td>1.40 mm<\/td>\n<\/tr>\n<tr>\n<th width=\"50%\">Boylar<\/th>\n<td>Boy 7 (S) &#8211; Boy 11 (XXL)<\/td>\n<\/tr>\n<tr>\n<th>Silikon i\u00e7ermez<\/th>\n<td>Evet<\/td>\n<\/tr>\n<tr>\n<th>FDA compliant<\/th>\n<td>Evet<\/td>\n<\/tr>\n<tr>\n<th>\u00a0EN 388:2016 + A1:2018<\/th>\n<td>4342B<\/td>\n<\/tr>\n<tr>\n<th>\u00a0EN ISO 374-1:2016 + A1:2018\/Type A<\/th>\n<td>JKLMNO<\/td>\n<\/tr>\n<tr>\n<th>\u00a0EN ISO 374-5:2016<\/th>\n<td>Yes<\/td>\n<\/tr>\n<\/tbody>\n<\/table>\n<p><strong>DOK\u00dcMANLAR<\/strong><\/p>\n<p><a href=\"https:\/\/www.atg-glovesolutions.com\/en\/maxichem\/maxichem-cut\/56-633\"><span style=\"color: #ff0000;\">ATG Teknik Dok\u00fcman<\/span><\/a><\/p>\n<p>&nbsp;<\/p>\n","protected":false},"featured_media":6077,"comment_status":"closed","ping_status":"closed","template":"","meta":[],"product_cat":[281,67,300],"product_tag":[],"class_list":["post-5966","product","type-product","status-publish","has-post-thumbnail","hentry","product_cat-atg","product_cat-el-kol-koruyucular","product_cat-maxichem"],"_links":{"self":[{"href":"http:\/\/ssakimya.com\/index.php\/wp-json\/wp\/v2\/product\/5966","targetHints":{"allow":["GET"]}}],"collection":[{"href":"http:\/\/ssakimya.com\/index.php\/wp-json\/wp\/v2\/product"}],"about":[{"href":"http:\/\/ssakimya.com\/index.php\/wp-json\/wp\/v2\/types\/product"}],"replies":[{"embeddable":true,"href":"http:\/\/ssakimya.com\/index.php\/wp-json\/wp\/v2\/comments?post=5966"}],"wp:featuredmedia":[{"embeddable":true,"href":"http:\/\/ssakimya.com\/index.php\/wp-json\/wp\/v2\/media\/6077"}],"wp:attachment":[{"href":"http:\/\/ssakimya.com\/index.php\/wp-json\/wp\/v2\/media?parent=5966"}],"wp:term":[{"taxonomy":"product_cat","embeddable":true,"href":"http:\/\/ssakimya.com\/index.php\/wp-json\/wp\/v2\/product_cat?post=5966"},{"taxonomy":"product_tag","embeddable":true,"href":"http:\/\/ssakimya.com\/index.php\/wp-json\/wp\/v2\/product_tag?post=5966"}],"curies":[{"name":"wp","href":"https:\/\/api.w.org\/{rel}","templated":true}]}}