{"id":5959,"date":"2021-12-21T16:26:35","date_gmt":"2021-12-21T16:26:35","guid":{"rendered":"http:\/\/ssakimya.com\/?post_type=product&#038;p=5959"},"modified":"2022-09-17T14:34:49","modified_gmt":"2022-09-17T14:34:49","slug":"maxidry-zero-56-451","status":"publish","type":"product","link":"http:\/\/ssakimya.com\/index.php\/product\/maxidry-zero-56-451\/","title":{"rendered":"MaxiDry\u00ae\u00a0Zero\u2122\u00a056-451"},"content":{"rendered":"","protected":false},"excerpt":{"rendered":"<h2 class=\"glove-title hidden-xs\">MaxiDry<sup>\u00ae<\/sup>\u00a0Zero<sup>\u2122<\/sup>\u00a056-451<\/h2>\n<div class=\"row glove-info\">\n<div class=\"col-md-12\">\n<table class=\"table table-bordered table-glove-details\">\n<tbody>\n<tr>\n<th width=\"50%\">Tasar\u0131m<\/th>\n<td>Tam kaplamal\u0131 \u00f6rg\u00fcl\u00fc bilek<\/td>\n<\/tr>\n<tr>\n<th width=\"50%\">Uzunluk (Boyut 10)<\/th>\n<td>28 cm<\/td>\n<\/tr>\n<tr>\n<th width=\"50%\">Avu\u00e7 kal\u0131nl\u0131\u011f\u0131<\/th>\n<td>2.00 mm<\/td>\n<\/tr>\n<tr>\n<th width=\"50%\">Boylar<\/th>\n<td>Boy 7 (S) &#8211; Boy 11 (XXL)<\/td>\n<\/tr>\n<tr>\n<th>Silikon i\u00e7ermez<\/th>\n<td>Evet<\/td>\n<\/tr>\n<tr>\n<th>S\u0131v\u0131 ge\u00e7irmez<\/th>\n<td>Evet<\/td>\n<\/tr>\n<tr>\n<th>FDA compliant<\/th>\n<td>Evet<\/td>\n<\/tr>\n<tr>\n<th>\u00a0G\u0131dayla Temas (AB)<\/th>\n<td>Evet<\/td>\n<\/tr>\n<tr>\n<th>\u00a0EN 388:2016 + A1:2018<\/th>\n<td>4232B<\/td>\n<\/tr>\n<tr>\n<th> EN 511:2006<\/th>\n<td>021<\/td>\n<\/tr>\n<tr>\n<th><img decoding=\"async\" src=\"https:\/\/www.atg-glovesolutions.com\/sites\/default\/files\/content\/pim\/certificates\/standards\/EN407_2020_waves_black.svg\" alt=\"X1XXXX\" \/>\u00a0EN 407:2020<\/th>\n<td>X1XXXX<\/td>\n<\/tr>\n<\/tbody>\n<\/table>\n<\/div>\n<\/div>\n<p><strong>DOK\u00dcMANLAR<\/strong><\/p>\n<p><a href=\"https:\/\/www.atg-glovesolutions.com\/en\/maxidry\/maxidry-zero\/56-451\"><span style=\"color: #ff0000;\">ATG Teknik Dok\u00fcman<\/span><\/a><\/p>\n<p>&nbsp;<\/p>\n","protected":false},"featured_media":6068,"comment_status":"closed","ping_status":"closed","template":"","meta":[],"product_cat":[281,67,299],"product_tag":[],"class_list":["post-5959","product","type-product","status-publish","has-post-thumbnail","hentry","product_cat-atg","product_cat-el-kol-koruyucular","product_cat-maxidry"],"_links":{"self":[{"href":"http:\/\/ssakimya.com\/index.php\/wp-json\/wp\/v2\/product\/5959","targetHints":{"allow":["GET"]}}],"collection":[{"href":"http:\/\/ssakimya.com\/index.php\/wp-json\/wp\/v2\/product"}],"about":[{"href":"http:\/\/ssakimya.com\/index.php\/wp-json\/wp\/v2\/types\/product"}],"replies":[{"embeddable":true,"href":"http:\/\/ssakimya.com\/index.php\/wp-json\/wp\/v2\/comments?post=5959"}],"wp:featuredmedia":[{"embeddable":true,"href":"http:\/\/ssakimya.com\/index.php\/wp-json\/wp\/v2\/media\/6068"}],"wp:attachment":[{"href":"http:\/\/ssakimya.com\/index.php\/wp-json\/wp\/v2\/media?parent=5959"}],"wp:term":[{"taxonomy":"product_cat","embeddable":true,"href":"http:\/\/ssakimya.com\/index.php\/wp-json\/wp\/v2\/product_cat?post=5959"},{"taxonomy":"product_tag","embeddable":true,"href":"http:\/\/ssakimya.com\/index.php\/wp-json\/wp\/v2\/product_tag?post=5959"}],"curies":[{"name":"wp","href":"https:\/\/api.w.org\/{rel}","templated":true}]}}