{"id":5958,"date":"2021-12-21T16:24:06","date_gmt":"2021-12-21T16:24:06","guid":{"rendered":"http:\/\/ssakimya.com\/?post_type=product&#038;p=5958"},"modified":"2022-09-17T14:32:06","modified_gmt":"2022-09-17T14:32:06","slug":"maxidry-plus-56-530","status":"publish","type":"product","link":"http:\/\/ssakimya.com\/index.php\/product\/maxidry-plus-56-530\/","title":{"rendered":"MaxiDry\u00ae\u00a0Plus\u2122\u00a056-530"},"content":{"rendered":"","protected":false},"excerpt":{"rendered":"<h2 class=\"glove-title hidden-xs\">MaxiDry<sup>\u00ae<\/sup>\u00a0Plus<sup>\u2122<\/sup>\u00a056-530<\/h2>\n<div class=\"row glove-info\">\n<div class=\"col-md-12\">\n<table class=\"table table-bordered table-glove-details\">\n<tbody>\n<tr>\n<th width=\"50%\">Tasar\u0131m<\/th>\n<td>\u0130\u015f Eldiveni &#8211; 30 cm<\/td>\n<\/tr>\n<tr>\n<th width=\"50%\">Uzunluk (Boyut 10)<\/th>\n<td>30 cm<\/td>\n<\/tr>\n<tr>\n<th width=\"50%\">Avu\u00e7 kal\u0131nl\u0131\u011f\u0131<\/th>\n<td>1.10 mm<\/td>\n<\/tr>\n<tr>\n<th width=\"50%\">Boylar<\/th>\n<td>Boy 7 (S) &#8211; Boy 11 (XXL)<\/td>\n<\/tr>\n<tr>\n<th>Silikon i\u00e7ermez<\/th>\n<td>Evet<\/td>\n<\/tr>\n<tr>\n<th>S\u0131v\u0131 ge\u00e7irmez<\/th>\n<td>Evet<\/td>\n<\/tr>\n<tr>\n<th>\u00a0EN 388:2016 + A1:2018<\/th>\n<td>4121A<\/td>\n<\/tr>\n<tr>\n<th>\u00a0EN ISO 374-1:2016 + A1:2018\/Type B<\/th>\n<td>JKL<\/td>\n<\/tr>\n<tr>\n<th>\u00a0EN ISO 374-5:2016<\/th>\n<td>Yes<\/td>\n<\/tr>\n<\/tbody>\n<\/table>\n<\/div>\n<\/div>\n<p><strong>DOK\u00dcMANLAR<\/strong><\/p>\n<p><a href=\"https:\/\/www.atg-glovesolutions.com\/en\/maxidry\/maxidry-plus\/56-530\"><span style=\"color: #ff0000;\">ATG Teknik Dok\u00fcman<\/span><\/a><\/p>\n<p>&nbsp;<\/p>\n","protected":false},"featured_media":6067,"comment_status":"closed","ping_status":"closed","template":"","meta":[],"product_cat":[281,67,299],"product_tag":[],"class_list":["post-5958","product","type-product","status-publish","has-post-thumbnail","hentry","product_cat-atg","product_cat-el-kol-koruyucular","product_cat-maxidry"],"_links":{"self":[{"href":"http:\/\/ssakimya.com\/index.php\/wp-json\/wp\/v2\/product\/5958","targetHints":{"allow":["GET"]}}],"collection":[{"href":"http:\/\/ssakimya.com\/index.php\/wp-json\/wp\/v2\/product"}],"about":[{"href":"http:\/\/ssakimya.com\/index.php\/wp-json\/wp\/v2\/types\/product"}],"replies":[{"embeddable":true,"href":"http:\/\/ssakimya.com\/index.php\/wp-json\/wp\/v2\/comments?post=5958"}],"wp:featuredmedia":[{"embeddable":true,"href":"http:\/\/ssakimya.com\/index.php\/wp-json\/wp\/v2\/media\/6067"}],"wp:attachment":[{"href":"http:\/\/ssakimya.com\/index.php\/wp-json\/wp\/v2\/media?parent=5958"}],"wp:term":[{"taxonomy":"product_cat","embeddable":true,"href":"http:\/\/ssakimya.com\/index.php\/wp-json\/wp\/v2\/product_cat?post=5958"},{"taxonomy":"product_tag","embeddable":true,"href":"http:\/\/ssakimya.com\/index.php\/wp-json\/wp\/v2\/product_tag?post=5958"}],"curies":[{"name":"wp","href":"https:\/\/api.w.org\/{rel}","templated":true}]}}