{"id":5951,"date":"2021-12-21T16:14:25","date_gmt":"2021-12-21T16:14:25","guid":{"rendered":"http:\/\/ssakimya.com\/?post_type=product&#038;p=5951"},"modified":"2021-12-21T16:14:26","modified_gmt":"2021-12-21T16:14:26","slug":"maxicut-34-450","status":"publish","type":"product","link":"http:\/\/ssakimya.com\/index.php\/product\/maxicut-34-450\/","title":{"rendered":"MaxiCut\u00ae\u00a034-450"},"content":{"rendered":"","protected":false},"excerpt":{"rendered":"<table border=\"0\" width=\"532\" cellspacing=\"0\" cellpadding=\"0\">\n<colgroup>\n<col width=\"212\" \/>\n<col width=\"320\" \/><\/colgroup>\n<tbody>\n<tr>\n<td class=\"xl66\" width=\"212\" height=\"20\">\u00dcr\u00fcn Ad\u0131<\/td>\n<td class=\"xl65\" width=\"320\">MaxiCut\u00ae\u00a034-450<\/td>\n<\/tr>\n<tr>\n<td class=\"xl66\" height=\"20\">Tasar\u0131m<\/td>\n<td class=\"xl65\">Avu\u00e7 kaplamal\u0131 \u00f6rg\u00fcl\u00fc bilek<\/td>\n<\/tr>\n<tr>\n<td class=\"xl66\" height=\"20\">Uzunluk Boyut<\/td>\n<td class=\"xl65\">24 cm<\/td>\n<\/tr>\n<tr>\n<td class=\"xl66\" height=\"20\">Avu\u00e7 Kal\u0131nl\u0131\u011f\u0131<\/td>\n<td class=\"xl65\">1.20 mm<\/td>\n<\/tr>\n<tr>\n<td class=\"xl66\" height=\"20\">Boylar<\/td>\n<td class=\"xl65\">Boy 6 (XS) &#8211; Boy 11 (XXL)<\/td>\n<\/tr>\n<tr>\n<td class=\"xl66\" height=\"20\">Silikon \u0130\u00e7ermez<\/td>\n<td class=\"xl65\">No<\/td>\n<\/tr>\n<tr>\n<td class=\"xl66\" height=\"20\">Touchscreen compatible<\/td>\n<td class=\"xl65\"><\/td>\n<\/tr>\n<tr>\n<td class=\"xl66\" height=\"20\">\u00a0EN 388:2016 + A1:2018<\/td>\n<td class=\"xl65\">4342B<\/td>\n<\/tr>\n<\/tbody>\n<\/table>\n<p><strong>DOK\u00dcMANLAR<\/strong><\/p>\n<p><a href=\"https:\/\/www.atg-glovesolutions.com\/en\/maxicut\/maxicut\/34-450\"><span style=\"color: #ff0000;\">ATG Teknik Dok\u00fcman<\/span><\/a><\/p>\n<p>&nbsp;<\/p>\n","protected":false},"featured_media":6057,"comment_status":"closed","ping_status":"closed","template":"","meta":[],"product_cat":[281,67,298],"product_tag":[],"class_list":["post-5951","product","type-product","status-publish","has-post-thumbnail","hentry","product_cat-atg","product_cat-el-kol-koruyucular","product_cat-maxicut"],"_links":{"self":[{"href":"http:\/\/ssakimya.com\/index.php\/wp-json\/wp\/v2\/product\/5951","targetHints":{"allow":["GET"]}}],"collection":[{"href":"http:\/\/ssakimya.com\/index.php\/wp-json\/wp\/v2\/product"}],"about":[{"href":"http:\/\/ssakimya.com\/index.php\/wp-json\/wp\/v2\/types\/product"}],"replies":[{"embeddable":true,"href":"http:\/\/ssakimya.com\/index.php\/wp-json\/wp\/v2\/comments?post=5951"}],"wp:featuredmedia":[{"embeddable":true,"href":"http:\/\/ssakimya.com\/index.php\/wp-json\/wp\/v2\/media\/6057"}],"wp:attachment":[{"href":"http:\/\/ssakimya.com\/index.php\/wp-json\/wp\/v2\/media?parent=5951"}],"wp:term":[{"taxonomy":"product_cat","embeddable":true,"href":"http:\/\/ssakimya.com\/index.php\/wp-json\/wp\/v2\/product_cat?post=5951"},{"taxonomy":"product_tag","embeddable":true,"href":"http:\/\/ssakimya.com\/index.php\/wp-json\/wp\/v2\/product_tag?post=5951"}],"curies":[{"name":"wp","href":"https:\/\/api.w.org\/{rel}","templated":true}]}}