{"id":7604,"date":"2022-09-19T17:18:35","date_gmt":"2022-09-19T17:18:35","guid":{"rendered":"http:\/\/ssakimya.com\/?page_id=7604"},"modified":"2022-09-29T11:42:01","modified_gmt":"2022-09-29T11:42:01","slug":"promax-serisi-kategoriler","status":"publish","type":"page","link":"http:\/\/ssakimya.com\/index.php\/promax-serisi-kategoriler\/","title":{"rendered":"Promax Serisi"},"content":{"rendered":"<p>[vc_row full_width=&#8221;stretch_row_content&#8221; gap=&#8221;5&#8243; content_placement=&#8221;middle&#8221; css=&#8221;.vc_custom_1663393608785{background-position: center !important;background-repeat: no-repeat !important;background-size: cover !important;}&#8221;][vc_column width=&#8221;2\/6&#8243; css=&#8221;.vc_custom_1663263793389{background-position: center !important;background-repeat: no-repeat !important;background-size: cover !important;}&#8221;][vc_wp_text]<\/p>\n<h1 class=\"block-title\" style=\"padding-left: 80px;\"><span style=\"color: #c51618;\">Promax Serisi<\/span><\/h1>\n<div class=\"block-content\" style=\"padding-left: 40px;\">\n<p style=\"padding-left: 40px;\">Swolx promax seresi ile tan\u0131\u015f\u0131n&#8230;<\/p>\n<\/div>\n<p>[\/vc_wp_text][\/vc_column][vc_column width=&#8221;2\/6&#8243; css=&#8221;.vc_custom_1663392026041{background-position: center !important;background-repeat: no-repeat !important;background-size: contain !important;}&#8221;][vc_single_image image=&#8221;7609&#8243; img_size=&#8221;large&#8221; onclick=&#8221;custom_link&#8221; link=&#8221;http:\/\/ssakimya.com\/index.php\/product-category\/ayak-koruyucular\/swolx\/s3-sw\/page\/4\/&#8221;][\/vc_column][vc_column width=&#8221;2\/6&#8243;][vc_single_image image=&#8221;7608&#8243; img_size=&#8221;large&#8221; onclick=&#8221;custom_link&#8221; link=&#8221;http:\/\/ssakimya.com\/index.php\/product-category\/ayak-koruyucular\/swolx\/s2-sw\/&#8221;][\/vc_column][\/vc_row][vc_row full_width=&#8221;stretch_row_content&#8221; gap=&#8221;5&#8243; content_placement=&#8221;middle&#8221; css=&#8221;.vc_custom_1663393608785{background-position: center !important;background-repeat: no-repeat !important;background-size: cover !important;}&#8221;][vc_column width=&#8221;2\/6&#8243; css=&#8221;.vc_custom_1663263793389{background-position: center !important;background-repeat: no-repeat !important;background-size: cover !important;}&#8221;][\/vc_column][vc_column width=&#8221;2\/6&#8243; css=&#8221;.vc_custom_1663392026041{background-position: center !important;background-repeat: no-repeat !important;background-size: contain !important;}&#8221;][vc_single_image image=&#8221;7606&#8243; img_size=&#8221;large&#8221; onclick=&#8221;custom_link&#8221; link=&#8221;http:\/\/ssakimya.com\/index.php\/product-category\/ayak-koruyucular\/swolx\/s1-s1p-sw\/page\/2\/&#8221;][\/vc_column][vc_column width=&#8221;2\/6&#8243;][\/vc_column][\/vc_row]<\/p>\n","protected":false},"excerpt":{"rendered":"<p>[vc_row full_width=&#8221;stretch_row_content&#8221; gap=&#8221;5&#8243; content_placement=&#8221;middle&#8221; css=&#8221;.vc_custom_1663393608785{background-position: center !important;background-repeat: no-repeat !important;background-size: cover !important;}&#8221;][vc_column width=&#8221;2\/6&#8243; css=&#8221;.vc_custom_1663263793389{background-position: center !important;background-repeat: no-repeat !important;background-size: cover !important;}&#8221;][vc_wp_text] Promax Serisi Swolx promax seresi ile tan\u0131\u015f\u0131n&#8230; [\/vc_wp_text][\/vc_column][vc_column width=&#8221;2\/6&#8243; css=&#8221;.vc_custom_1663392026041{background-position: center !important;background-repeat: no-repeat !important;background-size: contain !important;}&#8221;][vc_single_image image=&#8221;7609&#8243; img_size=&#8221;large&#8221; onclick=&#8221;custom_link&#8221; link=&#8221;http:\/\/ssakimya.com\/index.php\/product-category\/ayak-koruyucular\/swolx\/s3-sw\/page\/4\/&#8221;][\/vc_column][vc_column width=&#8221;2\/6&#8243;][vc_single_image &hellip; <a href=\"http:\/\/ssakimya.com\/index.php\/promax-serisi-kategoriler\/\">Daha Fazlas\u0131<\/a><\/p>\n","protected":false},"author":1,"featured_media":0,"parent":0,"menu_order":0,"comment_status":"closed","ping_status":"closed","template":"","meta":{"footnotes":""},"class_list":["post-7604","page","type-page","status-publish","hentry"],"_links":{"self":[{"href":"http:\/\/ssakimya.com\/index.php\/wp-json\/wp\/v2\/pages\/7604","targetHints":{"allow":["GET"]}}],"collection":[{"href":"http:\/\/ssakimya.com\/index.php\/wp-json\/wp\/v2\/pages"}],"about":[{"href":"http:\/\/ssakimya.com\/index.php\/wp-json\/wp\/v2\/types\/page"}],"author":[{"embeddable":true,"href":"http:\/\/ssakimya.com\/index.php\/wp-json\/wp\/v2\/users\/1"}],"replies":[{"embeddable":true,"href":"http:\/\/ssakimya.com\/index.php\/wp-json\/wp\/v2\/comments?post=7604"}],"version-history":[{"count":5,"href":"http:\/\/ssakimya.com\/index.php\/wp-json\/wp\/v2\/pages\/7604\/revisions"}],"predecessor-version":[{"id":8418,"href":"http:\/\/ssakimya.com\/index.php\/wp-json\/wp\/v2\/pages\/7604\/revisions\/8418"}],"wp:attachment":[{"href":"http:\/\/ssakimya.com\/index.php\/wp-json\/wp\/v2\/media?parent=7604"}],"curies":[{"name":"wp","href":"https:\/\/api.w.org\/{rel}","templated":true}]}}