{"id":7594,"date":"2022-09-19T17:04:33","date_gmt":"2022-09-19T17:04:33","guid":{"rendered":"http:\/\/ssakimya.com\/?page_id=7594"},"modified":"2022-09-19T17:34:25","modified_gmt":"2022-09-19T17:34:25","slug":"swolx-kategori","status":"publish","type":"page","link":"http:\/\/ssakimya.com\/index.php\/swolx-kategori\/","title":{"rendered":"Swolx"},"content":{"rendered":"<p>[vc_row full_width=&#8221;stretch_row_content&#8221; gap=&#8221;5&#8243; content_placement=&#8221;middle&#8221; css=&#8221;.vc_custom_1663393608785{background-position: center !important;background-repeat: no-repeat !important;background-size: cover !important;}&#8221;][vc_column width=&#8221;2\/6&#8243; css=&#8221;.vc_custom_1663263793389{background-position: center !important;background-repeat: no-repeat !important;background-size: cover !important;}&#8221;][vc_wp_text]<\/p>\n<h1 class=\"block-title\" style=\"padding-left: 80px;\">SWOLX<\/h1>\n<div class=\"block-content\" style=\"padding-left: 40px;\">\n<p style=\"font-weight: 400; padding-left: 40px;\">SWOLX i\u015f ayakkab\u0131lar\u0131 olarak biliyoruz ki insanlar hayatlar\u0131nda ve \u00e7al\u0131\u015fma alanlar\u0131nda daha iyi korundu\u011funda, daha kaliteli ekipmanlar ile donat\u0131ld\u0131\u011f\u0131nda ve daha iyiye sahip oldu\u011funda \u00e7ok daha verimli ve ba\u015far\u0131l\u0131d\u0131rlar.<\/p>\n<p style=\"font-weight: 400; padding-left: 40px;\">SWOLX ayakkab\u0131 32 y\u0131ll\u0131k tecr\u00fcbesini14 y\u0131ld\u0131r \u00fcretmekte oldu\u011fu i\u015f g\u00fcvenli\u011fi ayakkab\u0131lar\u0131na da aktarmaktad\u0131r.<\/p>\n<\/div>\n<p>[\/vc_wp_text][\/vc_column][vc_column width=&#8221;1\/6&#8243; css=&#8221;.vc_custom_1663392026041{background-position: center !important;background-repeat: no-repeat !important;background-size: contain !important;}&#8221;][vc_single_image image=&#8221;7597&#8243; img_size=&#8221;full&#8221; alignment=&#8221;center&#8221; onclick=&#8221;custom_link&#8221; link=&#8221;http:\/\/ssakimya.com\/index.php\/extreme-serisi-kategoriler\/&#8221;][\/vc_column][vc_column width=&#8221;1\/6&#8243;][vc_single_image image=&#8221;7598&#8243; img_size=&#8221;full&#8221; alignment=&#8221;center&#8221; onclick=&#8221;custom_link&#8221; link=&#8221;http:\/\/ssakimya.com\/index.php\/promax-serisi-kategoriler\/&#8221;][\/vc_column][vc_column width=&#8221;1\/6&#8243;][\/vc_column][vc_column width=&#8221;1\/6&#8243;][\/vc_column][\/vc_row][vc_row full_width=&#8221;stretch_row_content&#8221; equal_height=&#8221;yes&#8221; content_placement=&#8221;middle&#8221;][vc_column width=&#8221;3\/6&#8243;][vc_single_image image=&#8221;7599&#8243; img_size=&#8221;500&#215;200&#8243; alignment=&#8221;center&#8221;][\/vc_column][vc_column width=&#8221;1\/6&#8243;][vc_single_image image=&#8221;7600&#8243; img_size=&#8221;200&#215;200&#8243; alignment=&#8221;center&#8221;][\/vc_column][vc_column width=&#8221;2\/6&#8243;][\/vc_column][\/vc_row]<\/p>\n","protected":false},"excerpt":{"rendered":"<p>[vc_row full_width=&#8221;stretch_row_content&#8221; gap=&#8221;5&#8243; content_placement=&#8221;middle&#8221; css=&#8221;.vc_custom_1663393608785{background-position: center !important;background-repeat: no-repeat !important;background-size: cover !important;}&#8221;][vc_column width=&#8221;2\/6&#8243; css=&#8221;.vc_custom_1663263793389{background-position: center !important;background-repeat: no-repeat !important;background-size: cover !important;}&#8221;][vc_wp_text] SWOLX SWOLX i\u015f ayakkab\u0131lar\u0131 olarak biliyoruz ki insanlar hayatlar\u0131nda ve \u00e7al\u0131\u015fma alanlar\u0131nda daha iyi korundu\u011funda, daha kaliteli ekipmanlar ile donat\u0131ld\u0131\u011f\u0131nda ve &hellip; <a href=\"http:\/\/ssakimya.com\/index.php\/swolx-kategori\/\">Daha Fazlas\u0131<\/a><\/p>\n","protected":false},"author":1,"featured_media":0,"parent":0,"menu_order":0,"comment_status":"closed","ping_status":"closed","template":"","meta":{"footnotes":""},"class_list":["post-7594","page","type-page","status-publish","hentry"],"_links":{"self":[{"href":"http:\/\/ssakimya.com\/index.php\/wp-json\/wp\/v2\/pages\/7594","targetHints":{"allow":["GET"]}}],"collection":[{"href":"http:\/\/ssakimya.com\/index.php\/wp-json\/wp\/v2\/pages"}],"about":[{"href":"http:\/\/ssakimya.com\/index.php\/wp-json\/wp\/v2\/types\/page"}],"author":[{"embeddable":true,"href":"http:\/\/ssakimya.com\/index.php\/wp-json\/wp\/v2\/users\/1"}],"replies":[{"embeddable":true,"href":"http:\/\/ssakimya.com\/index.php\/wp-json\/wp\/v2\/comments?post=7594"}],"version-history":[{"count":4,"href":"http:\/\/ssakimya.com\/index.php\/wp-json\/wp\/v2\/pages\/7594\/revisions"}],"predecessor-version":[{"id":7617,"href":"http:\/\/ssakimya.com\/index.php\/wp-json\/wp\/v2\/pages\/7594\/revisions\/7617"}],"wp:attachment":[{"href":"http:\/\/ssakimya.com\/index.php\/wp-json\/wp\/v2\/media?parent=7594"}],"curies":[{"name":"wp","href":"https:\/\/api.w.org\/{rel}","templated":true}]}}