{"id":7564,"date":"2022-09-17T15:36:55","date_gmt":"2022-09-17T15:36:55","guid":{"rendered":"http:\/\/ssakimya.com\/?page_id=7564"},"modified":"2022-09-29T11:29:39","modified_gmt":"2022-09-29T11:29:39","slug":"bls-kategori","status":"publish","type":"page","link":"http:\/\/ssakimya.com\/index.php\/bls-kategori\/","title":{"rendered":"BLS"},"content":{"rendered":"<p>[vc_row full_width=&#8221;stretch_row_content&#8221; gap=&#8221;5&#8243; content_placement=&#8221;middle&#8221; css=&#8221;.vc_custom_1663393608785{background-position: center !important;background-repeat: no-repeat !important;background-size: cover !important;}&#8221;][vc_column width=&#8221;2\/6&#8243; css=&#8221;.vc_custom_1663263793389{background-position: center !important;background-repeat: no-repeat !important;background-size: cover !important;}&#8221;][vc_wp_text]<\/p>\n<h1 class=\"block-title\" style=\"padding-left: 80px;\">BLS<\/h1>\n<div class=\"block-content\" style=\"padding-left: 40px;\">\n<p style=\"padding-left: 40px;\">T\u00fcm enerjimizi i\u015fe yat\u0131rarak solunum korumas\u0131nda uzman\u0131z. BLS 1970 y\u0131l\u0131nda \u0130talya&#8217;da do\u011fdu ve \u0130spanya&#8217;da geli\u015fti; bug\u00fcn Avrupa&#8217;n\u0131n en b\u00fcy\u00fck \u00fcreticilerinden birisi ve hedefi uluslararas\u0131 d\u00fczeyde pazar lideri olmak.<\/p>\n<p style=\"padding-left: 40px;\">BLS teknolojisinin kullan\u0131m\u0131 i\u00e7in inovasyona dikkatini payla\u015fan, \u00fcretim ve da\u011f\u0131t\u0131m s\u00fcre\u00e7lerinin dikey entegrasyonunu uygulayan ve mutlak \u015feffafl\u0131\u011fa inanan sekt\u00f6rdeki ortaklarla sinerjileri te\u015fvik eden bir \u015firkettir.<\/p>\n<\/div>\n<p>[\/vc_wp_text][\/vc_column][vc_column width=&#8221;1\/6&#8243; css=&#8221;.vc_custom_1663392026041{background-position: center !important;background-repeat: no-repeat !important;background-size: contain !important;}&#8221;][vc_single_image image=&#8221;7575&#8243; img_size=&#8221;full&#8221; alignment=&#8221;center&#8221; onclick=&#8221;custom_link&#8221; link=&#8221;http:\/\/ssakimya.com\/index.php\/product-category\/kafa-ve-yuz-koruyuculari\/bls\/tek-kullanimlik-maskeler\/&#8221;][\/vc_column][vc_column width=&#8221;1\/6&#8243;][vc_single_image image=&#8221;7574&#8243; img_size=&#8221;full&#8221; alignment=&#8221;center&#8221; onclick=&#8221;custom_link&#8221; link=&#8221;http:\/\/ssakimya.com\/index.php\/product-category\/kafa-ve-yuz-koruyuculari\/bls\/yarim-yuz-maskeler-bls\/&#8221;][\/vc_column][vc_column width=&#8221;1\/6&#8243;][vc_single_image image=&#8221;7573&#8243; img_size=&#8221;full&#8221; onclick=&#8221;custom_link&#8221; link=&#8221;http:\/\/ssakimya.com\/index.php\/product-category\/kafa-ve-yuz-koruyuculari\/bls\/tam-yuz-maskeler-bls\/&#8221;][\/vc_column][vc_column width=&#8221;1\/6&#8243;][\/vc_column][\/vc_row][vc_row full_width=&#8221;stretch_row_content&#8221; equal_height=&#8221;yes&#8221; content_placement=&#8221;middle&#8221;][vc_column width=&#8221;3\/6&#8243;][vc_single_image image=&#8221;7571&#8243; img_size=&#8221;500&#215;200&#8243; alignment=&#8221;center&#8221;][\/vc_column][vc_column width=&#8221;1\/6&#8243;][vc_single_image image=&#8221;7570&#8243; img_size=&#8221;200&#215;200&#8243; alignment=&#8221;center&#8221;][\/vc_column][vc_column width=&#8221;2\/6&#8243;][\/vc_column][\/vc_row]<\/p>\n","protected":false},"excerpt":{"rendered":"<p>[vc_row full_width=&#8221;stretch_row_content&#8221; gap=&#8221;5&#8243; content_placement=&#8221;middle&#8221; css=&#8221;.vc_custom_1663393608785{background-position: center !important;background-repeat: no-repeat !important;background-size: cover !important;}&#8221;][vc_column width=&#8221;2\/6&#8243; css=&#8221;.vc_custom_1663263793389{background-position: center !important;background-repeat: no-repeat !important;background-size: cover !important;}&#8221;][vc_wp_text] BLS T\u00fcm enerjimizi i\u015fe yat\u0131rarak solunum korumas\u0131nda uzman\u0131z. BLS 1970 y\u0131l\u0131nda \u0130talya&#8217;da do\u011fdu ve \u0130spanya&#8217;da geli\u015fti; bug\u00fcn Avrupa&#8217;n\u0131n en b\u00fcy\u00fck \u00fcreticilerinden &hellip; <a href=\"http:\/\/ssakimya.com\/index.php\/bls-kategori\/\">Daha Fazlas\u0131<\/a><\/p>\n","protected":false},"author":1,"featured_media":0,"parent":0,"menu_order":0,"comment_status":"closed","ping_status":"closed","template":"","meta":{"footnotes":""},"class_list":["post-7564","page","type-page","status-publish","hentry"],"_links":{"self":[{"href":"http:\/\/ssakimya.com\/index.php\/wp-json\/wp\/v2\/pages\/7564","targetHints":{"allow":["GET"]}}],"collection":[{"href":"http:\/\/ssakimya.com\/index.php\/wp-json\/wp\/v2\/pages"}],"about":[{"href":"http:\/\/ssakimya.com\/index.php\/wp-json\/wp\/v2\/types\/page"}],"author":[{"embeddable":true,"href":"http:\/\/ssakimya.com\/index.php\/wp-json\/wp\/v2\/users\/1"}],"replies":[{"embeddable":true,"href":"http:\/\/ssakimya.com\/index.php\/wp-json\/wp\/v2\/comments?post=7564"}],"version-history":[{"count":6,"href":"http:\/\/ssakimya.com\/index.php\/wp-json\/wp\/v2\/pages\/7564\/revisions"}],"predecessor-version":[{"id":8417,"href":"http:\/\/ssakimya.com\/index.php\/wp-json\/wp\/v2\/pages\/7564\/revisions\/8417"}],"wp:attachment":[{"href":"http:\/\/ssakimya.com\/index.php\/wp-json\/wp\/v2\/media?parent=7564"}],"curies":[{"name":"wp","href":"https:\/\/api.w.org\/{rel}","templated":true}]}}