{"id":7501,"date":"2022-09-17T12:46:06","date_gmt":"2022-09-17T12:46:06","guid":{"rendered":"http:\/\/ssakimya.com\/?page_id=7501"},"modified":"2022-09-29T12:00:26","modified_gmt":"2022-09-29T12:00:26","slug":"drager-kategori","status":"publish","type":"page","link":"http:\/\/ssakimya.com\/index.php\/drager-kategori\/","title":{"rendered":"Drager"},"content":{"rendered":"<p>[vc_row full_width=&#8221;stretch_row_content&#8221; gap=&#8221;5&#8243; content_placement=&#8221;middle&#8221; css=&#8221;.vc_custom_1663393608785{background-position: center !important;background-repeat: no-repeat !important;background-size: cover !important;}&#8221;][vc_column width=&#8221;2\/6&#8243; css=&#8221;.vc_custom_1663263793389{background-position: center !important;background-repeat: no-repeat !important;background-size: cover !important;}&#8221;][vc_wp_text]<\/p>\n<h1 class=\"block-title\" style=\"padding-left: 80px;\">Drager<\/h1>\n<div class=\"block-content\" style=\"padding-left: 40px;\">\n<section class=\"ng-star-inserted\" data-dte-section=\"content\">\n<div class=\"container\">\n<div class=\"large ng-star-inserted\">\n<p style=\"padding-left: 40px;\">Dr\u00e4ger, t\u0131p ve g\u00fcvenlik teknolojisi alanlar\u0131nda uluslararas\u0131 bir liderdir.<\/p>\n<p style=\"padding-left: 40px;\">1889&#8217;dan bu yana Dr\u00e4ger \u00fcr\u00fcnleri insanlar\u0131n hayat\u0131n\u0131 korur, destekler ve kurtar\u0131r.<\/p>\n<\/div>\n<\/div>\n<\/section>\n<\/div>\n<p>[\/vc_wp_text][\/vc_column][vc_column width=&#8221;1\/6&#8243; css=&#8221;.vc_custom_1663392026041{background-position: center !important;background-repeat: no-repeat !important;background-size: contain !important;}&#8221;][vc_single_image image=&#8221;7513&#8243; img_size=&#8221;full&#8221; alignment=&#8221;center&#8221; onclick=&#8221;custom_link&#8221; link=&#8221;http:\/\/ssakimya.com\/index.php\/product-category\/kafa-ve-yuz-koruyuculari\/drager\/kullan-at-maskeler\/&#8221;][\/vc_column][vc_column width=&#8221;1\/6&#8243;][vc_single_image image=&#8221;7511&#8243; img_size=&#8221;full&#8221; alignment=&#8221;center&#8221; onclick=&#8221;custom_link&#8221; link=&#8221;http:\/\/ssakimya.com\/index.php\/product-category\/kafa-ve-yuz-koruyuculari\/drager\/yarim-yuz-maskeler\/&#8221;][\/vc_column][vc_column width=&#8221;1\/6&#8243;][vc_single_image image=&#8221;7510&#8243; img_size=&#8221;full&#8221; onclick=&#8221;custom_link&#8221; link=&#8221;http:\/\/ssakimya.com\/index.php\/product-category\/kafa-ve-yuz-koruyuculari\/drager\/tam-yuz-maskeler\/&#8221;][\/vc_column][vc_column width=&#8221;1\/6&#8243;][vc_single_image image=&#8221;7508&#8243; img_size=&#8221;full&#8221; onclick=&#8221;custom_link&#8221; link=&#8221;http:\/\/ssakimya.com\/index.php\/product-category\/kafa-ve-yuz-koruyuculari\/drager\/motorlu-solunum-koruma-sistemleri\/&#8221;][\/vc_column][\/vc_row][vc_row full_width=&#8221;stretch_row_content&#8221; equal_height=&#8221;yes&#8221; content_placement=&#8221;middle&#8221;][vc_column width=&#8221;3\/6&#8243;][vc_single_image image=&#8221;7515&#8243; img_size=&#8221;500&#215;200&#8243; alignment=&#8221;center&#8221;][\/vc_column][vc_column width=&#8221;1\/6&#8243;][vc_single_image image=&#8221;7516&#8243; img_size=&#8221;200&#215;200&#8243; alignment=&#8221;center&#8221;][\/vc_column][vc_column width=&#8221;2\/6&#8243;][\/vc_column][\/vc_row]<\/p>\n","protected":false},"excerpt":{"rendered":"<p>[vc_row full_width=&#8221;stretch_row_content&#8221; gap=&#8221;5&#8243; content_placement=&#8221;middle&#8221; css=&#8221;.vc_custom_1663393608785{background-position: center !important;background-repeat: no-repeat !important;background-size: cover !important;}&#8221;][vc_column width=&#8221;2\/6&#8243; css=&#8221;.vc_custom_1663263793389{background-position: center !important;background-repeat: no-repeat !important;background-size: cover !important;}&#8221;][vc_wp_text] Drager Dr\u00e4ger, t\u0131p ve g\u00fcvenlik teknolojisi alanlar\u0131nda uluslararas\u0131 bir liderdir. 1889&#8217;dan bu yana Dr\u00e4ger \u00fcr\u00fcnleri insanlar\u0131n hayat\u0131n\u0131 korur, destekler ve kurtar\u0131r. &hellip; <a href=\"http:\/\/ssakimya.com\/index.php\/drager-kategori\/\">Daha Fazlas\u0131<\/a><\/p>\n","protected":false},"author":1,"featured_media":0,"parent":0,"menu_order":0,"comment_status":"closed","ping_status":"closed","template":"","meta":{"footnotes":""},"class_list":["post-7501","page","type-page","status-publish","hentry"],"_links":{"self":[{"href":"http:\/\/ssakimya.com\/index.php\/wp-json\/wp\/v2\/pages\/7501","targetHints":{"allow":["GET"]}}],"collection":[{"href":"http:\/\/ssakimya.com\/index.php\/wp-json\/wp\/v2\/pages"}],"about":[{"href":"http:\/\/ssakimya.com\/index.php\/wp-json\/wp\/v2\/types\/page"}],"author":[{"embeddable":true,"href":"http:\/\/ssakimya.com\/index.php\/wp-json\/wp\/v2\/users\/1"}],"replies":[{"embeddable":true,"href":"http:\/\/ssakimya.com\/index.php\/wp-json\/wp\/v2\/comments?post=7501"}],"version-history":[{"count":6,"href":"http:\/\/ssakimya.com\/index.php\/wp-json\/wp\/v2\/pages\/7501\/revisions"}],"predecessor-version":[{"id":8422,"href":"http:\/\/ssakimya.com\/index.php\/wp-json\/wp\/v2\/pages\/7501\/revisions\/8422"}],"wp:attachment":[{"href":"http:\/\/ssakimya.com\/index.php\/wp-json\/wp\/v2\/media?parent=7501"}],"curies":[{"name":"wp","href":"https:\/\/api.w.org\/{rel}","templated":true}]}}