{"id":7454,"date":"2022-09-17T11:40:45","date_gmt":"2022-09-17T11:40:45","guid":{"rendered":"http:\/\/ssakimya.com\/?page_id=7454"},"modified":"2023-06-22T10:20:10","modified_gmt":"2023-06-22T10:20:10","slug":"dupont-tyvek-kategori","status":"publish","type":"page","link":"http:\/\/ssakimya.com\/index.php\/dupont-tyvek-kategori\/","title":{"rendered":"DuPont\u2122 Tyvek\u00ae"},"content":{"rendered":"<p>[vc_row full_width=&#8221;stretch_row_content&#8221; gap=&#8221;5&#8243; content_placement=&#8221;middle&#8221; css=&#8221;.vc_custom_1663393608785{background-position: center !important;background-repeat: no-repeat !important;background-size: cover !important;}&#8221;][vc_column width=&#8221;2\/6&#8243; css=&#8221;.vc_custom_1663263793389{background-position: center !important;background-repeat: no-repeat !important;background-size: cover !important;}&#8221;][vc_wp_text]<\/p>\n<h1 class=\"block-title\" style=\"padding-left: 80px;\"><span style=\"color: #c51618;\">DuPont\u2122 Tyvek\u00ae<\/span><\/h1>\n<div class=\"block-content\" style=\"padding-left: 40px;\">\n<p style=\"padding-left: 40px;\">DuPont\u2122 Tyvek\u00ae kuma\u015flar\u0131 ile, \u00e7al\u0131\u015fan\u0131 ortamdaki kimyasal risklerden ve radyasyon risklerinden korumak i\u00e7in teknolojinin en geli\u015fmi\u015f tulumlar\u0131n\u0131 \u00fcretir. Tyvek\u00ae kuma\u015f\u0131 hafif ve dayan\u0131kl\u0131 yap\u0131s\u0131yla hem kimyasallara kar\u015f\u0131 koruma sa\u011flarken, hem de rahatl\u0131\u011f\u0131n\u0131z\u0131 \u00fcst seviyeye ta\u015f\u0131r. Tyvek\u00ae kuma\u015f a\u015fa\u011f\u0131daki \u00f6zelliklerle yapt\u0131\u011f\u0131 tulumlarda sekt\u00f6r\u00fcn en kaliteli koruyucu tulumlar\u0131 \u00fcretir:<br \/>\n* Su ge\u00e7irmez,<br \/>\n* Nefes alabilme \u00f6zelli\u011fi,<br \/>\n* Bariyer korumas\u0131,<br \/>\n* \u00c7ekme mukavemeti,<br \/>\n* Geri d\u00f6n\u00fc\u015ft\u00fcr\u00fclebilir,<br \/>\n* Bask\u0131ya dayan\u0131kl\u0131l\u0131k.<\/p>\n<\/div>\n<p>[\/vc_wp_text][\/vc_column][vc_column width=&#8221;2\/6&#8243; css=&#8221;.vc_custom_1663392026041{background-position: center !important;background-repeat: no-repeat !important;background-size: contain !important;}&#8221;][vc_single_image image=&#8221;7459&#8243; img_size=&#8221;large&#8221; onclick=&#8221;custom_link&#8221; link=&#8221;http:\/\/ssakimya.com\/index.php\/product-category\/vucut-koruyucular\/dupont\/tip-3-tip-4-tip-5-tip-6\/&#8221;][\/vc_column][vc_column width=&#8221;2\/6&#8243;][vc_single_image image=&#8221;7462&#8243; img_size=&#8221;large&#8221; onclick=&#8221;custom_link&#8221; link=&#8221;http:\/\/ssakimya.com\/index.php\/product-category\/vucut-koruyucular\/dupont\/tip-5-tip-6\/&#8221;][\/vc_column][\/vc_row][vc_row full_width=&#8221;stretch_row_content&#8221; gap=&#8221;5&#8243; content_placement=&#8221;middle&#8221; css=&#8221;.vc_custom_1663393608785{background-position: center !important;background-repeat: no-repeat !important;background-size: cover !important;}&#8221;][vc_column width=&#8221;2\/6&#8243; css=&#8221;.vc_custom_1663263793389{background-position: center !important;background-repeat: no-repeat !important;background-size: cover !important;}&#8221;][\/vc_column][vc_column width=&#8221;2\/6&#8243; css=&#8221;.vc_custom_1663392026041{background-position: center !important;background-repeat: no-repeat !important;background-size: contain !important;}&#8221;][vc_single_image image=&#8221;7461&#8243; img_size=&#8221;large&#8221; onclick=&#8221;custom_link&#8221; link=&#8221;http:\/\/ssakimya.com\/index.php\/product-category\/vucut-koruyucular\/dupont\/aksesuarlar\/&#8221;][\/vc_column][vc_column width=&#8221;2\/6&#8243;][vc_single_image image=&#8221;8749&#8243; img_size=&#8221;large&#8221; onclick=&#8221;custom_link&#8221; link=&#8221;http:\/\/ssakimya.com\/?s=Tyvek+IsoClean&amp;id=6840&amp;post_type=product&#8221;][\/vc_column][\/vc_row]<\/p>\n","protected":false},"excerpt":{"rendered":"<p>[vc_row full_width=&#8221;stretch_row_content&#8221; gap=&#8221;5&#8243; content_placement=&#8221;middle&#8221; css=&#8221;.vc_custom_1663393608785{background-position: center !important;background-repeat: no-repeat !important;background-size: cover !important;}&#8221;][vc_column width=&#8221;2\/6&#8243; css=&#8221;.vc_custom_1663263793389{background-position: center !important;background-repeat: no-repeat !important;background-size: cover !important;}&#8221;][vc_wp_text] DuPont\u2122 Tyvek\u00ae DuPont\u2122 Tyvek\u00ae kuma\u015flar\u0131 ile, \u00e7al\u0131\u015fan\u0131 ortamdaki kimyasal risklerden ve radyasyon risklerinden korumak i\u00e7in teknolojinin en geli\u015fmi\u015f tulumlar\u0131n\u0131 \u00fcretir. Tyvek\u00ae &hellip; <a href=\"http:\/\/ssakimya.com\/index.php\/dupont-tyvek-kategori\/\">Daha Fazlas\u0131<\/a><\/p>\n","protected":false},"author":1,"featured_media":0,"parent":0,"menu_order":0,"comment_status":"closed","ping_status":"closed","template":"","meta":{"footnotes":""},"class_list":["post-7454","page","type-page","status-publish","hentry"],"_links":{"self":[{"href":"http:\/\/ssakimya.com\/index.php\/wp-json\/wp\/v2\/pages\/7454","targetHints":{"allow":["GET"]}}],"collection":[{"href":"http:\/\/ssakimya.com\/index.php\/wp-json\/wp\/v2\/pages"}],"about":[{"href":"http:\/\/ssakimya.com\/index.php\/wp-json\/wp\/v2\/types\/page"}],"author":[{"embeddable":true,"href":"http:\/\/ssakimya.com\/index.php\/wp-json\/wp\/v2\/users\/1"}],"replies":[{"embeddable":true,"href":"http:\/\/ssakimya.com\/index.php\/wp-json\/wp\/v2\/comments?post=7454"}],"version-history":[{"count":13,"href":"http:\/\/ssakimya.com\/index.php\/wp-json\/wp\/v2\/pages\/7454\/revisions"}],"predecessor-version":[{"id":8754,"href":"http:\/\/ssakimya.com\/index.php\/wp-json\/wp\/v2\/pages\/7454\/revisions\/8754"}],"wp:attachment":[{"href":"http:\/\/ssakimya.com\/index.php\/wp-json\/wp\/v2\/media?parent=7454"}],"curies":[{"name":"wp","href":"https:\/\/api.w.org\/{rel}","templated":true}]}}