{"id":7431,"date":"2022-09-17T10:25:23","date_gmt":"2022-09-17T10:25:23","guid":{"rendered":"http:\/\/ssakimya.com\/?page_id=7431"},"modified":"2022-09-17T10:29:33","modified_gmt":"2022-09-17T10:29:33","slug":"termal-koruma-eldivenleri","status":"publish","type":"page","link":"http:\/\/ssakimya.com\/index.php\/termal-koruma-eldivenleri\/","title":{"rendered":"Termal Koruma Eldivenleri"},"content":{"rendered":"<p>[vc_row full_width=&#8221;stretch_row_content&#8221; gap=&#8221;5&#8243; content_placement=&#8221;middle&#8221; css=&#8221;.vc_custom_1663393608785{background-position: center !important;background-repeat: no-repeat !important;background-size: cover !important;}&#8221;][vc_column width=&#8221;2\/6&#8243; css=&#8221;.vc_custom_1663263793389{background-position: center !important;background-repeat: no-repeat !important;background-size: cover !important;}&#8221;][vc_wp_text]<\/p>\n<h1 class=\"block-title\" style=\"padding-left: 80px;\"><span style=\"color: #c51618;\">Termal Koruma Eldivenleri<\/span><\/h1>\n<div class=\"block-content\" style=\"padding-left: 40px;\">\n<p style=\"padding-left: 40px;\">\u00c7al\u0131\u015ft\u0131\u011f\u0131n\u0131z ortamlarda maruz kald\u0131\u011f\u0131n\u0131z \u0131s\u0131 tehlikelerine kar\u015f\u0131 sizleri g\u00fcvende tutar.<\/p>\n<\/div>\n<p>[\/vc_wp_text][\/vc_column][vc_column width=&#8221;2\/6&#8243; css=&#8221;.vc_custom_1663392026041{background-position: center !important;background-repeat: no-repeat !important;background-size: contain !important;}&#8221;][vc_single_image image=&#8221;7435&#8243; img_size=&#8221;large&#8221;][\/vc_column][vc_column width=&#8221;2\/6&#8243;][vc_single_image image=&#8221;7433&#8243; img_size=&#8221;large&#8221;][\/vc_column][\/vc_row]<\/p>\n","protected":false},"excerpt":{"rendered":"<p>[vc_row full_width=&#8221;stretch_row_content&#8221; gap=&#8221;5&#8243; content_placement=&#8221;middle&#8221; css=&#8221;.vc_custom_1663393608785{background-position: center !important;background-repeat: no-repeat !important;background-size: cover !important;}&#8221;][vc_column width=&#8221;2\/6&#8243; css=&#8221;.vc_custom_1663263793389{background-position: center !important;background-repeat: no-repeat !important;background-size: cover !important;}&#8221;][vc_wp_text] Termal Koruma Eldivenleri \u00c7al\u0131\u015ft\u0131\u011f\u0131n\u0131z ortamlarda maruz kald\u0131\u011f\u0131n\u0131z \u0131s\u0131 tehlikelerine kar\u015f\u0131 sizleri g\u00fcvende tutar. [\/vc_wp_text][\/vc_column][vc_column width=&#8221;2\/6&#8243; css=&#8221;.vc_custom_1663392026041{background-position: center !important;background-repeat: no-repeat !important;background-size: contain &hellip; <a href=\"http:\/\/ssakimya.com\/index.php\/termal-koruma-eldivenleri\/\">Daha Fazlas\u0131<\/a><\/p>\n","protected":false},"author":1,"featured_media":0,"parent":0,"menu_order":0,"comment_status":"closed","ping_status":"closed","template":"","meta":{"footnotes":""},"class_list":["post-7431","page","type-page","status-publish","hentry"],"_links":{"self":[{"href":"http:\/\/ssakimya.com\/index.php\/wp-json\/wp\/v2\/pages\/7431","targetHints":{"allow":["GET"]}}],"collection":[{"href":"http:\/\/ssakimya.com\/index.php\/wp-json\/wp\/v2\/pages"}],"about":[{"href":"http:\/\/ssakimya.com\/index.php\/wp-json\/wp\/v2\/types\/page"}],"author":[{"embeddable":true,"href":"http:\/\/ssakimya.com\/index.php\/wp-json\/wp\/v2\/users\/1"}],"replies":[{"embeddable":true,"href":"http:\/\/ssakimya.com\/index.php\/wp-json\/wp\/v2\/comments?post=7431"}],"version-history":[{"count":3,"href":"http:\/\/ssakimya.com\/index.php\/wp-json\/wp\/v2\/pages\/7431\/revisions"}],"predecessor-version":[{"id":7436,"href":"http:\/\/ssakimya.com\/index.php\/wp-json\/wp\/v2\/pages\/7431\/revisions\/7436"}],"wp:attachment":[{"href":"http:\/\/ssakimya.com\/index.php\/wp-json\/wp\/v2\/media?parent=7431"}],"curies":[{"name":"wp","href":"https:\/\/api.w.org\/{rel}","templated":true}]}}