{"id":7425,"date":"2022-09-17T10:15:16","date_gmt":"2022-09-17T10:15:16","guid":{"rendered":"http:\/\/ssakimya.com\/?page_id=7425"},"modified":"2022-09-17T10:21:00","modified_gmt":"2022-09-17T10:21:00","slug":"kesik-koruma-eldivenleri","status":"publish","type":"page","link":"http:\/\/ssakimya.com\/index.php\/kesik-koruma-eldivenleri\/","title":{"rendered":"Kesik Koruma Eldivenleri"},"content":{"rendered":"<p>[vc_row full_width=&#8221;stretch_row_content&#8221; gap=&#8221;5&#8243; content_placement=&#8221;middle&#8221; css=&#8221;.vc_custom_1663393608785{background-position: center !important;background-repeat: no-repeat !important;background-size: cover !important;}&#8221;][vc_column width=&#8221;2\/6&#8243; css=&#8221;.vc_custom_1663263793389{background-position: center !important;background-repeat: no-repeat !important;background-size: cover !important;}&#8221;][vc_wp_text]<\/p>\n<h1 class=\"block-title\" style=\"padding-left: 80px;\"><span style=\"color: #c51618;\">Kesik Koruma Eldivenleri<\/span><\/h1>\n<div class=\"block-content\" style=\"padding-left: 40px;\">\n<p style=\"padding-left: 40px;\">Kesmeye ve kesici ortamlara kar\u015f\u0131 el ve kol g\u00fcvenli\u011finizi en \u00fcst seviyeye \u00e7\u0131karan MAPA \u00f6zel tasar\u0131mlar\u0131yla komforunuzu da \u00fcst seviyede sa\u011flar.<\/p>\n<p style=\"padding-left: 40px;\">Hem a\u011f\u0131r ortamlarda kullan\u0131labilen hem de hassas i\u015fleriniz i\u00e7in maksimum korumay\u0131 sa\u011flayan KryTech serileri sizi t\u00fcm ortamlarda kesiklere kar\u015f\u0131 ekstra korumaya ta\u015f\u0131rken i\u015f kabiliyetinizi de art\u0131r\u0131r.<\/p>\n<\/div>\n<p>[\/vc_wp_text][\/vc_column][vc_column width=&#8221;2\/6&#8243; css=&#8221;.vc_custom_1663392026041{background-position: center !important;background-repeat: no-repeat !important;background-size: contain !important;}&#8221;][vc_single_image image=&#8221;7428&#8243; img_size=&#8221;large&#8221;][\/vc_column][vc_column width=&#8221;2\/6&#8243;][vc_single_image image=&#8221;7427&#8243; img_size=&#8221;large&#8221;][\/vc_column][\/vc_row]<\/p>\n","protected":false},"excerpt":{"rendered":"<p>[vc_row full_width=&#8221;stretch_row_content&#8221; gap=&#8221;5&#8243; content_placement=&#8221;middle&#8221; css=&#8221;.vc_custom_1663393608785{background-position: center !important;background-repeat: no-repeat !important;background-size: cover !important;}&#8221;][vc_column width=&#8221;2\/6&#8243; css=&#8221;.vc_custom_1663263793389{background-position: center !important;background-repeat: no-repeat !important;background-size: cover !important;}&#8221;][vc_wp_text] Kesik Koruma Eldivenleri Kesmeye ve kesici ortamlara kar\u015f\u0131 el ve kol g\u00fcvenli\u011finizi en \u00fcst seviyeye \u00e7\u0131karan MAPA \u00f6zel tasar\u0131mlar\u0131yla komforunuzu da &hellip; <a href=\"http:\/\/ssakimya.com\/index.php\/kesik-koruma-eldivenleri\/\">Daha Fazlas\u0131<\/a><\/p>\n","protected":false},"author":1,"featured_media":0,"parent":0,"menu_order":0,"comment_status":"closed","ping_status":"closed","template":"","meta":{"footnotes":""},"class_list":["post-7425","page","type-page","status-publish","hentry"],"_links":{"self":[{"href":"http:\/\/ssakimya.com\/index.php\/wp-json\/wp\/v2\/pages\/7425","targetHints":{"allow":["GET"]}}],"collection":[{"href":"http:\/\/ssakimya.com\/index.php\/wp-json\/wp\/v2\/pages"}],"about":[{"href":"http:\/\/ssakimya.com\/index.php\/wp-json\/wp\/v2\/types\/page"}],"author":[{"embeddable":true,"href":"http:\/\/ssakimya.com\/index.php\/wp-json\/wp\/v2\/users\/1"}],"replies":[{"embeddable":true,"href":"http:\/\/ssakimya.com\/index.php\/wp-json\/wp\/v2\/comments?post=7425"}],"version-history":[{"count":3,"href":"http:\/\/ssakimya.com\/index.php\/wp-json\/wp\/v2\/pages\/7425\/revisions"}],"predecessor-version":[{"id":7430,"href":"http:\/\/ssakimya.com\/index.php\/wp-json\/wp\/v2\/pages\/7425\/revisions\/7430"}],"wp:attachment":[{"href":"http:\/\/ssakimya.com\/index.php\/wp-json\/wp\/v2\/media?parent=7425"}],"curies":[{"name":"wp","href":"https:\/\/api.w.org\/{rel}","templated":true}]}}