{"id":7418,"date":"2022-09-17T10:02:33","date_gmt":"2022-09-17T10:02:33","guid":{"rendered":"http:\/\/ssakimya.com\/?page_id=7418"},"modified":"2022-09-17T10:14:37","modified_gmt":"2022-09-17T10:14:37","slug":"genel-kullanim","status":"publish","type":"page","link":"http:\/\/ssakimya.com\/index.php\/genel-kullanim\/","title":{"rendered":"Genel Kullan\u0131m"},"content":{"rendered":"<p>[vc_row full_width=&#8221;stretch_row_content&#8221; gap=&#8221;5&#8243; content_placement=&#8221;middle&#8221; css=&#8221;.vc_custom_1663393608785{background-position: center !important;background-repeat: no-repeat !important;background-size: cover !important;}&#8221;][vc_column width=&#8221;2\/6&#8243; css=&#8221;.vc_custom_1663263793389{background-position: center !important;background-repeat: no-repeat !important;background-size: cover !important;}&#8221;][vc_wp_text]<\/p>\n<h1 class=\"block-title\" style=\"padding-left: 80px;\"><span style=\"color: #c51618;\">Genel Kullan\u0131m<\/span><\/h1>\n<div class=\"block-content\" style=\"padding-left: 40px;\">\n<p style=\"padding-left: 40px;\">Sanayi ve \u00fcretimin her alan\u0131nda \u00e7e\u015fitli ko\u015fullar alt\u0131nda \u00e7al\u0131\u015fanlar\u0131n sa\u011fl\u0131\u011f\u0131n\u0131 korumak ve s\u00fcre\u00e7lerin sorunsuz devam\u0131 i\u00e7in MAPA e\u015fsiz \u00e7\u00f6z\u00fcmleriyle yan\u0131n\u0131zda.<\/p>\n<p style=\"padding-left: 40px;\">Hassas i\u015flerde en y\u00fcksek performans\u0131 veren Ultrane serisi ve a\u011f\u0131r i\u015flerinizi kolayla\u015ft\u0131ran Titan serileriyle el ve kol g\u00fcvenli\u011finiz MAPA g\u00fcvencesinde<\/p>\n<\/div>\n<p>[\/vc_wp_text][\/vc_column][vc_column width=&#8221;2\/6&#8243; css=&#8221;.vc_custom_1663392026041{background-position: center !important;background-repeat: no-repeat !important;background-size: contain !important;}&#8221;][vc_single_image image=&#8221;7421&#8243; img_size=&#8221;large&#8221;][\/vc_column][vc_column width=&#8221;2\/6&#8243;][vc_single_image image=&#8221;7420&#8243; img_size=&#8221;large&#8221;][\/vc_column][\/vc_row]<\/p>\n","protected":false},"excerpt":{"rendered":"<p>[vc_row full_width=&#8221;stretch_row_content&#8221; gap=&#8221;5&#8243; content_placement=&#8221;middle&#8221; css=&#8221;.vc_custom_1663393608785{background-position: center !important;background-repeat: no-repeat !important;background-size: cover !important;}&#8221;][vc_column width=&#8221;2\/6&#8243; css=&#8221;.vc_custom_1663263793389{background-position: center !important;background-repeat: no-repeat !important;background-size: cover !important;}&#8221;][vc_wp_text] Genel Kullan\u0131m Sanayi ve \u00fcretimin her alan\u0131nda \u00e7e\u015fitli ko\u015fullar alt\u0131nda \u00e7al\u0131\u015fanlar\u0131n sa\u011fl\u0131\u011f\u0131n\u0131 korumak ve s\u00fcre\u00e7lerin sorunsuz devam\u0131 i\u00e7in MAPA e\u015fsiz \u00e7\u00f6z\u00fcmleriyle &hellip; <a href=\"http:\/\/ssakimya.com\/index.php\/genel-kullanim\/\">Daha Fazlas\u0131<\/a><\/p>\n","protected":false},"author":1,"featured_media":0,"parent":0,"menu_order":0,"comment_status":"closed","ping_status":"closed","template":"","meta":{"footnotes":""},"class_list":["post-7418","page","type-page","status-publish","hentry"],"_links":{"self":[{"href":"http:\/\/ssakimya.com\/index.php\/wp-json\/wp\/v2\/pages\/7418","targetHints":{"allow":["GET"]}}],"collection":[{"href":"http:\/\/ssakimya.com\/index.php\/wp-json\/wp\/v2\/pages"}],"about":[{"href":"http:\/\/ssakimya.com\/index.php\/wp-json\/wp\/v2\/types\/page"}],"author":[{"embeddable":true,"href":"http:\/\/ssakimya.com\/index.php\/wp-json\/wp\/v2\/users\/1"}],"replies":[{"embeddable":true,"href":"http:\/\/ssakimya.com\/index.php\/wp-json\/wp\/v2\/comments?post=7418"}],"version-history":[{"count":4,"href":"http:\/\/ssakimya.com\/index.php\/wp-json\/wp\/v2\/pages\/7418\/revisions"}],"predecessor-version":[{"id":7424,"href":"http:\/\/ssakimya.com\/index.php\/wp-json\/wp\/v2\/pages\/7418\/revisions\/7424"}],"wp:attachment":[{"href":"http:\/\/ssakimya.com\/index.php\/wp-json\/wp\/v2\/media?parent=7418"}],"curies":[{"name":"wp","href":"https:\/\/api.w.org\/{rel}","templated":true}]}}